{"id":4091,"date":"2025-11-15T20:53:39","date_gmt":"2025-11-15T19:53:39","guid":{"rendered":"https:\/\/www.cpplus.si\/izdelek\/pulsar-cp-pr-100uzamykatelna-skrinka-na-zed-pro-male-dvr-nvr-rekordery-cerna\/"},"modified":"2026-02-20T12:25:42","modified_gmt":"2026-02-20T11:25:42","slug":"pulsar-cp-pr-100-uzamykatelna-skrinka-na-zed-pro-male-dvr-nvr-rekordery-cerna","status":"publish","type":"product","link":"https:\/\/www.cpplus.si\/de\/izdelek\/pulsar-cp-pr-100-uzamykatelna-skrinka-na-zed-pro-male-dvr-nvr-rekordery-cerna\/","title":{"rendered":"Pulsar CP-PR-100 Zapiralna stenska omarica za majhne DVR \/ NVR snemalnike (\u010drna)"},"content":{"rendered":"<p>Zaklenjena stenska omarica za majhne DVR\/NVR ali druge naprave * Zunanje mere omarice 435 x 500 x 135 mm * Dimenzije prostora za snemalnik 375 x 95 x 335 mm * Te\u017ea 8.20 kg * Za\u0161\u010dita pred vdorom: 2 x vlomno stikalo &#8211; odprite omarico in jo lo\u010dite od stene * Navpi\u010dna namestitev snemalnika * Mo\u017enost dodajanja ventilatorja ARAW45 * Zasnova omarice je prilagojena zahtevam za varstvo podatkov (GDPR), da so informacije za\u0161\u010ditene in varno shranjene * Material \u017eelezo, debeline 1,0 mm, protikorozijska obdelava, barva \u010drna. *<\/p>\n<table class=\"product-specs\" style=\"border-collapse: collapse; width: 100%; margin-top: 10px;\">\n<tbody>\n<tr>\n<th style=\"text-align: left; padding: 6px; border: 1px solid #ddd;\">Neto te\u017ea EXPORT KG<\/th>\n<td style=\"padding: 6px; border: 1px solid #ddd;\">8.200<\/td>\n<\/tr>\n<tr>\n<th style=\"text-align: left; padding: 6px; border: 1px solid #ddd;\">Producent<\/th>\n<td style=\"padding: 6px; border: 1px solid #ddd;\">Pulsar<\/td>\n<\/tr>\n<tr>\n<th style=\"text-align: left; padding: 6px; border: 1px solid #ddd;\"><\/th>\n<td style=\"padding: 6px; border: 1px solid #ddd;\"><\/td>\n<\/tr>\n<tr>\n<th style=\"text-align: left; padding: 6px; border: 1px solid #ddd;\"><\/th>\n<td style=\"padding: 6px; border: 1px solid #ddd;\"><\/td>\n<\/tr>\n<tr>\n<th style=\"text-align: left; padding: 6px; border: 1px solid #ddd;\"><\/th>\n<td style=\"padding: 6px; border: 1px solid #ddd;\"><\/td>\n<\/tr>\n<tr>\n<th style=\"text-align: left; padding: 6px; border: 1px solid #ddd;\"><\/th>\n<td style=\"padding: 6px; border: 1px solid #ddd;\"><\/td>\n<\/tr>\n<tr>\n<th style=\"text-align: left; padding: 6px; border: 1px solid #ddd;\"><\/th>\n<td style=\"padding: 6px; border: 1px solid #ddd;\"><\/td>\n<\/tr>\n<tr>\n<th style=\"text-align: left; padding: 6px; border: 1px solid #ddd;\"><\/th>\n<td style=\"padding: 6px; border: 1px solid #ddd;\"><\/td>\n<\/tr>\n<tr>\n<th style=\"text-align: left; padding: 6px; border: 1px solid #ddd;\"><\/th>\n<td style=\"padding: 6px; border: 1px solid #ddd;\"><\/td>\n<\/tr>\n<tr>\n<th style=\"text-align: left; padding: 6px; border: 1px solid #ddd;\"><\/th>\n<td style=\"padding: 6px; border: 1px solid #ddd;\"><\/td>\n<\/tr>\n<tr>\n<th style=\"text-align: left; padding: 6px; border: 1px solid #ddd;\"><\/th>\n<td style=\"padding: 6px; border: 1px solid #ddd;\"><\/td>\n<\/tr>\n<tr>\n<th style=\"text-align: left; padding: 6px; border: 1px solid #ddd;\"><\/th>\n<td style=\"padding: 6px; border: 1px solid #ddd;\"><\/td>\n<\/tr>\n<tr>\n<th style=\"text-align: left; padding: 6px; border: 1px solid #ddd;\"><\/th>\n<td style=\"padding: 6px; border: 1px solid #ddd;\"><\/td>\n<\/tr>\n<tr>\n<th style=\"text-align: left; padding: 6px; border: 1px solid #ddd;\"><\/th>\n<td style=\"padding: 6px; border: 1px solid #ddd;\"><\/td>\n<\/tr>\n<tr>\n<th style=\"text-align: left; padding: 6px; border: 1px solid #ddd;\"><\/th>\n<td style=\"padding: 6px; border: 1px solid #ddd;\"><\/td>\n<\/tr>\n<tr>\n<th style=\"text-align: left; padding: 6px; border: 1px solid #ddd;\"><\/th>\n<td style=\"padding: 6px; border: 1px solid #ddd;\"><\/td>\n<\/tr>\n<tr>\n<th style=\"text-align: left; padding: 6px; border: 1px solid #ddd;\"><\/th>\n<td style=\"padding: 6px; border: 1px solid #ddd;\"><\/td>\n<\/tr>\n<tr>\n<th style=\"text-align: left; padding: 6px; border: 1px solid #ddd;\"><\/th>\n<td style=\"padding: 6px; border: 1px solid #ddd;\"><\/td>\n<\/tr>\n<tr>\n<th style=\"text-align: left; padding: 6px; border: 1px solid #ddd;\"><\/th>\n<td style=\"padding: 6px; border: 1px solid #ddd;\"><\/td>\n<\/tr>\n<tr>\n<th style=\"text-align: left; padding: 6px; border: 1px solid #ddd;\"><\/th>\n<td style=\"padding: 6px; border: 1px solid #ddd;\"><\/td>\n<\/tr>\n<tr>\n<th style=\"text-align: left; padding: 6px; border: 1px solid #ddd;\"><\/th>\n<td style=\"padding: 6px; border: 1px solid #ddd;\"><\/td>\n<\/tr>\n<\/tbody>\n<\/table>\n","protected":false},"excerpt":{"rendered":"<p>Zaklenjena stenska omarica za majhne DVR\/NVR ali druge naprave * Zunanje mere omarice 435 x 500 x 135 mm * [&hellip;]<\/p>\n","protected":false},"featured_media":4092,"template":"","meta":{"site-sidebar-layout":"default","site-content-layout":"","ast-site-content-layout":"","site-content-style":"default","site-sidebar-style":"default","ast-global-header-display":"","ast-banner-title-visibility":"","ast-main-header-display":"","ast-hfb-above-header-display":"","ast-hfb-below-header-display":"","ast-hfb-mobile-header-display":"","site-post-title":"","ast-breadcrumbs-content":"","ast-featured-img":"","footer-sml-layout":"","theme-transparent-header-meta":"","adv-header-id-meta":"","stick-header-meta":"","header-above-stick-meta":"","header-main-stick-meta":"","header-below-stick-meta":"","astra-migrate-meta-layouts":"default","ast-page-background-enabled":"default","ast-page-background-meta":{"desktop":{"background-color":"var(--ast-global-color-5)","background-image":"","background-repeat":"repeat","background-position":"center center","background-size":"auto","background-attachment":"scroll","background-type":"","background-media":"","overlay-type":"","overlay-color":"","overlay-opacity":"","overlay-gradient":""},"tablet":{"background-color":"","background-image":"","background-repeat":"repeat","background-position":"center center","background-size":"auto","background-attachment":"scroll","background-type":"","background-media":"","overlay-type":"","overlay-color":"","overlay-opacity":"","overlay-gradient":""},"mobile":{"background-color":"","background-image":"","background-repeat":"repeat","background-position":"center center","background-size":"auto","background-attachment":"scroll","background-type":"","background-media":"","overlay-type":"","overlay-color":"","overlay-opacity":"","overlay-gradient":""}},"ast-content-background-meta":{"desktop":{"background-color":"var(--ast-global-color-4)","background-image":"","background-repeat":"repeat","background-position":"center center","background-size":"auto","background-attachment":"scroll","background-type":"","background-media":"","overlay-type":"","overlay-color":"","overlay-opacity":"","overlay-gradient":""},"tablet":{"background-color":"var(--ast-global-color-4)","background-image":"","background-repeat":"repeat","background-position":"center center","background-size":"auto","background-attachment":"scroll","background-type":"","background-media":"","overlay-type":"","overlay-color":"","overlay-opacity":"","overlay-gradient":""},"mobile":{"background-color":"var(--ast-global-color-4)","background-image":"","background-repeat":"repeat","background-position":"center center","background-size":"auto","background-attachment":"scroll","background-type":"","background-media":"","overlay-type":"","overlay-color":"","overlay-opacity":"","overlay-gradient":""}}},"product_brand":[414],"product_cat":[391,415,416],"product_tag":[],"class_list":{"0":"post-4091","1":"product","2":"type-product","3":"status-publish","4":"has-post-thumbnail","6":"product_brand-pulsar","7":"product_cat-prislusenstvi","8":"product_cat-racky-a-skrinky","9":"product_cat-pulsar","10":"desktop-align-left","11":"tablet-align-left","12":"mobile-align-left","14":"first","15":"instock","16":"taxable","17":"shipping-taxable","18":"purchasable","19":"product-type-simple"},"translation":{"provider":"WPGlobus","version":"3.0.1","language":"de","enabled_languages":["en","es","de","fr","ru"],"languages":{"en":{"title":true,"content":true,"excerpt":false},"es":{"title":false,"content":false,"excerpt":false},"de":{"title":false,"content":false,"excerpt":false},"fr":{"title":false,"content":false,"excerpt":false},"ru":{"title":false,"content":false,"excerpt":false}}},"_links":{"self":[{"href":"https:\/\/www.cpplus.si\/de\/wp-json\/wp\/v2\/product\/4091","targetHints":{"allow":["GET"]}}],"collection":[{"href":"https:\/\/www.cpplus.si\/de\/wp-json\/wp\/v2\/product"}],"about":[{"href":"https:\/\/www.cpplus.si\/de\/wp-json\/wp\/v2\/types\/product"}],"wp:featuredmedia":[{"embeddable":true,"href":"https:\/\/www.cpplus.si\/de\/wp-json\/wp\/v2\/media\/4092"}],"wp:attachment":[{"href":"https:\/\/www.cpplus.si\/de\/wp-json\/wp\/v2\/media?parent=4091"}],"wp:term":[{"taxonomy":"product_brand","embeddable":true,"href":"https:\/\/www.cpplus.si\/de\/wp-json\/wp\/v2\/product_brand?post=4091"},{"taxonomy":"product_cat","embeddable":true,"href":"https:\/\/www.cpplus.si\/de\/wp-json\/wp\/v2\/product_cat?post=4091"},{"taxonomy":"product_tag","embeddable":true,"href":"https:\/\/www.cpplus.si\/de\/wp-json\/wp\/v2\/product_tag?post=4091"}],"curies":[{"name":"wp","href":"https:\/\/api.w.org\/{rel}","templated":true}]}}