{"id":4287,"date":"2025-11-15T20:55:11","date_gmt":"2025-11-15T19:55:11","guid":{"rendered":"https:\/\/www.cpplus.si\/izdelek\/aipa-cp-pr-128velmi-kvalitni-hdmi-2-0-high-speed-kabel-s-ethernetem-3-metry\/"},"modified":"2026-02-20T12:26:48","modified_gmt":"2026-02-20T11:26:48","slug":"aipa-cp-pr-128-velmi-kvalitni-hdmi-2-0-high-speed-kabel-s-ethernetem-3-metry","status":"publish","type":"product","link":"https:\/\/www.cpplus.si\/de\/izdelek\/aipa-cp-pr-128-velmi-kvalitni-hdmi-2-0-high-speed-kabel-s-ethernetem-3-metry\/","title":{"rendered":"Aipa CP-PR-128 Visokokakovostni visokohitrostni kabel HDMI 2.0 z ethernetom &#8211; 3 m"},"content":{"rendered":"<p>Visokokakovostni hitri ethernetni kabel HDMI 2.0 &#8211; 3 metre * 24K pozla\u010deni konektorji * bakreni vodniki AWG30 * dol\u017eina 3 metre * lo\u010dljivost do 4K*2K\/60 Hz * najve\u010dji prenos do 18,1 Gb\/s * 32 zvo\u010dnih kanalov * frekvenca vzor\u010denja 1532 Khz * podpira protokol 2.0 in ni\u017eje * prilo\u017een je ethernetni kabel za internetni prenos 10\/100 Mb\/s prek HDMI * format PVC * 19 \u017eil + dvojni zaslon * za\u0161\u010dita kon\u010dnega pokrova v aluminijastem pla\u0161\u010du * pakirano v maloprodajni \u0161katli * te\u017ea 195 g*<\/p>\n<table class=\"product-specs\" style=\"border-collapse: collapse; width: 100 %; margin-top: 10px;\">\n<tbody>\n<tr>\n<th style=\"text-align: left; padding: 6px; border: 1px solid #ddd;\">Neto te\u017ea EXPORT KG<\/th>\n<td style=\"padding: 6px; border: 1px solid #ddd;\">0.195<\/td>\n<\/tr>\n<tr>\n<th style=\"text-align: left; padding: 6px; border: 1px solid #ddd;\">Producent<\/th>\n<td style=\"padding: 6px; border: 1px solid #ddd;\">Aipa<\/td>\n<\/tr>\n<tr>\n<th style=\"text-align: left; padding: 6px; border: 1px solid #ddd;\"><\/th>\n<td style=\"padding: 6px; border: 1px solid #ddd;\"><\/td>\n<\/tr>\n<tr>\n<th style=\"text-align: left; padding: 6px; border: 1px solid #ddd;\"><\/th>\n<td style=\"padding: 6px; border: 1px solid #ddd;\"><\/td>\n<\/tr>\n<tr>\n<th style=\"text-align: left; padding: 6px; border: 1px solid #ddd;\"><\/th>\n<td style=\"padding: 6px; border: 1px solid #ddd;\"><\/td>\n<\/tr>\n<tr>\n<th style=\"text-align: left; padding: 6px; border: 1px solid #ddd;\"><\/th>\n<td style=\"padding: 6px; border: 1px solid #ddd;\"><\/td>\n<\/tr>\n<tr>\n<th style=\"text-align: left; padding: 6px; border: 1px solid #ddd;\"><\/th>\n<td style=\"padding: 6px; border: 1px solid #ddd;\"><\/td>\n<\/tr>\n<tr>\n<th style=\"text-align: left; padding: 6px; border: 1px solid #ddd;\"><\/th>\n<td style=\"padding: 6px; border: 1px solid #ddd;\"><\/td>\n<\/tr>\n<tr>\n<th style=\"text-align: left; padding: 6px; border: 1px solid #ddd;\"><\/th>\n<td style=\"padding: 6px; border: 1px solid #ddd;\"><\/td>\n<\/tr>\n<tr>\n<th style=\"text-align: left; padding: 6px; border: 1px solid #ddd;\"><\/th>\n<td style=\"padding: 6px; border: 1px solid #ddd;\"><\/td>\n<\/tr>\n<tr>\n<th style=\"text-align: left; padding: 6px; border: 1px solid #ddd;\"><\/th>\n<td style=\"padding: 6px; border: 1px solid #ddd;\"><\/td>\n<\/tr>\n<tr>\n<th style=\"text-align: left; padding: 6px; border: 1px solid #ddd;\"><\/th>\n<td style=\"padding: 6px; border: 1px solid #ddd;\"><\/td>\n<\/tr>\n<tr>\n<th style=\"text-align: left; padding: 6px; border: 1px solid #ddd;\"><\/th>\n<td style=\"padding: 6px; border: 1px solid #ddd;\"><\/td>\n<\/tr>\n<tr>\n<th style=\"text-align: left; padding: 6px; border: 1px solid #ddd;\"><\/th>\n<td style=\"padding: 6px; border: 1px solid #ddd;\"><\/td>\n<\/tr>\n<tr>\n<th style=\"text-align: left; padding: 6px; border: 1px solid #ddd;\"><\/th>\n<td style=\"padding: 6px; border: 1px solid #ddd;\"><\/td>\n<\/tr>\n<tr>\n<th style=\"text-align: left; padding: 6px; border: 1px solid #ddd;\"><\/th>\n<td style=\"padding: 6px; border: 1px solid #ddd;\"><\/td>\n<\/tr>\n<tr>\n<th style=\"text-align: left; padding: 6px; border: 1px solid #ddd;\"><\/th>\n<td style=\"padding: 6px; border: 1px solid #ddd;\"><\/td>\n<\/tr>\n<tr>\n<th style=\"text-align: left; padding: 6px; border: 1px solid #ddd;\"><\/th>\n<td style=\"padding: 6px; border: 1px solid #ddd;\"><\/td>\n<\/tr>\n<tr>\n<th style=\"text-align: left; padding: 6px; border: 1px solid #ddd;\"><\/th>\n<td style=\"padding: 6px; border: 1px solid #ddd;\"><\/td>\n<\/tr>\n<tr>\n<th style=\"text-align: left; padding: 6px; border: 1px solid #ddd;\"><\/th>\n<td style=\"padding: 6px; border: 1px solid #ddd;\"><\/td>\n<\/tr>\n<tr>\n<th style=\"text-align: left; padding: 6px; border: 1px solid #ddd;\"><\/th>\n<td style=\"padding: 6px; border: 1px solid #ddd;\"><\/td>\n<\/tr>\n<\/tbody>\n<\/table>\n","protected":false},"excerpt":{"rendered":"<p>Visokokakovostni hitri ethernetni kabel HDMI 2.0 &#8211; 3 metre * 24K pozla\u010deni konektorji * bakreni vodniki AWG30 * dol\u017eina 3 [&hellip;]<\/p>\n","protected":false},"featured_media":4288,"template":"","meta":{"site-sidebar-layout":"default","site-content-layout":"","ast-site-content-layout":"","site-content-style":"default","site-sidebar-style":"default","ast-global-header-display":"","ast-banner-title-visibility":"","ast-main-header-display":"","ast-hfb-above-header-display":"","ast-hfb-below-header-display":"","ast-hfb-mobile-header-display":"","site-post-title":"","ast-breadcrumbs-content":"","ast-featured-img":"","footer-sml-layout":"","theme-transparent-header-meta":"","adv-header-id-meta":"","stick-header-meta":"","header-above-stick-meta":"","header-main-stick-meta":"","header-below-stick-meta":"","astra-migrate-meta-layouts":"default","ast-page-background-enabled":"default","ast-page-background-meta":{"desktop":{"background-color":"var(--ast-global-color-5)","background-image":"","background-repeat":"repeat","background-position":"center center","background-size":"auto","background-attachment":"scroll","background-type":"","background-media":"","overlay-type":"","overlay-color":"","overlay-opacity":"","overlay-gradient":""},"tablet":{"background-color":"","background-image":"","background-repeat":"repeat","background-position":"center center","background-size":"auto","background-attachment":"scroll","background-type":"","background-media":"","overlay-type":"","overlay-color":"","overlay-opacity":"","overlay-gradient":""},"mobile":{"background-color":"","background-image":"","background-repeat":"repeat","background-position":"center center","background-size":"auto","background-attachment":"scroll","background-type":"","background-media":"","overlay-type":"","overlay-color":"","overlay-opacity":"","overlay-gradient":""}},"ast-content-background-meta":{"desktop":{"background-color":"var(--ast-global-color-4)","background-image":"","background-repeat":"repeat","background-position":"center center","background-size":"auto","background-attachment":"scroll","background-type":"","background-media":"","overlay-type":"","overlay-color":"","overlay-opacity":"","overlay-gradient":""},"tablet":{"background-color":"var(--ast-global-color-4)","background-image":"","background-repeat":"repeat","background-position":"center center","background-size":"auto","background-attachment":"scroll","background-type":"","background-media":"","overlay-type":"","overlay-color":"","overlay-opacity":"","overlay-gradient":""},"mobile":{"background-color":"var(--ast-global-color-4)","background-image":"","background-repeat":"repeat","background-position":"center center","background-size":"auto","background-attachment":"scroll","background-type":"","background-media":"","overlay-type":"","overlay-color":"","overlay-opacity":"","overlay-gradient":""}}},"product_brand":[390],"product_cat":[391,393],"product_tag":[],"class_list":{"0":"post-4287","1":"product","2":"type-product","3":"status-publish","4":"has-post-thumbnail","6":"product_brand-aipa","7":"product_cat-prislusenstvi","8":"product_cat-propojovaci-kabely","9":"desktop-align-left","10":"tablet-align-left","11":"mobile-align-left","13":"first","14":"instock","15":"taxable","16":"shipping-taxable","17":"purchasable","18":"product-type-simple"},"translation":{"provider":"WPGlobus","version":"3.0.1","language":"de","enabled_languages":["en","es","de","fr","ru"],"languages":{"en":{"title":true,"content":true,"excerpt":false},"es":{"title":false,"content":false,"excerpt":false},"de":{"title":false,"content":false,"excerpt":false},"fr":{"title":false,"content":false,"excerpt":false},"ru":{"title":false,"content":false,"excerpt":false}}},"_links":{"self":[{"href":"https:\/\/www.cpplus.si\/de\/wp-json\/wp\/v2\/product\/4287","targetHints":{"allow":["GET"]}}],"collection":[{"href":"https:\/\/www.cpplus.si\/de\/wp-json\/wp\/v2\/product"}],"about":[{"href":"https:\/\/www.cpplus.si\/de\/wp-json\/wp\/v2\/types\/product"}],"wp:featuredmedia":[{"embeddable":true,"href":"https:\/\/www.cpplus.si\/de\/wp-json\/wp\/v2\/media\/4288"}],"wp:attachment":[{"href":"https:\/\/www.cpplus.si\/de\/wp-json\/wp\/v2\/media?parent=4287"}],"wp:term":[{"taxonomy":"product_brand","embeddable":true,"href":"https:\/\/www.cpplus.si\/de\/wp-json\/wp\/v2\/product_brand?post=4287"},{"taxonomy":"product_cat","embeddable":true,"href":"https:\/\/www.cpplus.si\/de\/wp-json\/wp\/v2\/product_cat?post=4287"},{"taxonomy":"product_tag","embeddable":true,"href":"https:\/\/www.cpplus.si\/de\/wp-json\/wp\/v2\/product_tag?post=4287"}],"curies":[{"name":"wp","href":"https:\/\/api.w.org\/{rel}","templated":true}]}}