{"id":4741,"date":"2025-11-15T20:58:16","date_gmt":"2025-11-15T19:58:16","guid":{"rendered":"https:\/\/www.cpplus.si\/izdelek\/cp-plus-cp-unr-4k5082-v2sitovy-videorekorder-4k-s-podporou-ai-funkci-smd-a-pos\/"},"modified":"2026-02-20T12:29:06","modified_gmt":"2026-02-20T11:29:06","slug":"cp-plus-cp-unr-4k5082-v2-sitovy-videorekorder-4k-s-podporou-ai-funkci-smd-a-pos","status":"publish","type":"product","link":"https:\/\/www.cpplus.si\/de\/izdelek\/cp-plus-cp-unr-4k5082-v2-sitovy-videorekorder-4k-s-podporou-ai-funkci-smd-a-pos\/","title":{"rendered":"CP PLUS CP-UNR-4K5082-V2 Mre\u017eni videorekorder 4K s podporo AI, SMD in POS"},"content":{"rendered":"<p>Omre\u017eni videorekorder 4K s funkcijami umetne inteligence, podporo SMD in POS * Za upravljanje do 8 kamer IP * Stiskanje H.265 \/ H.264+ \/ H.264 \/ MJPEG * Dva tokova * Vhodna bitna hitrost do 320 Mb\/s. \/ Izhodna bitna hitrost do 160 Mb\/s.  * Predogled in predvajanje kamer do 12 Mpix. (Najve\u010dje predvajanje npr. 4 kanalov s po 8 Mpix. @ 25 sli\u010dic na sekundo, najve\u010d 16 kanalov 1080p @ 25 sli\u010dic na sekundo) * Lo\u010dljivost monitorja do 8 Mpix. (HDMI) * Zdru\u017eljiv z glavnimi znamkami kamer IP * Izhod HDMI\/VGA * ONVIF 2.4 * Napredna analiza in zaznavanje dogodkov na podlagi funkcij v povezani kameri &#8211; prepoznavanje oseb ali vozil (SMD), pre\u010dkanje \u010drt, vstopanje\/izstopanje iz obmo\u010dja, izginjanje\/izstopanje objekta na obmo\u010dju, zaznavanje obrazov (vklju\u010dno z atributi), \u0161tetje ljudi, zemljevid temperature, zaznavanje zvoka, za\u0161\u010dita obmo\u010dja, sprememba prizora in drugo glede na kamero * dvosmerni zvok, 1 x zvo\u010dni vhod in 1 x zvo\u010dni izhod RCA, zvo\u010dne datoteke je mogo\u010de shranjevati in pretakati * dvojedrni procesor * 2 x trdi disk SATA, max. 10 TB na trdi disk * podpora funkcijam POS * podpora kameram ribje oko (dewarping) * 2 x USB, 1 x RS 232, 1 x RS 485 * vgrajen spletni stre\u017enik * mobilna aplikacija CMOB * programska oprema CMS KVMS PRO \/ KVMS PRO Lite * mere 375 x 282 x 56 mm * 4 x alarmni vhod in 2 x alarmni izhod (1 x brez potenciala in 1 x preklopna napetost) * napajanje 12 V \/ 4 A DC (napajalnik je vklju\u010den) * ventilator z uravnavanjem temperature * masa 1700 g (brez HDD) * podpora brskalnikom IE, Edge, Chrome, Firefox *<\/p>\n<table class=\"product-specs\" style=\"border-collapse: collapse; width: 100%; margin-top: 10px;\">\n<tbody>\n<tr>\n<th style=\"text-align: left; padding: 6px; border: 1px solid #ddd;\">Odkaz<\/th>\n<td style=\"padding: 6px; border: 1px solid #ddd;\">1x vrata RJ-45 (10\/100\/1000 Mb\/s), 1x USB 2.0, 1x USB 3.0, 1x RS 232, 1x RS 485<\/td>\n<\/tr>\n<tr>\n<th style=\"text-align: left; padding: 6px; border: 1px solid #ddd;\">Power<\/th>\n<td style=\"padding: 6px; border: 1px solid #ddd;\">Uporablja se s prilo\u017eenim napajalnikom AC 230 V &#8211; DC 12 V \/ 4,0 A<\/td>\n<\/tr>\n<tr>\n<th style=\"text-align: left; padding: 6px; border: 1px solid #ddd;\">Zdravstvena temperatura<\/th>\n<td style=\"padding: 6px; border: 1px solid #ddd;\">10 \u00b0C do +55 \u00b0C<\/td>\n<\/tr>\n<tr>\n<th style=\"text-align: left; padding: 6px; border: 1px solid #ddd;\">Neto te\u017ea EXPORT KG<\/th>\n<td style=\"padding: 6px; border: 1px solid #ddd;\">1.700<\/td>\n<\/tr>\n<tr>\n<th style=\"text-align: left; padding: 6px; border: 1px solid #ddd;\">Producent<\/th>\n<td style=\"padding: 6px; border: 1px solid #ddd;\">CP PLUS<\/td>\n<\/tr>\n<tr>\n<th style=\"text-align: left; padding: 6px; border: 1px solid #ddd;\">Razpoznavanje oseb in vozil (SMD)<\/th>\n<td style=\"padding: 6px; border: 1px solid #ddd;\">Asi<\/td>\n<\/tr>\n<tr>\n<th style=\"text-align: left; padding: 6px; border: 1px solid #ddd;\">Odgovor na dogodek<\/th>\n<td style=\"padding: 6px; border: 1px solid #ddd;\">Po\u0161iljanje, fotografija, ogled, e-po\u0161ta, FTP, zvok, PTZ, obvestilo monitorja, alarm<\/td>\n<\/tr>\n<tr>\n<th style=\"text-align: left; padding: 6px; border: 1px solid #ddd;\">Alarm<\/th>\n<td style=\"padding: 6px; border: 1px solid #ddd;\">4x vhod, 2x izhod<\/td>\n<\/tr>\n<tr>\n<th style=\"text-align: left; padding: 6px; border: 1px solid #ddd;\">Audio<\/th>\n<td style=\"padding: 6px; border: 1px solid #ddd;\">1x vhod, 1x izhod, priklju\u010dki RCA (dvosmerni zvok)<\/td>\n<\/tr>\n<tr>\n<th style=\"text-align: left; padding: 6px; border: 1px solid #ddd;\">zaznavanje gibanja<\/th>\n<td style=\"padding: 6px; border: 1px solid #ddd;\">396 obmo\u010dij (22&#215;18)<\/td>\n<\/tr>\n<tr>\n<th style=\"text-align: left; padding: 6px; border: 1px solid #ddd;\">Funkcija predvajanja<\/th>\n<td style=\"padding: 6px; border: 1px solid #ddd;\">Predvajanje, premor, ustavitev, previjanje nazaj, hitro predvajanje, po\u010dasno predvajanje, ponavljanje, pametno predvajanje itd.<\/td>\n<\/tr>\n<tr>\n<th style=\"text-align: left; padding: 6px; border: 1px solid #ddd;\">Intervalsko snemanje<\/th>\n<td style=\"padding: 6px; border: 1px solid #ddd;\">1 &#8211; 120 min (tovarni\u0161ka nastavitev 60 min)<\/td>\n<\/tr>\n<tr>\n<th style=\"text-align: left; padding: 6px; border: 1px solid #ddd;\">Video kompresija<\/th>\n<td style=\"padding: 6px; border: 1px solid #ddd;\">H.265 \/ H.264+ \/ H.264 \/ MJPEG (stranski tok)<\/td>\n<\/tr>\n<tr>\n<th style=\"text-align: left; padding: 6px; border: 1px solid #ddd;\">Menu<\/th>\n<td style=\"padding: 6px; border: 1px solid #ddd;\">Grafi\u010dni vmesnik<\/td>\n<\/tr>\n<tr>\n<th style=\"text-align: left; padding: 6px; border: 1px solid #ddd;\">Mo\u017enosti iskanja<\/th>\n<td style=\"padding: 6px; border: 1px solid #ddd;\">datum in \u010das, dogodek (zaznavanje gibanja), natan\u010dno iskanje, alarm, obraz, vozilo<\/td>\n<\/tr>\n<tr>\n<th style=\"text-align: left; padding: 6px; border: 1px solid #ddd;\">\u0160tevilo upravljanih kamer<\/th>\n<td style=\"padding: 6px; border: 1px solid #ddd;\">Maksimalno 8 kamer IP<\/td>\n<\/tr>\n<tr>\n<th style=\"text-align: left; padding: 6px; border: 1px solid #ddd;\">Napredno zaznavanje dogodkov<\/th>\n<td style=\"padding: 6px; border: 1px solid #ddd;\">Funkcije IVS glede na priklju\u010deno kamero &#8211; temperaturni alarm, zaznavanje zvoka, sprememba scene, manipulacija videoposnetka, PIR, pametni na\u010drt, zaznavanje obraza, zaznavanje telesa in obraza, prepoznavanje obrazov, pre\u010dkanje \u010drt, vdor, stereo analiza, video metapodatki, porazdelitev mno\u017eice&#8230;<\/td>\n<\/tr>\n<tr>\n<th style=\"text-align: left; padding: 6px; border: 1px solid #ddd;\">Odkrivanje slik<\/th>\n<td style=\"padding: 6px; border: 1px solid #ddd;\">1\/4\/8\/9 (predvajanje 1\/4\/9)<\/td>\n<\/tr>\n<tr>\n<th style=\"text-align: left; padding: 6px; border: 1px solid #ddd;\">Razlo\u010dljivost monitorja<\/th>\n<td style=\"padding: 6px; border: 1px solid #ddd;\">3840 x 2160, 1920 x 1080, 1280 x 1024, 1280 x 720, 1024 x 768<\/td>\n<\/tr>\n<tr>\n<th style=\"text-align: left; padding: 6px; border: 1px solid #ddd;\">Potro\u0161ni\u0161ki izdelki<\/th>\n<td style=\"padding: 6px; border: 1px solid #ddd;\">Maksimalna mo\u010d 9,5 W (brez trdega diska)<\/td>\n<\/tr>\n<tr>\n<th style=\"text-align: left; padding: 6px; border: 1px solid #ddd;\">Uporabni\u0161ki ra\u010duni<\/th>\n<td style=\"padding: 6px; border: 1px solid #ddd;\">Maksimalno 128 uporabnikov<\/td>\n<\/tr>\n<\/tbody>\n<\/table>\n","protected":false},"excerpt":{"rendered":"<p>Omre\u017eni videorekorder 4K s funkcijami umetne inteligence, podporo SMD in POS * Za upravljanje do 8 kamer IP * Stiskanje [&hellip;]<\/p>\n","protected":false},"featured_media":4742,"template":"","meta":{"site-sidebar-layout":"default","site-content-layout":"","ast-site-content-layout":"","site-content-style":"default","site-sidebar-style":"default","ast-global-header-display":"","ast-banner-title-visibility":"","ast-main-header-display":"","ast-hfb-above-header-display":"","ast-hfb-below-header-display":"","ast-hfb-mobile-header-display":"","site-post-title":"","ast-breadcrumbs-content":"","ast-featured-img":"","footer-sml-layout":"","theme-transparent-header-meta":"","adv-header-id-meta":"","stick-header-meta":"","header-above-stick-meta":"","header-main-stick-meta":"","header-below-stick-meta":"","astra-migrate-meta-layouts":"default","ast-page-background-enabled":"default","ast-page-background-meta":{"desktop":{"background-color":"var(--ast-global-color-5)","background-image":"","background-repeat":"repeat","background-position":"center center","background-size":"auto","background-attachment":"scroll","background-type":"","background-media":"","overlay-type":"","overlay-color":"","overlay-opacity":"","overlay-gradient":""},"tablet":{"background-color":"","background-image":"","background-repeat":"repeat","background-position":"center center","background-size":"auto","background-attachment":"scroll","background-type":"","background-media":"","overlay-type":"","overlay-color":"","overlay-opacity":"","overlay-gradient":""},"mobile":{"background-color":"","background-image":"","background-repeat":"repeat","background-position":"center center","background-size":"auto","background-attachment":"scroll","background-type":"","background-media":"","overlay-type":"","overlay-color":"","overlay-opacity":"","overlay-gradient":""}},"ast-content-background-meta":{"desktop":{"background-color":"var(--ast-global-color-4)","background-image":"","background-repeat":"repeat","background-position":"center center","background-size":"auto","background-attachment":"scroll","background-type":"","background-media":"","overlay-type":"","overlay-color":"","overlay-opacity":"","overlay-gradient":""},"tablet":{"background-color":"var(--ast-global-color-4)","background-image":"","background-repeat":"repeat","background-position":"center center","background-size":"auto","background-attachment":"scroll","background-type":"","background-media":"","overlay-type":"","overlay-color":"","overlay-opacity":"","overlay-gradient":""},"mobile":{"background-color":"var(--ast-global-color-4)","background-image":"","background-repeat":"repeat","background-position":"center center","background-size":"auto","background-attachment":"scroll","background-type":"","background-media":"","overlay-type":"","overlay-color":"","overlay-opacity":"","overlay-gradient":""}}},"product_brand":[383],"product_cat":[434,437],"product_tag":[],"class_list":{"0":"post-4741","1":"product","2":"type-product","3":"status-publish","4":"has-post-thumbnail","6":"product_brand-cp-plus","7":"product_cat-ip-sitove-videorekordery-nvr","8":"product_cat-8-kanalu","9":"desktop-align-left","10":"tablet-align-left","11":"mobile-align-left","13":"first","14":"instock","15":"taxable","16":"shipping-taxable","17":"purchasable","18":"product-type-simple"},"translation":{"provider":"WPGlobus","version":"3.0.1","language":"de","enabled_languages":["en","es","de","fr","ru"],"languages":{"en":{"title":true,"content":true,"excerpt":false},"es":{"title":false,"content":false,"excerpt":false},"de":{"title":false,"content":false,"excerpt":false},"fr":{"title":false,"content":false,"excerpt":false},"ru":{"title":false,"content":false,"excerpt":false}}},"_links":{"self":[{"href":"https:\/\/www.cpplus.si\/de\/wp-json\/wp\/v2\/product\/4741","targetHints":{"allow":["GET"]}}],"collection":[{"href":"https:\/\/www.cpplus.si\/de\/wp-json\/wp\/v2\/product"}],"about":[{"href":"https:\/\/www.cpplus.si\/de\/wp-json\/wp\/v2\/types\/product"}],"wp:featuredmedia":[{"embeddable":true,"href":"https:\/\/www.cpplus.si\/de\/wp-json\/wp\/v2\/media\/4742"}],"wp:attachment":[{"href":"https:\/\/www.cpplus.si\/de\/wp-json\/wp\/v2\/media?parent=4741"}],"wp:term":[{"taxonomy":"product_brand","embeddable":true,"href":"https:\/\/www.cpplus.si\/de\/wp-json\/wp\/v2\/product_brand?post=4741"},{"taxonomy":"product_cat","embeddable":true,"href":"https:\/\/www.cpplus.si\/de\/wp-json\/wp\/v2\/product_cat?post=4741"},{"taxonomy":"product_tag","embeddable":true,"href":"https:\/\/www.cpplus.si\/de\/wp-json\/wp\/v2\/product_tag?post=4741"}],"curies":[{"name":"wp","href":"https:\/\/api.w.org\/{rel}","templated":true}]}}