{"id":5184,"date":"2025-11-15T21:00:21","date_gmt":"2025-11-15T20:00:21","guid":{"rendered":"https:\/\/www.cpplus.si\/izdelek\/cp-uvc-vb24fl3-b2-4-mpix-venkovni-dome-kamera-4v1-s-ir-prisvitem-starlight-a-wdr\/"},"modified":"2026-02-20T12:58:12","modified_gmt":"2026-02-20T11:58:12","slug":"cp-uvc-vb24fl3-b-2-4-mpix-venkovni-dome-kamera-4v1-s-ir-prisvitem-starlight-a-wdr","status":"publish","type":"product","link":"https:\/\/www.cpplus.si\/de\/izdelek\/cp-uvc-vb24fl3-b-2-4-mpix-venkovni-dome-kamera-4v1-s-ir-prisvitem-starlight-a-wdr\/","title":{"rendered":"CP-UVC-VB24FL3-B 2,4 Mpix 4 v 1 zunanja kupolasta kamera z IR, zvezdno svetlobo in WDR"},"content":{"rendered":"<p>* 2,4 Mpix 4 v 1 zunanja kupolasta kamera z IR osvetlitvijo, zvezdno svetlobo in WDR * 1\/2,8-pal\u010dni senzor CMOS z 2,4 Mpix * Najve\u010dja lo\u010dljivost 2,4 Mpix v HDCVI\/AHD\/HDTVI in 960H v analognem na\u010dinu * Ob\u010dutljivost 0,005 luksa v barvah in 0 luksov v \u010drno-beli tehniki (vklju\u010dno z IR) @ F1,3 * Varifokalni objektiv 2,7-13.5 mm * Pametni IR, doseg do 30 metrov * WDR (120 dB) * ICR (dan\/no\u010d), AGC, AWB, BLC, HLC, 2DNR\/3DNR * Vidni kot H: * Dimenzije 122 x 122 x 98 mm * Te\u017ea 310 g * Video izhod CVI + AHD + TVI + analogni (tovarni\u0161ki izhod je v HDCVI, za preklop morate uporabiti meni HDCVI DVR ali gonilnik CP-PR-66, kamera nima gonilnika na kablu ali stikala po meri) * IP67 in IK10 * Barva bela * Material plastika * Napajanje 12 V DC (+\/- 25%) * Triosna monta\u017ea * Poraba energije najve\u010d 5,4 W (vklju\u010den IR) *<\/p>\n<table class=\"product-specs\" style=\"border-collapse: collapse; width: 100%; margin-top: 10px;\">\n<tbody>\n<tr>\n<th style=\"text-align: left; padding: 6px; border: 1px solid #ddd;\">Mo\u010d<\/th>\n<td style=\"padding: 6px; border: 1px solid #ddd;\">DC 12 V (\u00b125 %)<\/td>\n<\/tr>\n<tr>\n<th style=\"text-align: left; padding: 6px; border: 1px solid #ddd;\">Delovna temperatura<\/th>\n<td style=\"padding: 6px; border: 1px solid #ddd;\">-40 \u00b0C do 60 \u00b0C<\/td>\n<\/tr>\n<tr>\n<th style=\"text-align: left; padding: 6px; border: 1px solid #ddd;\">Mere<\/th>\n<td style=\"padding: 6px; border: 1px solid #ddd;\">122 x 122 x 98 mm<\/td>\n<\/tr>\n<tr>\n<th style=\"text-align: left; padding: 6px; border: 1px solid #ddd;\">Vlaga<\/th>\n<td style=\"padding: 6px; border: 1px solid #ddd;\">310 g<\/td>\n<\/tr>\n<tr>\n<th style=\"text-align: left; padding: 6px; border: 1px solid #ddd;\">\u010cista te\u017ea EXPORT KG<\/th>\n<td style=\"padding: 6px; border: 1px solid #ddd;\">0,470<\/td>\n<\/tr>\n<tr>\n<th style=\"text-align: left; padding: 6px; border: 1px solid #ddd;\">Producent<\/th>\n<td style=\"padding: 6px; border: 1px solid #ddd;\">CP PLUS<\/td>\n<\/tr>\n<tr>\n<th style=\"text-align: left; padding: 6px; border: 1px solid #ddd;\">AGC<\/th>\n<td style=\"padding: 6px; border: 1px solid #ddd;\">Automatski\/ro\u010dni<\/td>\n<\/tr>\n<tr>\n<th style=\"text-align: left; padding: 6px; border: 1px solid #ddd;\">Elektronski zaklop<\/th>\n<td style=\"padding: 6px; border: 1px solid #ddd;\">Samodejno\/ro\u010dno, 1\/4 &#8211; 1\/100000 s<\/td>\n<\/tr>\n<tr>\n<th style=\"text-align: left; padding: 6px; border: 1px solid #ddd;\">Filter ICR<\/th>\n<td style=\"padding: 6px; border: 1px solid #ddd;\">Automatski\/ro\u010dni<\/td>\n<\/tr>\n<tr>\n<th style=\"text-align: left; padding: 6px; border: 1px solid #ddd;\">osvetlitev IR<\/th>\n<td style=\"padding: 6px; border: 1px solid #ddd;\">osvetlitev IR do 30 metrov<\/td>\n<\/tr>\n<tr>\n<th style=\"text-align: left; padding: 6px; border: 1px solid #ddd;\">Izravnava osvetlitve<\/th>\n<td style=\"padding: 6px; border: 1px solid #ddd;\">BLC\/HLC\/WDR (120 dB)<\/td>\n<\/tr>\n<tr>\n<th style=\"text-align: left; padding: 6px; border: 1px solid #ddd;\">Vrednost minimalne osvetlitve<\/th>\n<td style=\"padding: 6px; border: 1px solid #ddd;\">0,005 lux @ F 1,3, \u010cB: 0 lux (IR on)<\/td>\n<\/tr>\n<tr>\n<th style=\"text-align: left; padding: 6px; border: 1px solid #ddd;\">Senzor<\/th>\n<td style=\"padding: 6px; border: 1px solid #ddd;\">1\/2,8&quot; 2,4-megapikselni CMOS<\/td>\n<\/tr>\n<tr>\n<th style=\"text-align: left; padding: 6px; border: 1px solid #ddd;\">Potro\u0161ni\u0161ki<\/th>\n<td style=\"padding: 6px; border: 1px solid #ddd;\">Max. 5,4 W (IR on)<\/td>\n<\/tr>\n<tr>\n<th style=\"text-align: left; padding: 6px; border: 1px solid #ddd;\">Na\u010din delovanja<\/th>\n<td style=\"padding: 6px; border: 1px solid #ddd;\">IP 67 in IK 10<\/td>\n<\/tr>\n<tr>\n<th style=\"text-align: left; padding: 6px; border: 1px solid #ddd;\">Vogal okvirja &#8211; zaobljen<\/th>\n<td style=\"padding: 6px; border: 1px solid #ddd;\">Varifokalno ostrenje brez motor\u010dka<\/td>\n<\/tr>\n<tr>\n<th style=\"text-align: left; padding: 6px; border: 1px solid #ddd;\">Video pretakanje<\/th>\n<td style=\"padding: 6px; border: 1px solid #ddd;\">2,4 Mpix @ 25 sn.\/s.<\/td>\n<\/tr>\n<tr>\n<th style=\"text-align: left; padding: 6px; border: 1px solid #ddd;\">Video izhod<\/th>\n<td style=\"padding: 6px; border: 1px solid #ddd;\">1-kanalni video izhod BNC HDCVI + analogni<\/td>\n<\/tr>\n<tr>\n<th style=\"text-align: left; padding: 6px; border: 1px solid #ddd;\">Belo ravnovesje<\/th>\n<td style=\"padding: 6px; border: 1px solid #ddd;\">avtomatsko\/ro\u010dno<\/td>\n<\/tr>\n<tr>\n<th style=\"text-align: left; padding: 6px; border: 1px solid #ddd;\">objektiv in zorni kot<\/th>\n<td style=\"padding: 6px; border: 1px solid #ddd;\">2,7-13,5 mm, kot H: 102\u00b0-29\u00b0<\/td>\n<\/tr>\n<tr>\n<th style=\"text-align: left; padding: 6px; border: 1px solid #ddd;\">\u0160tevilo osi nagiba<\/th>\n<td style=\"padding: 6px; border: 1px solid #ddd;\">3<\/td>\n<\/tr>\n<\/tbody>\n<\/table>\n","protected":false},"excerpt":{"rendered":"<p>* 2,4 Mpix 4 v 1 zunanja kupolasta kamera z IR osvetlitvijo, zvezdno svetlobo in WDR * 1\/2,8-pal\u010dni senzor CMOS [&hellip;]<\/p>\n","protected":false},"featured_media":5217,"template":"","meta":{"site-sidebar-layout":"default","site-content-layout":"","ast-site-content-layout":"","site-content-style":"default","site-sidebar-style":"default","ast-global-header-display":"","ast-banner-title-visibility":"","ast-main-header-display":"","ast-hfb-above-header-display":"","ast-hfb-below-header-display":"","ast-hfb-mobile-header-display":"","site-post-title":"","ast-breadcrumbs-content":"","ast-featured-img":"","footer-sml-layout":"","theme-transparent-header-meta":"","adv-header-id-meta":"","stick-header-meta":"","header-above-stick-meta":"","header-main-stick-meta":"","header-below-stick-meta":"","astra-migrate-meta-layouts":"default","ast-page-background-enabled":"default","ast-page-background-meta":{"desktop":{"background-color":"var(--ast-global-color-5)","background-image":"","background-repeat":"repeat","background-position":"center center","background-size":"auto","background-attachment":"scroll","background-type":"","background-media":"","overlay-type":"","overlay-color":"","overlay-opacity":"","overlay-gradient":""},"tablet":{"background-color":"","background-image":"","background-repeat":"repeat","background-position":"center center","background-size":"auto","background-attachment":"scroll","background-type":"","background-media":"","overlay-type":"","overlay-color":"","overlay-opacity":"","overlay-gradient":""},"mobile":{"background-color":"","background-image":"","background-repeat":"repeat","background-position":"center center","background-size":"auto","background-attachment":"scroll","background-type":"","background-media":"","overlay-type":"","overlay-color":"","overlay-opacity":"","overlay-gradient":""}},"ast-content-background-meta":{"desktop":{"background-color":"var(--ast-global-color-4)","background-image":"","background-repeat":"repeat","background-position":"center center","background-size":"auto","background-attachment":"scroll","background-type":"","background-media":"","overlay-type":"","overlay-color":"","overlay-opacity":"","overlay-gradient":""},"tablet":{"background-color":"var(--ast-global-color-4)","background-image":"","background-repeat":"repeat","background-position":"center center","background-size":"auto","background-attachment":"scroll","background-type":"","background-media":"","overlay-type":"","overlay-color":"","overlay-opacity":"","overlay-gradient":""},"mobile":{"background-color":"var(--ast-global-color-4)","background-image":"","background-repeat":"repeat","background-position":"center center","background-size":"auto","background-attachment":"scroll","background-type":"","background-media":"","overlay-type":"","overlay-color":"","overlay-opacity":"","overlay-gradient":""}}},"product_brand":[383],"product_cat":[386],"product_tag":[],"class_list":{"0":"post-5184","1":"product","2":"type-product","3":"status-publish","4":"has-post-thumbnail","6":"product_brand-cp-plus","7":"product_cat-hdcvi-hdtvi-ahd-kamery","8":"desktop-align-left","9":"tablet-align-left","10":"mobile-align-left","12":"first","13":"instock","14":"taxable","15":"shipping-taxable","16":"purchasable","17":"product-type-simple"},"translation":{"provider":"WPGlobus","version":"3.0.1","language":"de","enabled_languages":["en","es","de","fr","ru"],"languages":{"en":{"title":true,"content":true,"excerpt":false},"es":{"title":false,"content":false,"excerpt":false},"de":{"title":false,"content":false,"excerpt":false},"fr":{"title":false,"content":false,"excerpt":false},"ru":{"title":false,"content":false,"excerpt":false}}},"_links":{"self":[{"href":"https:\/\/www.cpplus.si\/de\/wp-json\/wp\/v2\/product\/5184","targetHints":{"allow":["GET"]}}],"collection":[{"href":"https:\/\/www.cpplus.si\/de\/wp-json\/wp\/v2\/product"}],"about":[{"href":"https:\/\/www.cpplus.si\/de\/wp-json\/wp\/v2\/types\/product"}],"wp:featuredmedia":[{"embeddable":true,"href":"https:\/\/www.cpplus.si\/de\/wp-json\/wp\/v2\/media\/5217"}],"wp:attachment":[{"href":"https:\/\/www.cpplus.si\/de\/wp-json\/wp\/v2\/media?parent=5184"}],"wp:term":[{"taxonomy":"product_brand","embeddable":true,"href":"https:\/\/www.cpplus.si\/de\/wp-json\/wp\/v2\/product_brand?post=5184"},{"taxonomy":"product_cat","embeddable":true,"href":"https:\/\/www.cpplus.si\/de\/wp-json\/wp\/v2\/product_cat?post=5184"},{"taxonomy":"product_tag","embeddable":true,"href":"https:\/\/www.cpplus.si\/de\/wp-json\/wp\/v2\/product_tag?post=5184"}],"curies":[{"name":"wp","href":"https:\/\/api.w.org\/{rel}","templated":true}]}}