{"id":5446,"date":"2026-05-11T18:15:27","date_gmt":"2026-05-11T16:15:27","guid":{"rendered":"https:\/\/www.cpplus.si\/izdelek\/cp-plus-cp-unc-da81l3c-lq-8-0-mpix-venkovni-dome-ip-kamera-s-dualnim-prisvitem-a-mikrofonem\/"},"modified":"2026-05-11T18:15:31","modified_gmt":"2026-05-11T16:15:31","slug":"cp-plus-cp-unc-da81l3c-lq-8-0-mpix-venkovni-dome-ip-kamera-s-dualnim-prisvitem-a-mikrofonem","status":"publish","type":"product","link":"https:\/\/www.cpplus.si\/de\/izdelek\/cp-plus-cp-unc-da81l3c-lq-8-0-mpix-venkovni-dome-ip-kamera-s-dualnim-prisvitem-a-mikrofonem\/","title":{"rendered":"CP PLUS CP-UNC-DA81L3C-LQ 8.0 Mpix venkovn\u00ed dome IP kamera s du\u00e1ln\u00edm p\u0159\u00edsvitem a mikrofonem"},"content":{"rendered":"<p>8.0 Mpix venkovn\u00ed dome IP kamera s du\u00e1ln\u00edm p\u0159\u00edsvitem a mikrofonem * Velmi kvalitn\u00ed sou\u010d\u00e1stkov\u00e1 z\u00e1kladna pro n\u00e1ro\u010dn\u00e9 vyu\u017eit\u00ed * 1\/2.7&#8243; 8.0 Mpix PS CMOS sn\u00edmac\u00ed \u010dip * IR p\u0159\u00edsvit a\u017e 30 m + voliteln\u00e9 b\u00edl\u00e9 sv\u011btlo a\u017e 30 m * Nap\u00e1jen\u00ed PoE \/ DC 12 V * ONVIF profil S \/ G \/ T * Video komprese H.265, H.264+, H.264, MJPEG * Max. rozli\u0161en\u00ed 3840 \u00d7 2160 @ 25 fps * Podporuje triple stream * Pevn\u00fd objektiv 3.6 mm * \u00dahel z\u00e1b\u011bru H: 86\u00b0 * ICR filter (day&#038;night), DWDR, 3DNR, AWB, AGC, BLC, HLC, ROI * Vestav\u011bn\u00fd web server * CMS sw KVMS PRO Lite * Mobiln\u00ed aplikace CMOB * Vestav\u011bn\u00fd mikrofon (dual stream) * SMD &#8211; rozpozn\u00e1n\u00ed osoby a vozidla, p\u0159ekro\u010den\u00ed linie, vniknut\u00ed, detekce audia * Stupe\u0148 kryt\u00ed IP67 * Rozm\u011bry 110 x 110 x 90 mm * Hmotnost 280 g * Barva b\u00edlo-\u010dern\u00e1 * Materi\u00e1l kov &#8211; plast * Mont\u00e1\u017e ve t\u0159ech os\u00e1ch * Max. spot\u0159eba 5.8 W * Podpora prohl\u00ed\u017ee\u010d\u016f IE, Firefox, Chrome *<\/p>\n<table class=\"product-specs\" style=\"border-collapse: collapse; width: 100%; margin-top: 10px;\">\n<tbody>\n<tr>\n<th style=\"text-align: left; padding: 6px; border: 1px solid #ddd;\">P\u0159ipojen\u00ed<\/th>\n<td style=\"padding: 6px; border: 1px solid #ddd;\">RJ-45 (10\/100 Base-T)<\/td>\n<\/tr>\n<tr>\n<th style=\"text-align: left; padding: 6px; border: 1px solid #ddd;\">Nap\u00e1jen\u00ed<\/th>\n<td style=\"padding: 6px; border: 1px solid #ddd;\">DC 12 V \/ PoE (802.3af)<\/td>\n<\/tr>\n<tr>\n<th style=\"text-align: left; padding: 6px; border: 1px solid #ddd;\">Provozn\u00ed teplota<\/th>\n<td style=\"padding: 6px; border: 1px solid #ddd;\">-40\u00b0C a\u017e 60\u00b0C<\/td>\n<\/tr>\n<tr>\n<th style=\"text-align: left; padding: 6px; border: 1px solid #ddd;\">Hmotnost NETTO EXPORT KG<\/th>\n<td style=\"padding: 6px; border: 1px solid #ddd;\">0.280<\/td>\n<\/tr>\n<tr>\n<th style=\"text-align: left; padding: 6px; border: 1px solid #ddd;\">V\u00fdrobce<\/th>\n<td style=\"padding: 6px; border: 1px solid #ddd;\">CP PLUS<\/td>\n<\/tr>\n<tr>\n<th style=\"text-align: left; padding: 6px; border: 1px solid #ddd;\">Rozpozn\u00e1n\u00ed osoby a vozidla (SMD)<\/th>\n<td style=\"padding: 6px; border: 1px solid #ddd;\">Ano<\/td>\n<\/tr>\n<tr>\n<th style=\"text-align: left; padding: 6px; border: 1px solid #ddd;\">Alarm<\/th>\n<td style=\"padding: 6px; border: 1px solid #ddd;\">Ne<\/td>\n<\/tr>\n<tr>\n<th style=\"text-align: left; padding: 6px; border: 1px solid #ddd;\">Audio<\/th>\n<td style=\"padding: 6px; border: 1px solid #ddd;\">1x vestav\u011bn\u00fd mikrofon<\/td>\n<\/tr>\n<tr>\n<th style=\"text-align: left; padding: 6px; border: 1px solid #ddd;\">Elektronick\u00e1 z\u00e1v\u011brka<\/th>\n<td style=\"padding: 6px; border: 1px solid #ddd;\">Automaticky \/ ru\u010dn\u011b, 1\/3 s. &#8211; 1\/100000 s.<\/td>\n<\/tr>\n<tr>\n<th style=\"text-align: left; padding: 6px; border: 1px solid #ddd;\">ICR (filtr den\/noc)<\/th>\n<td style=\"padding: 6px; border: 1px solid #ddd;\">Automatick\u00e9 ICR, barevn\u011b, \u010dernob\u00edle<\/td>\n<\/tr>\n<tr>\n<th style=\"text-align: left; padding: 6px; border: 1px solid #ddd;\">IR p\u0159\u00edsvit<\/th>\n<td style=\"padding: 6px; border: 1px solid #ddd;\">Dosvit a\u017e 30 metr\u016f, voliteln\u00e9 b\u00edl\u00e9 sv\u011btlo dosvit a\u017e 30 metr\u016f<\/td>\n<\/tr>\n<tr>\n<th style=\"text-align: left; padding: 6px; border: 1px solid #ddd;\">Kompenzace protisv\u011btla<\/th>\n<td style=\"padding: 6px; border: 1px solid #ddd;\">BLC \/ HLC \/ DWDR<\/td>\n<\/tr>\n<tr>\n<th style=\"text-align: left; padding: 6px; border: 1px solid #ddd;\">Minim\u00e1ln\u00ed hodnota osv\u011btlen\u00ed<\/th>\n<td style=\"padding: 6px; border: 1px solid #ddd;\">Barevn\u011b: 0.001 lux @ F 1.4, \u010dernob\u00edle: 0.0001 lux @ F 1.4, 0 lux (IR zapnuto)<\/td>\n<\/tr>\n<tr>\n<th style=\"text-align: left; padding: 6px; border: 1px solid #ddd;\">Objektiv<\/th>\n<td style=\"padding: 6px; border: 1px solid #ddd;\">3.6 mm , \u00fahel z\u00e1b\u011bru H: 86\u00b0<\/td>\n<\/tr>\n<tr>\n<th style=\"text-align: left; padding: 6px; border: 1px solid #ddd;\">Pixely<\/th>\n<td style=\"padding: 6px; border: 1px solid #ddd;\">3840&#215;2160, ROI 4 m\u00edsta zv\u00fd\u0161en\u00e9ho z\u00e1jmu (extra kvalita)<\/td>\n<\/tr>\n<tr>\n<th style=\"text-align: left; padding: 6px; border: 1px solid #ddd;\">Pokro\u010dil\u00e1 detekce ud\u00e1lost\u00ed<\/th>\n<td style=\"padding: 6px; border: 1px solid #ddd;\">Rozpozn\u00e1n\u00ed osoby \u010di vozidla, p\u0159ekro\u010den\u00ed linie, vniknut\u00ed, detekce audia<\/td>\n<\/tr>\n<tr>\n<th style=\"text-align: left; padding: 6px; border: 1px solid #ddd;\">Rozli\u0161en\u00ed<\/th>\n<td style=\"padding: 6px; border: 1px solid #ddd;\">8.0 Mpix (3840&#215;2160), 6.0 Mpix (3072&#215;2048), 5.0 Mpix (3072&#215;1728), 4.0 Mpix (2880&#215;1620 \/ 2688&#215;1520), 3.0 Mpix (2048&#215;1536 \/ 2304&#215;1296), 1080p (1920&#215;1080), 1.3 Mpix (1280&#215;960), 720p (1280\u00d7720), D1 (704\u00d7576), VGA (640&#215;480), CIF (352\u00d7288)<\/td>\n<\/tr>\n<tr>\n<th style=\"text-align: left; padding: 6px; border: 1px solid #ddd;\">Soukrom\u00e9 z\u00f3ny<\/th>\n<td style=\"padding: 6px; border: 1px solid #ddd;\">A\u017e 4 \u00fazem\u00ed<\/td>\n<\/tr>\n<tr>\n<th style=\"text-align: left; padding: 6px; border: 1px solid #ddd;\">Spot\u0159eba<\/th>\n<td style=\"padding: 6px; border: 1px solid #ddd;\">Maxim\u00e1ln\u011b 5.8 W<\/td>\n<\/tr>\n<tr>\n<th style=\"text-align: left; padding: 6px; border: 1px solid #ddd;\">Stupe\u0148 kryt\u00ed<\/th>\n<td style=\"padding: 6px; border: 1px solid #ddd;\">IP 67<\/td>\n<\/tr>\n<tr>\n<th style=\"text-align: left; padding: 6px; border: 1px solid #ddd;\">U\u017eivatelsk\u00e9 \u00fa\u010dty<\/th>\n<td style=\"padding: 6px; border: 1px solid #ddd;\">Maxim\u00e1ln\u011b 20 u\u017eivatel\u016f<\/td>\n<\/tr>\n<\/tbody>\n<\/table>\n","protected":false},"excerpt":{"rendered":"<p>8.0 Mpix venkovn\u00ed dome IP kamera s du\u00e1ln\u00edm p\u0159\u00edsvitem a mikrofonem * Velmi kvalitn\u00ed sou\u010d\u00e1stkov\u00e1 z\u00e1kladna pro n\u00e1ro\u010dn\u00e9 vyu\u017eit\u00ed * [&hellip;]<\/p>\n","protected":false},"featured_media":4964,"template":"","meta":{"site-sidebar-layout":"default","site-content-layout":"","ast-site-content-layout":"","site-content-style":"default","site-sidebar-style":"default","ast-global-header-display":"","ast-banner-title-visibility":"","ast-main-header-display":"","ast-hfb-above-header-display":"","ast-hfb-below-header-display":"","ast-hfb-mobile-header-display":"","site-post-title":"","ast-breadcrumbs-content":"","ast-featured-img":"","footer-sml-layout":"","theme-transparent-header-meta":"","adv-header-id-meta":"","stick-header-meta":"","header-above-stick-meta":"","header-main-stick-meta":"","header-below-stick-meta":"","astra-migrate-meta-layouts":"default","ast-page-background-enabled":"default","ast-page-background-meta":{"desktop":{"background-color":"var(--ast-global-color-5)","background-image":"","background-repeat":"repeat","background-position":"center center","background-size":"auto","background-attachment":"scroll","background-type":"","background-media":"","overlay-type":"","overlay-color":"","overlay-opacity":"","overlay-gradient":""},"tablet":{"background-color":"","background-image":"","background-repeat":"repeat","background-position":"center center","background-size":"auto","background-attachment":"scroll","background-type":"","background-media":"","overlay-type":"","overlay-color":"","overlay-opacity":"","overlay-gradient":""},"mobile":{"background-color":"","background-image":"","background-repeat":"repeat","background-position":"center center","background-size":"auto","background-attachment":"scroll","background-type":"","background-media":"","overlay-type":"","overlay-color":"","overlay-opacity":"","overlay-gradient":""}},"ast-content-background-meta":{"desktop":{"background-color":"var(--ast-global-color-4)","background-image":"","background-repeat":"repeat","background-position":"center center","background-size":"auto","background-attachment":"scroll","background-type":"","background-media":"","overlay-type":"","overlay-color":"","overlay-opacity":"","overlay-gradient":""},"tablet":{"background-color":"var(--ast-global-color-4)","background-image":"","background-repeat":"repeat","background-position":"center center","background-size":"auto","background-attachment":"scroll","background-type":"","background-media":"","overlay-type":"","overlay-color":"","overlay-opacity":"","overlay-gradient":""},"mobile":{"background-color":"var(--ast-global-color-4)","background-image":"","background-repeat":"repeat","background-position":"center center","background-size":"auto","background-attachment":"scroll","background-type":"","background-media":"","overlay-type":"","overlay-color":"","overlay-opacity":"","overlay-gradient":""}}},"product_brand":[383],"product_cat":[388,427],"product_tag":[],"class_list":{"0":"post-5446","1":"product","2":"type-product","3":"status-publish","4":"has-post-thumbnail","6":"product_brand-cp-plus","7":"product_cat-ip-sitove-kamery","8":"product_cat-4-0-mpix-ip-sitove-kamery","9":"desktop-align-left","10":"tablet-align-left","11":"mobile-align-left","13":"first","14":"outofstock","15":"taxable","16":"shipping-taxable","17":"product-type-simple"},"translation":{"provider":"WPGlobus","version":"3.0.1","language":"de","enabled_languages":["en","es","de","fr","ru"],"languages":{"en":{"title":true,"content":true,"excerpt":false},"es":{"title":false,"content":false,"excerpt":false},"de":{"title":false,"content":false,"excerpt":false},"fr":{"title":false,"content":false,"excerpt":false},"ru":{"title":false,"content":false,"excerpt":false}}},"_links":{"self":[{"href":"https:\/\/www.cpplus.si\/de\/wp-json\/wp\/v2\/product\/5446","targetHints":{"allow":["GET"]}}],"collection":[{"href":"https:\/\/www.cpplus.si\/de\/wp-json\/wp\/v2\/product"}],"about":[{"href":"https:\/\/www.cpplus.si\/de\/wp-json\/wp\/v2\/types\/product"}],"wp:featuredmedia":[{"embeddable":true,"href":"https:\/\/www.cpplus.si\/de\/wp-json\/wp\/v2\/media\/4964"}],"wp:attachment":[{"href":"https:\/\/www.cpplus.si\/de\/wp-json\/wp\/v2\/media?parent=5446"}],"wp:term":[{"taxonomy":"product_brand","embeddable":true,"href":"https:\/\/www.cpplus.si\/de\/wp-json\/wp\/v2\/product_brand?post=5446"},{"taxonomy":"product_cat","embeddable":true,"href":"https:\/\/www.cpplus.si\/de\/wp-json\/wp\/v2\/product_cat?post=5446"},{"taxonomy":"product_tag","embeddable":true,"href":"https:\/\/www.cpplus.si\/de\/wp-json\/wp\/v2\/product_tag?post=5446"}],"curies":[{"name":"wp","href":"https:\/\/api.w.org\/{rel}","templated":true}]}}