{"id":4889,"date":"2025-11-15T20:59:44","date_gmt":"2025-11-15T19:59:44","guid":{"rendered":"https:\/\/www.cpplus.si\/izdelek\/cp-plus-cp-unr-4k4082-v4sitovy-videorekorder-nvr-s-kompresi-h-265-pro-pripojeni-osmi-ip-kamer-s-ai-funkcemi-bez-nutnosti-ai-kamer\/"},"modified":"2026-04-03T10:48:00","modified_gmt":"2026-04-03T08:48:00","slug":"cp-plus-cp-unr-4k4082-v4-sitovy-videorekorder-nvr-s-kompresi-h-265-pro-pripojeni-osmi-ip-kamer-s-ai-funkcemi-bez-nutnosti-ai-kamer","status":"publish","type":"product","link":"https:\/\/www.cpplus.si\/es\/izdelek\/cp-plus-cp-unr-4k4082-v4-sitovy-videorekorder-nvr-s-kompresi-h-265-pro-pripojeni-osmi-ip-kamer-s-ai-funkcemi-bez-nutnosti-ai-kamer\/","title":{"rendered":"CP PLUS CP-UNR-4K4082-V4 omre\u017eni videorekorder (NVR) s stiskanjem H.265 za povezavo osmih kamer IP s funkcijami AI brez potrebe po kamerah AI"},"content":{"rendered":"<p>Omre\u017eni videorekorder 4K s podporo AI in SMD * Za upravljanje do 8 kamer IP * Stiskanje H.265 \/ H.264+ \/ H.264 \/ MJPEG * Dva tokova * Vhodna bitna hitrost do 160 Mb\/s. \/ Odhodna bitna hitrost do 80 Mb\/s. * Predogled in predvajanje kamer do 12 Mpix brez uporabe umetne inteligence (najve\u010dje predvajanje npr. 2 kanala po 8 Mpix. @ 25 slik na sekundo, najve\u010d 8 kanalov 1080p @ 25 slik na sekundo) * Lo\u010dljivost monitorja do 8 Mpix. (HDMI) * Zdru\u017eljiv z glavnimi znamkami kamer IP * Izhod HDMI\/VGA * Profil ONVIF T\/S\/G * Napredna analiza in zaznavanje dogodkov na podlagi funkcij priklju\u010dene kamere (max. 6 kanalov) &#8211; zaznavanje oseb ali vozil (SMD), pre\u010dkanje \u010drte, vstop\/izstop iz obmo\u010dja, izginotje\/opustitev predmeta v obmo\u010dju, zaznavanje obrazov (vklju\u010dno z atributi), \u0161tevilo oseb, toplotni zemljevid, zaznavanje zvoka, za\u0161\u010dita obmo\u010dja, sprememba scene, PIR, temperaturni alarm in drugo na podlagi kamere * Napredna analiza in zaznavanje dogodkov v snemalniku brez teh funkcij v povezani kameri (max. 4 kanali) &#8211; prepoznavanje oseb ali vozil (SMD, vklju\u010dno z zmanj\u0161anjem la\u017enih alarmov za padajo\u010de listje, de\u017e, sneg in spremembe osvetlitve) * dvosmerni zvok, 1 x zvo\u010dni vhod in 1 x zvo\u010dni izhod RCA * \u0161tirijedrni procesor * 2 x HDD SATA, max. zmogljivost 20 TB na HDD * 2 x USB * Vgrajeni spletni stre\u017enik * Mobilna aplikacija CMOB * Programska oprema CMS KVMS PRO \/ KVMS PRO Lite * Dimenzije 375 x 282 x 56 mm * 4 x alarmni vhod in 2 x alarmni izhod (1 x nenapetostni potencial in 1 x preklopna napetost) * Napajanje 12 V \/ 4 A DC (napajalnik je vklju\u010den) * Te\u017ea 1500 g (brez HDD) * Podpora brskalnikom IE, Edge, Chrome, Firefox<\/p>\n<table class=\"product-specs\" style=\"border-collapse: collapse; width: 100%; margin-top: 10px;\">\n<tbody>\n<tr>\n<th style=\"text-align: left; padding: 6px; border: 1px solid #ddd;\">Odkaz<\/th>\n<td style=\"padding: 6px; border: 1px solid #ddd;\">1x vrata RJ-45 (10\/100\/1000 Mb\/s), 2x USB 2.0<\/td>\n<\/tr>\n<tr>\n<th style=\"text-align: left; padding: 6px; border: 1px solid #ddd;\">Power<\/th>\n<td style=\"padding: 6px; border: 1px solid #ddd;\">Uporablja se s prilo\u017eenim napajalnikom AC 230 V &#8211; DC 12 V \/ 4,0 A<\/td>\n<\/tr>\n<tr>\n<th style=\"text-align: left; padding: 6px; border: 1px solid #ddd;\">Zdravstvena temperatura<\/th>\n<td style=\"padding: 6px; border: 1px solid #ddd;\">10 \u00b0C do +55 \u00b0C<\/td>\n<\/tr>\n<tr>\n<th style=\"text-align: left; padding: 6px; border: 1px solid #ddd;\">Neto te\u017ea EXPORT KG<\/th>\n<td style=\"padding: 6px; border: 1px solid #ddd;\">1.500<\/td>\n<\/tr>\n<tr>\n<th style=\"text-align: left; padding: 6px; border: 1px solid #ddd;\">Producent<\/th>\n<td style=\"padding: 6px; border: 1px solid #ddd;\">CP PLUS<\/td>\n<\/tr>\n<tr>\n<th style=\"text-align: left; padding: 6px; border: 1px solid #ddd;\">Razpoznavanje oseb in vozil (SMD)<\/th>\n<td style=\"padding: 6px; border: 1px solid #ddd;\">Asi<\/td>\n<\/tr>\n<tr>\n<th style=\"text-align: left; padding: 6px; border: 1px solid #ddd;\">Odgovor na dogodek<\/th>\n<td style=\"padding: 6px; border: 1px solid #ddd;\">Zapis, fotografija, ogled, e-po\u0161ta, zvok, PTZ, obvestilo monitorja, alarm<\/td>\n<\/tr>\n<tr>\n<th style=\"text-align: left; padding: 6px; border: 1px solid #ddd;\">Alarm<\/th>\n<td style=\"padding: 6px; border: 1px solid #ddd;\">4x vhod, 2x izhod (1x nenapetostni potencial in 1x preklopna napetost)<\/td>\n<\/tr>\n<tr>\n<th style=\"text-align: left; padding: 6px; border: 1px solid #ddd;\">Audio<\/th>\n<td style=\"padding: 6px; border: 1px solid #ddd;\">1x vhod, 1x izhod, priklju\u010dki RCA (dvosmerni zvok)<\/td>\n<\/tr>\n<tr>\n<th style=\"text-align: left; padding: 6px; border: 1px solid #ddd;\">zaznavanje gibanja<\/th>\n<td style=\"padding: 6px; border: 1px solid #ddd;\">396 obmo\u010dij (22&#215;18)<\/td>\n<\/tr>\n<tr>\n<th style=\"text-align: left; padding: 6px; border: 1px solid #ddd;\">Funkcija predvajanja<\/th>\n<td style=\"padding: 6px; border: 1px solid #ddd;\">Predvajanje, premor, ustavitev, previjanje nazaj, hitro predvajanje, po\u010dasno predvajanje, ponavljanje, pametno predvajanje itd.<\/td>\n<\/tr>\n<tr>\n<th style=\"text-align: left; padding: 6px; border: 1px solid #ddd;\">Intervalsko snemanje<\/th>\n<td style=\"padding: 6px; border: 1px solid #ddd;\">1 &#8211; 120 min (tovarni\u0161ka nastavitev 60 min)<\/td>\n<\/tr>\n<tr>\n<th style=\"text-align: left; padding: 6px; border: 1px solid #ddd;\">Video kompresija<\/th>\n<td style=\"padding: 6px; border: 1px solid #ddd;\">H.265 \/ H.264+ \/ H.264 \/ MJPEG (stranski tok)<\/td>\n<\/tr>\n<tr>\n<th style=\"text-align: left; padding: 6px; border: 1px solid #ddd;\">Menu<\/th>\n<td style=\"padding: 6px; border: 1px solid #ddd;\">Grafi\u010dni vmesnik<\/td>\n<\/tr>\n<tr>\n<th style=\"text-align: left; padding: 6px; border: 1px solid #ddd;\">Mo\u017enosti iskanja<\/th>\n<td style=\"padding: 6px; border: 1px solid #ddd;\">datum in \u010das, dogodek (zaznavanje gibanja), natan\u010dno iskanje, alarm, obraz, vozilo<\/td>\n<\/tr>\n<tr>\n<th style=\"text-align: left; padding: 6px; border: 1px solid #ddd;\">\u0160tevilo upravljanih kamer<\/th>\n<td style=\"padding: 6px; border: 1px solid #ddd;\">Maximalno 8 kamer IP<\/td>\n<\/tr>\n<tr>\n<th style=\"text-align: left; padding: 6px; border: 1px solid #ddd;\">Napredno zaznavanje dogodkov<\/th>\n<td style=\"padding: 6px; border: 1px solid #ddd;\">Funkcije IVS glede na priklju\u010deno kamero &#8211; sprememba prizora, pametni na\u010drt, zaznavanje obrazov, \u0161tetje oseb, toplotni zemljevid, zaznavanje zvoka, pre\u010dkanje \u010drte, kraja ali zapu\u0161\u010danje predmetov, stereo analiza, vstop v prostor in \u0161e ve\u010d glede na kamero&#8230;<\/td>\n<\/tr>\n<tr>\n<th style=\"text-align: left; padding: 6px; border: 1px solid #ddd;\">distribucija slike<\/th>\n<td style=\"padding: 6px; border: 1px solid #ddd;\">1 \/ 4 \/ 8 \/ 9<\/td>\n<\/tr>\n<tr>\n<th style=\"text-align: left; padding: 6px; border: 1px solid #ddd;\">lo\u010dljivost monitorja<\/th>\n<td style=\"padding: 6px; border: 1px solid #ddd;\">3840 x 2160, 1920 x 1080, 1280 x 1024, 1280 x 720, 1024 x 768<\/td>\n<\/tr>\n<tr>\n<th style=\"text-align: left; padding: 6px; border: 1px solid #ddd;\">Potro\u0161ni\u0161ki izdelki<\/th>\n<td style=\"padding: 6px; border: 1px solid #ddd;\">Maksimalna poraba energije 10 W (brez trdega diska)<\/td>\n<\/tr>\n<tr>\n<th style=\"text-align: left; padding: 6px; border: 1px solid #ddd;\">Uporabni\u0161ki ra\u010duni<\/th>\n<td style=\"padding: 6px; border: 1px solid #ddd;\">Maksimalno 128 uporabnikov<\/td>\n<\/tr>\n<\/tbody>\n<\/table>\n","protected":false},"excerpt":{"rendered":"<p>Omre\u017eni videorekorder 4K s podporo AI in SMD * Za upravljanje do 8 kamer IP * Stiskanje H.265 \/ H.264+ [&hellip;]<\/p>\n","protected":false},"featured_media":4890,"template":"","meta":{"site-sidebar-layout":"default","site-content-layout":"","ast-site-content-layout":"","site-content-style":"default","site-sidebar-style":"default","ast-global-header-display":"","ast-banner-title-visibility":"","ast-main-header-display":"","ast-hfb-above-header-display":"","ast-hfb-below-header-display":"","ast-hfb-mobile-header-display":"","site-post-title":"","ast-breadcrumbs-content":"","ast-featured-img":"","footer-sml-layout":"","theme-transparent-header-meta":"","adv-header-id-meta":"","stick-header-meta":"","header-above-stick-meta":"","header-main-stick-meta":"","header-below-stick-meta":"","astra-migrate-meta-layouts":"default","ast-page-background-enabled":"default","ast-page-background-meta":{"desktop":{"background-color":"var(--ast-global-color-5)","background-image":"","background-repeat":"repeat","background-position":"center center","background-size":"auto","background-attachment":"scroll","background-type":"","background-media":"","overlay-type":"","overlay-color":"","overlay-opacity":"","overlay-gradient":""},"tablet":{"background-color":"","background-image":"","background-repeat":"repeat","background-position":"center center","background-size":"auto","background-attachment":"scroll","background-type":"","background-media":"","overlay-type":"","overlay-color":"","overlay-opacity":"","overlay-gradient":""},"mobile":{"background-color":"","background-image":"","background-repeat":"repeat","background-position":"center center","background-size":"auto","background-attachment":"scroll","background-type":"","background-media":"","overlay-type":"","overlay-color":"","overlay-opacity":"","overlay-gradient":""}},"ast-content-background-meta":{"desktop":{"background-color":"var(--ast-global-color-4)","background-image":"","background-repeat":"repeat","background-position":"center center","background-size":"auto","background-attachment":"scroll","background-type":"","background-media":"","overlay-type":"","overlay-color":"","overlay-opacity":"","overlay-gradient":""},"tablet":{"background-color":"var(--ast-global-color-4)","background-image":"","background-repeat":"repeat","background-position":"center center","background-size":"auto","background-attachment":"scroll","background-type":"","background-media":"","overlay-type":"","overlay-color":"","overlay-opacity":"","overlay-gradient":""},"mobile":{"background-color":"var(--ast-global-color-4)","background-image":"","background-repeat":"repeat","background-position":"center center","background-size":"auto","background-attachment":"scroll","background-type":"","background-media":"","overlay-type":"","overlay-color":"","overlay-opacity":"","overlay-gradient":""}}},"product_brand":[383],"product_cat":[434,437],"product_tag":[],"class_list":{"0":"post-4889","1":"product","2":"type-product","3":"status-publish","4":"has-post-thumbnail","6":"product_brand-cp-plus","7":"product_cat-ip-sitove-videorekordery-nvr","8":"product_cat-8-kanalu","9":"desktop-align-left","10":"tablet-align-left","11":"mobile-align-left","13":"first","14":"instock","15":"taxable","16":"shipping-taxable","17":"purchasable","18":"product-type-simple"},"translation":{"provider":"WPGlobus","version":"3.0.1","language":"es","enabled_languages":["en","es","de","fr","ru"],"languages":{"en":{"title":true,"content":true,"excerpt":false},"es":{"title":false,"content":false,"excerpt":false},"de":{"title":false,"content":false,"excerpt":false},"fr":{"title":false,"content":false,"excerpt":false},"ru":{"title":false,"content":false,"excerpt":false}}},"_links":{"self":[{"href":"https:\/\/www.cpplus.si\/es\/wp-json\/wp\/v2\/product\/4889","targetHints":{"allow":["GET"]}}],"collection":[{"href":"https:\/\/www.cpplus.si\/es\/wp-json\/wp\/v2\/product"}],"about":[{"href":"https:\/\/www.cpplus.si\/es\/wp-json\/wp\/v2\/types\/product"}],"wp:featuredmedia":[{"embeddable":true,"href":"https:\/\/www.cpplus.si\/es\/wp-json\/wp\/v2\/media\/4890"}],"wp:attachment":[{"href":"https:\/\/www.cpplus.si\/es\/wp-json\/wp\/v2\/media?parent=4889"}],"wp:term":[{"taxonomy":"product_brand","embeddable":true,"href":"https:\/\/www.cpplus.si\/es\/wp-json\/wp\/v2\/product_brand?post=4889"},{"taxonomy":"product_cat","embeddable":true,"href":"https:\/\/www.cpplus.si\/es\/wp-json\/wp\/v2\/product_cat?post=4889"},{"taxonomy":"product_tag","embeddable":true,"href":"https:\/\/www.cpplus.si\/es\/wp-json\/wp\/v2\/product_tag?post=4889"}],"curies":[{"name":"wp","href":"https:\/\/api.w.org\/{rel}","templated":true}]}}