{"id":4913,"date":"2025-11-15T20:59:44","date_gmt":"2025-11-15T19:59:44","guid":{"rendered":"https:\/\/www.cpplus.si\/izdelek\/cp-plus-cp-unr-4k2162-v3sitovy-videorekorder-nvr-s-kompresi-h-265-pro-pripojeni-sestnacti-ip-kamer-s-ai-funkcemi-bez-nutnosti-ai-kamer\/"},"modified":"2026-04-22T12:13:20","modified_gmt":"2026-04-22T10:13:20","slug":"cp-plus-cp-unr-4k2162-v3-sitovy-videorekorder-nvr-s-kompresi-h-265-pro-pripojeni-sestnacti-ip-kamer-s-ai-funkcemi-bez-nutnosti-ai-kamer","status":"publish","type":"product","link":"https:\/\/www.cpplus.si\/es\/izdelek\/cp-plus-cp-unr-4k2162-v3-sitovy-videorekorder-nvr-s-kompresi-h-265-pro-pripojeni-sestnacti-ip-kamer-s-ai-funkcemi-bez-nutnosti-ai-kamer\/","title":{"rendered":"CP PLUS CP-UNR-4K2162-V3 Mre\u017eni videorekorder (NVR) s stiskanjem H.265 za povezavo \u0161estnajstih kamer IP s funkcijami AI, ne da bi potrebovali kamere AI"},"content":{"rendered":"<p>Omre\u017eni videorekorder 4K s podporo AI in SMD * Za upravljanje do 16 kamer IP * Stiskanje H.265 \/ H.264+ \/ H.264 \/ MJPEG * Dva tokova * Vhodna bitna hitrost do 144 Mb\/s. \/ Odhodna bitna hitrost do 72 Mb\/s. * Predogled in predvajanje kamer do 12 Mpix. brez uporabe umetne inteligence (najve\u010dje predvajanje npr. 1 kanal 8 Mpix. @ 25 slik na sekundo, najve\u010d 6 kanalov 1080p @ 25 slik na sekundo) * Lo\u010dljivost monitorja do 8 Mpix. (HDMI) * Zdru\u017eljiv z glavnimi znamkami kamer IP * Izhod HDMI\/VGA * Profil ONVIF T\/S\/G * Napredna analiza in zaznavanje dogodkov na podlagi funkcij priklju\u010dene kamere (max. 6 kanalov) &#8211; zaznavanje oseb ali vozil (SMD), pre\u010dkanje \u010drte, vstop\/izstop obmo\u010dja, izginotje predmeta\/izstop obmo\u010dja, zaznavanje obrazov (vklju\u010dno z atributi), \u0161tetje oseb, toplotni zemljevid, zaznavanje zvoka, za\u0161\u010dita obmo\u010dja, sprememba scene, PIR, temperaturni alarm in drugo na podlagi kamere * Napredna analiza in zaznavanje dogodkov v snemalniku brez teh funkcij v povezani kameri (max. 4 kanali) &#8211; prepoznavanje oseb ali vozil (SMD, vklju\u010dno z zmanj\u0161anjem la\u017enih alarmov za padajo\u010de listje, de\u017e, sneg in spremembe osvetlitve) * dvosmerni zvok, 1 x zvo\u010dni vhod in 1 x zvo\u010dni izhod RCA * dvojedrni procesor * 2 x HDD SATA, max. zmogljivost 20 TB na HDD * 2 x USB * Vgrajeni spletni stre\u017enik * Mobilna aplikacija CMOB * Programska oprema CMS KVMS PRO \/ KVMS PRO Lite * Dimenzije 375 x 283 x 53 mm * Napajanje DC 12 V \/ 4 A * Te\u017ea 1500 g (brez HDD) * Podpora brskalnikom IE, Edge, Chrome, Firefox<\/p>\n<table class=\"product-specs\" style=\"border-collapse: collapse; width: 100%; margin-top: 10px;\">\n<tbody>\n<tr>\n<th style=\"text-align: left; padding: 6px; border: 1px solid #ddd;\">Odkaz<\/th>\n<td style=\"padding: 6px; border: 1px solid #ddd;\">1x vrata RJ-45 (10\/100\/1000 Mb\/s), 2x USB 2.0<\/td>\n<\/tr>\n<tr>\n<th style=\"text-align: left; padding: 6px; border: 1px solid #ddd;\">Power<\/th>\n<td style=\"padding: 6px; border: 1px solid #ddd;\">Uporablja se s prilo\u017eenim napajalnikom AC 230 V &#8211; DC 12 V \/ 4,0 A<\/td>\n<\/tr>\n<tr>\n<th style=\"text-align: left; padding: 6px; border: 1px solid #ddd;\">Zdravstvena temperatura<\/th>\n<td style=\"padding: 6px; border: 1px solid #ddd;\">10 \u00b0C do 55 \u00b0C<\/td>\n<\/tr>\n<tr>\n<th style=\"text-align: left; padding: 6px; border: 1px solid #ddd;\">\u010cista te\u017ea EXPORT KG<\/th>\n<td style=\"padding: 6px; border: 1px solid #ddd;\">1.500<\/td>\n<\/tr>\n<tr>\n<th style=\"text-align: left; padding: 6px; border: 1px solid #ddd;\">Identifikacija osebe in vozila (SMD)<\/th>\n<td style=\"padding: 6px; border: 1px solid #ddd;\">Asi<\/td>\n<\/tr>\n<tr>\n<th style=\"text-align: left; padding: 6px; border: 1px solid #ddd;\">Odgovor na dogodek<\/th>\n<td style=\"padding: 6px; border: 1px solid #ddd;\">Po\u0161iljanje, fotografija, ogled, e-po\u0161ta, FTP, zvok, PTZ, obvestilo monitorja, alarm<\/td>\n<\/tr>\n<tr>\n<th style=\"text-align: left; padding: 6px; border: 1px solid #ddd;\">Alarm<\/th>\n<td style=\"padding: 6px; border: 1px solid #ddd;\">Ne<\/td>\n<\/tr>\n<tr>\n<th style=\"text-align: left; padding: 6px; border: 1px solid #ddd;\">Audio<\/th>\n<td style=\"padding: 6px; border: 1px solid #ddd;\">1x vhod, 1x izhod, priklju\u010dki RCA (dvosmerni zvok)<\/td>\n<\/tr>\n<tr>\n<th style=\"text-align: left; padding: 6px; border: 1px solid #ddd;\">zaznavanje gibanja<\/th>\n<td style=\"padding: 6px; border: 1px solid #ddd;\">Asi (396 obmo\u010dij, 22&#215;18)<\/td>\n<\/tr>\n<tr>\n<th style=\"text-align: left; padding: 6px; border: 1px solid #ddd;\">Ethernet<\/th>\n<td style=\"padding: 6px; border: 1px solid #ddd;\">1x RJ-45 (10\/100\/1000 Mb\/s)<\/td>\n<\/tr>\n<tr>\n<th style=\"text-align: left; padding: 6px; border: 1px solid #ddd;\">Funkcije predvajanja<\/th>\n<td style=\"padding: 6px; border: 1px solid #ddd;\">Predvajanje, premor, ustavitev, previjanje nazaj, hitro predvajanje, po\u010dasno predvajanje, ponavljanje itd.<\/td>\n<\/tr>\n<tr>\n<th style=\"text-align: left; padding: 6px; border: 1px solid #ddd;\">Intervalsko snemanje<\/th>\n<td style=\"padding: 6px; border: 1px solid #ddd;\">1 &#8211; 120 minut (tovarni\u0161ko privzeto 60 minut), predhodno snemanje 1 &#8211; 30 sekund<\/td>\n<\/tr>\n<tr>\n<th style=\"text-align: left; padding: 6px; border: 1px solid #ddd;\">Video kompresija<\/th>\n<td style=\"padding: 6px; border: 1px solid #ddd;\">H.265 \/ H.264+ \/ H.264 \/ MJPEG (stranski tok)<\/td>\n<\/tr>\n<tr>\n<th style=\"text-align: left; padding: 6px; border: 1px solid #ddd;\">Maksimalno \u0161tevilo uporabnikov<\/th>\n<td style=\"padding: 6px; border: 1px solid #ddd;\">128<\/td>\n<\/tr>\n<tr>\n<th style=\"text-align: left; padding: 6px; border: 1px solid #ddd;\">Menu<\/th>\n<td style=\"padding: 6px; border: 1px solid #ddd;\">Grafi\u010dni vmesnik<\/td>\n<\/tr>\n<tr>\n<th style=\"text-align: left; padding: 6px; border: 1px solid #ddd;\">Mo\u017enosti iskanja<\/th>\n<td style=\"padding: 6px; border: 1px solid #ddd;\">datum in \u010das, dogodek (zaznavanje gibanja), natan\u010dno iskanje, alarm, obraz, vozilo<\/td>\n<\/tr>\n<tr>\n<th style=\"text-align: left; padding: 6px; border: 1px solid #ddd;\">operacijski sistem<\/th>\n<td style=\"padding: 6px; border: 1px solid #ddd;\">Vgrajeni Linux<\/td>\n<\/tr>\n<tr>\n<th style=\"text-align: left; padding: 6px; border: 1px solid #ddd;\">\u0160tevilo upravljanih kamer<\/th>\n<td style=\"padding: 6px; border: 1px solid #ddd;\">Maksimalno 16 kamer IP<\/td>\n<\/tr>\n<tr>\n<th style=\"text-align: left; padding: 6px; border: 1px solid #ddd;\">Napredno zaznavanje dogodkov<\/th>\n<td style=\"padding: 6px; border: 1px solid #ddd;\">Funkcije IVS glede na priklju\u010deno kamero &#8211; sprememba prizora, pametni na\u010drt, zaznavanje obrazov (spol, starostna skupina, maska o\u010dal, kit, izraz), \u0161tevilo oseb, toplotni zemljevid, pametno zaznavanje zvoka, pre\u010dkanje \u010drte, kraja ali zapustitev predmeta, vnos p<\/td>\n<\/tr>\n<tr>\n<th style=\"text-align: left; padding: 6px; border: 1px solid #ddd;\">razporeditev slik<\/th>\n<td style=\"padding: 6px; border: 1px solid #ddd;\">1 \/ 4 \/ 8 \/ 9 \/ 16 \/ 25 \/ 36<\/td>\n<\/tr>\n<tr>\n<th style=\"text-align: left; padding: 6px; border: 1px solid #ddd;\">Razlo\u010dljivost monitorja<\/th>\n<td style=\"padding: 6px; border: 1px solid #ddd;\">3840 x 2160, 1920 x 1080, 1280 x 1024, 1280 x 720, 1024 x 768<\/td>\n<\/tr>\n<\/tbody>\n<\/table>\n","protected":false},"excerpt":{"rendered":"<p>Omre\u017eni videorekorder 4K s podporo AI in SMD * Za upravljanje do 16 kamer IP * Stiskanje H.265 \/ H.264+ [&hellip;]<\/p>\n","protected":false},"featured_media":5402,"template":"","meta":{"site-sidebar-layout":"default","site-content-layout":"","ast-site-content-layout":"","site-content-style":"default","site-sidebar-style":"default","ast-global-header-display":"","ast-banner-title-visibility":"","ast-main-header-display":"","ast-hfb-above-header-display":"","ast-hfb-below-header-display":"","ast-hfb-mobile-header-display":"","site-post-title":"","ast-breadcrumbs-content":"","ast-featured-img":"","footer-sml-layout":"","theme-transparent-header-meta":"","adv-header-id-meta":"","stick-header-meta":"","header-above-stick-meta":"","header-main-stick-meta":"","header-below-stick-meta":"","astra-migrate-meta-layouts":"default","ast-page-background-enabled":"default","ast-page-background-meta":{"desktop":{"background-color":"var(--ast-global-color-5)","background-image":"","background-repeat":"repeat","background-position":"center center","background-size":"auto","background-attachment":"scroll","background-type":"","background-media":"","overlay-type":"","overlay-color":"","overlay-opacity":"","overlay-gradient":""},"tablet":{"background-color":"","background-image":"","background-repeat":"repeat","background-position":"center center","background-size":"auto","background-attachment":"scroll","background-type":"","background-media":"","overlay-type":"","overlay-color":"","overlay-opacity":"","overlay-gradient":""},"mobile":{"background-color":"","background-image":"","background-repeat":"repeat","background-position":"center center","background-size":"auto","background-attachment":"scroll","background-type":"","background-media":"","overlay-type":"","overlay-color":"","overlay-opacity":"","overlay-gradient":""}},"ast-content-background-meta":{"desktop":{"background-color":"var(--ast-global-color-4)","background-image":"","background-repeat":"repeat","background-position":"center center","background-size":"auto","background-attachment":"scroll","background-type":"","background-media":"","overlay-type":"","overlay-color":"","overlay-opacity":"","overlay-gradient":""},"tablet":{"background-color":"var(--ast-global-color-4)","background-image":"","background-repeat":"repeat","background-position":"center center","background-size":"auto","background-attachment":"scroll","background-type":"","background-media":"","overlay-type":"","overlay-color":"","overlay-opacity":"","overlay-gradient":""},"mobile":{"background-color":"var(--ast-global-color-4)","background-image":"","background-repeat":"repeat","background-position":"center center","background-size":"auto","background-attachment":"scroll","background-type":"","background-media":"","overlay-type":"","overlay-color":"","overlay-opacity":"","overlay-gradient":""}}},"product_brand":[],"product_cat":[434,456],"product_tag":[],"class_list":{"0":"post-4913","1":"product","2":"type-product","3":"status-publish","4":"has-post-thumbnail","6":"product_cat-ip-sitove-videorekordery-nvr","7":"product_cat-16-kanalu-ip-sitove-videorekordery-nvr","8":"desktop-align-left","9":"tablet-align-left","10":"mobile-align-left","12":"first","13":"instock","14":"taxable","15":"shipping-taxable","16":"purchasable","17":"product-type-simple"},"translation":{"provider":"WPGlobus","version":"3.0.1","language":"es","enabled_languages":["en","es","de","fr","ru"],"languages":{"en":{"title":true,"content":true,"excerpt":false},"es":{"title":false,"content":false,"excerpt":false},"de":{"title":false,"content":false,"excerpt":false},"fr":{"title":false,"content":false,"excerpt":false},"ru":{"title":false,"content":false,"excerpt":false}}},"_links":{"self":[{"href":"https:\/\/www.cpplus.si\/es\/wp-json\/wp\/v2\/product\/4913","targetHints":{"allow":["GET"]}}],"collection":[{"href":"https:\/\/www.cpplus.si\/es\/wp-json\/wp\/v2\/product"}],"about":[{"href":"https:\/\/www.cpplus.si\/es\/wp-json\/wp\/v2\/types\/product"}],"wp:featuredmedia":[{"embeddable":true,"href":"https:\/\/www.cpplus.si\/es\/wp-json\/wp\/v2\/media\/5402"}],"wp:attachment":[{"href":"https:\/\/www.cpplus.si\/es\/wp-json\/wp\/v2\/media?parent=4913"}],"wp:term":[{"taxonomy":"product_brand","embeddable":true,"href":"https:\/\/www.cpplus.si\/es\/wp-json\/wp\/v2\/product_brand?post=4913"},{"taxonomy":"product_cat","embeddable":true,"href":"https:\/\/www.cpplus.si\/es\/wp-json\/wp\/v2\/product_cat?post=4913"},{"taxonomy":"product_tag","embeddable":true,"href":"https:\/\/www.cpplus.si\/es\/wp-json\/wp\/v2\/product_tag?post=4913"}],"curies":[{"name":"wp","href":"https:\/\/api.w.org\/{rel}","templated":true}]}}