{"id":4981,"date":"2025-11-15T21:00:40","date_gmt":"2025-11-15T20:00:40","guid":{"rendered":"https:\/\/www.cpplus.si\/izdelek\/grundig-gu-ci-ap4634v4-0-mpix-venkovni-mini-ptz-ip-kamera-s-dualnim-prisvitem-h-265-wdr-a-vestavenym-audio\/"},"modified":"2026-02-20T12:58:17","modified_gmt":"2026-02-20T11:58:17","slug":"grundig-gu-ci-ap4634v-4-0-mpix-venkovni-mini-ptz-ip-kamera-s-dualnim-prisvitem-h-265-wdr-a-vestavenym-audio","status":"publish","type":"product","link":"https:\/\/www.cpplus.si\/es\/izdelek\/grundig-gu-ci-ap4634v-4-0-mpix-venkovni-mini-ptz-ip-kamera-s-dualnim-prisvitem-h-265-wdr-a-vestavenym-audio\/","title":{"rendered":"GRUNDIG GU-CI-AP4634V Zunanja mini kamera PTZ IP z lo\u010dljivostjo 4,0 Mpix, dvojno osvetlitvijo, H.265, WDR in vgrajenim zvokom"},"content":{"rendered":"<p>4.0 Mpix zunanja mini kamera PTZ IP z dvojno osvetlitvijo, H.265, WDR in vgrajenim zvokom<br \/>\n* 1\/1,8-pal\u010dni senzorski \u010dip PS CMOS s 4,0 Mpix * IR-osvetlitev do 20 m + opcijska bela osvetlitev LED do 20 m * Napajanje PoE \/ DC 12V * ONVIF S\/G\/T\/M * Video stiskanje H.265+ \/ H.265 \/ H.264+ \/ H.264 \/ MJPEG * Najve\u010dja lo\u010dljivost 4,0 Mpix (2560 x 1440) pri 50 slikah na sekundo. * Podpira trojni tok * Motoriziran varifokalni objektiv 2.8 &#8211; 12 mm * Kot H: * ICR filter (dan in no\u010d), WDR (120 dB), 3DNR, BLC, HLC * Vgrajen mikrofon in zvo\u010dnik * Napredno zaznavanje dogodkov (zaznavanje oseb ali vozil, vdor na obmo\u010dje, pre\u010dkanje \u010drte, izginotje objekta, \u0161tetje oseb ali vozil, zaznavanje obrazov, prepoznavanje registrskih tablic vozil, toplotni zemljevid, zaznavanje dol\u017eine \u010dakalne vrste, gostote mno\u017eice) * zaznavanje nenavadnih zvokov * vgrajen spletni stre\u017enik * mobilna aplikacija GSVM * CMS sw C-Werk * podpora Micro SD do 512 GB * stopnja za\u0161\u010dite IP66 in IK10 * mere \u03a6153 x 119 mm * te\u017ea 980 g * barva belo-\u010drna * material kovina + plastika * poraba max. 13 W * dvoosna namestitev * podpora za IE, Edge, Chrome, Firefox * ve\u010djezi\u010dni meni (vklju\u010dno s CZ) *<\/p>\n<table class=\"product-specs\" style=\"border-collapse: collapse; width: 100%; margin-top: 10px;\">\n<tbody>\n<tr>\n<th style=\"text-align: left; padding: 6px; border: 1px solid #ddd;\">Odkaz<\/th>\n<td style=\"padding: 6px; border: 1px solid #ddd;\">RJ-45 (10\/100 Mb\/s ethernet), 1x analogni video izhod BNC (CVBS)<\/td>\n<\/tr>\n<tr>\n<th style=\"text-align: left; padding: 6px; border: 1px solid #ddd;\">Power<\/th>\n<td style=\"padding: 6px; border: 1px solid #ddd;\">DC 12 V \/ PoE (802.3af)<\/td>\n<\/tr>\n<tr>\n<th style=\"text-align: left; padding: 6px; border: 1px solid #ddd;\">Temperatura delovanja<\/th>\n<td style=\"padding: 6px; border: 1px solid #ddd;\">-30 \u00b0C do 60 \u00b0C<\/td>\n<\/tr>\n<tr>\n<th style=\"text-align: left; padding: 6px; border: 1px solid #ddd;\">Neto te\u017ea EXPORT KG<\/th>\n<td style=\"padding: 6px; border: 1px solid #ddd;\">0,980<\/td>\n<\/tr>\n<tr>\n<th style=\"text-align: left; padding: 6px; border: 1px solid #ddd;\">Producent<\/th>\n<td style=\"padding: 6px; border: 1px solid #ddd;\">Grundig<\/td>\n<\/tr>\n<tr>\n<th style=\"text-align: left; padding: 6px; border: 1px solid #ddd;\">Identifikacija osebe in vozila (SMD)<\/th>\n<td style=\"padding: 6px; border: 1px solid #ddd;\">Asi<\/td>\n<\/tr>\n<tr>\n<th style=\"text-align: left; padding: 6px; border: 1px solid #ddd;\">Alarm<\/th>\n<td style=\"padding: 6px; border: 1px solid #ddd;\">Ne<\/td>\n<\/tr>\n<tr>\n<th style=\"text-align: left; padding: 6px; border: 1px solid #ddd;\">Audio<\/th>\n<td style=\"padding: 6px; border: 1px solid #ddd;\">1x vgrajen mikrofon, 1x vgrajen zvo\u010dnik<\/td>\n<\/tr>\n<tr>\n<th style=\"text-align: left; padding: 6px; border: 1px solid #ddd;\">Elektronski zaklop<\/th>\n<td style=\"padding: 6px; border: 1px solid #ddd;\">Automatski\/ro\u010dni, 1\/5 s &#8211; 1\/30000 s.<\/td>\n<\/tr>\n<tr>\n<th style=\"text-align: left; padding: 6px; border: 1px solid #ddd;\">ICR (dnevni\/no\u010dni filter)<\/th>\n<td style=\"padding: 6px; border: 1px solid #ddd;\">Samodejni ICR, barvni, \u010drno-beli<\/td>\n<\/tr>\n<tr>\n<th style=\"text-align: left; padding: 6px; border: 1px solid #ddd;\">osvetlitev IR<\/th>\n<td style=\"padding: 6px; border: 1px solid #ddd;\">osvetlitev do 20 metrov + bela svetloba<\/td>\n<\/tr>\n<tr>\n<th style=\"text-align: left; padding: 6px; border: 1px solid #ddd;\">izravnava osvetlitve<\/th>\n<td style=\"padding: 6px; border: 1px solid #ddd;\">BLC\/3DNR\/Defog\/HLC\/WDR (120dB)<\/td>\n<\/tr>\n<tr>\n<th style=\"text-align: left; padding: 6px; border: 1px solid #ddd;\">Minimalna vrednost izpostavljenosti<\/th>\n<td style=\"padding: 6px; border: 1px solid #ddd;\">Color: 0,001 luksa @ F 1,6 (AGC ON), B&#038;W: 0 luksov (LED IR ON)<\/td>\n<\/tr>\n<tr>\n<th style=\"text-align: left; padding: 6px; border: 1px solid #ddd;\">Cilj<\/th>\n<td style=\"padding: 6px; border: 1px solid #ddd;\">Motorizirana spremenljiva gori\u0161\u010dna razdalja 2,8-12 mm, kot H: 115-48\u00b0<\/td>\n<\/tr>\n<tr>\n<th style=\"text-align: left; padding: 6px; border: 1px solid #ddd;\">Piksli<\/th>\n<td style=\"padding: 6px; border: 1px solid #ddd;\">2560&#215;1440, ROI 4 lokacije pove\u010danega interesa (dodatna kakovost)<\/td>\n<\/tr>\n<tr>\n<th style=\"text-align: left; padding: 6px; border: 1px solid #ddd;\">napredno zaznavanje dogodkov<\/th>\n<td style=\"padding: 6px; border: 1px solid #ddd;\">zaznavanje gibanja, zaznavanje oseb in vozil, zaznavanje vdora, pre\u010dkanje \u010drt, odstranjevanje predmetov, \u0161tetje predmetov, zaznavanje obrazov, prepoznavanje registrskih tablic, toplotni zemljevid, zaznavanje dol\u017eine \u010dakalne vrste, zaznavanje gostote mno\u017eice<\/td>\n<\/tr>\n<tr>\n<th style=\"text-align: left; padding: 6px; border: 1px solid #ddd;\">resolucija<\/th>\n<td style=\"padding: 6px; border: 1px solid #ddd;\">4,0 Mpix (2560&#215;1440)<\/td>\n<\/tr>\n<tr>\n<th style=\"text-align: left; padding: 6px; border: 1px solid #ddd;\">Privatna obmo\u010dja<\/th>\n<td style=\"padding: 6px; border: 1px solid #ddd;\">da, do 6 obmo\u010dij<\/td>\n<\/tr>\n<tr>\n<th style=\"text-align: left; padding: 6px; border: 1px solid #ddd;\">Potro\u0161nja<\/th>\n<td style=\"padding: 6px; border: 1px solid #ddd;\">Max 13 W<\/td>\n<\/tr>\n<tr>\n<th style=\"text-align: left; padding: 6px; border: 1px solid #ddd;\">Raven pokritosti<\/th>\n<td style=\"padding: 6px; border: 1px solid #ddd;\">IP 66, IK 10<\/td>\n<\/tr>\n<tr>\n<th style=\"text-align: left; padding: 6px; border: 1px solid #ddd;\">Uporabni\u0161ki ra\u010duni<\/th>\n<td style=\"padding: 6px; border: 1px solid #ddd;\">Maksimalno 7 uporabnikov<\/td>\n<\/tr>\n<\/tbody>\n<\/table>\n","protected":false},"excerpt":{"rendered":"<p>4.0 Mpix zunanja mini kamera PTZ IP z dvojno osvetlitvijo, H.265, WDR in vgrajenim zvokom * 1\/1,8-pal\u010dni senzorski \u010dip PS [&hellip;]<\/p>\n","protected":false},"featured_media":4982,"template":"","meta":{"site-sidebar-layout":"default","site-content-layout":"","ast-site-content-layout":"","site-content-style":"default","site-sidebar-style":"default","ast-global-header-display":"","ast-banner-title-visibility":"","ast-main-header-display":"","ast-hfb-above-header-display":"","ast-hfb-below-header-display":"","ast-hfb-mobile-header-display":"","site-post-title":"","ast-breadcrumbs-content":"","ast-featured-img":"","footer-sml-layout":"","theme-transparent-header-meta":"","adv-header-id-meta":"","stick-header-meta":"","header-above-stick-meta":"","header-main-stick-meta":"","header-below-stick-meta":"","astra-migrate-meta-layouts":"default","ast-page-background-enabled":"default","ast-page-background-meta":{"desktop":{"background-color":"var(--ast-global-color-5)","background-image":"","background-repeat":"repeat","background-position":"center center","background-size":"auto","background-attachment":"scroll","background-type":"","background-media":"","overlay-type":"","overlay-color":"","overlay-opacity":"","overlay-gradient":""},"tablet":{"background-color":"","background-image":"","background-repeat":"repeat","background-position":"center center","background-size":"auto","background-attachment":"scroll","background-type":"","background-media":"","overlay-type":"","overlay-color":"","overlay-opacity":"","overlay-gradient":""},"mobile":{"background-color":"","background-image":"","background-repeat":"repeat","background-position":"center center","background-size":"auto","background-attachment":"scroll","background-type":"","background-media":"","overlay-type":"","overlay-color":"","overlay-opacity":"","overlay-gradient":""}},"ast-content-background-meta":{"desktop":{"background-color":"var(--ast-global-color-4)","background-image":"","background-repeat":"repeat","background-position":"center center","background-size":"auto","background-attachment":"scroll","background-type":"","background-media":"","overlay-type":"","overlay-color":"","overlay-opacity":"","overlay-gradient":""},"tablet":{"background-color":"var(--ast-global-color-4)","background-image":"","background-repeat":"repeat","background-position":"center center","background-size":"auto","background-attachment":"scroll","background-type":"","background-media":"","overlay-type":"","overlay-color":"","overlay-opacity":"","overlay-gradient":""},"mobile":{"background-color":"var(--ast-global-color-4)","background-image":"","background-repeat":"repeat","background-position":"center center","background-size":"auto","background-attachment":"scroll","background-type":"","background-media":"","overlay-type":"","overlay-color":"","overlay-opacity":"","overlay-gradient":""}}},"product_brand":[444],"product_cat":[461,388],"product_tag":[],"class_list":{"0":"post-4981","1":"product","2":"type-product","3":"status-publish","4":"has-post-thumbnail","6":"product_brand-grundig","7":"product_cat-grundig","8":"product_cat-ip-sitove-kamery","9":"desktop-align-left","10":"tablet-align-left","11":"mobile-align-left","13":"first","14":"instock","15":"taxable","16":"shipping-taxable","17":"purchasable","18":"product-type-simple"},"translation":{"provider":"WPGlobus","version":"3.0.1","language":"es","enabled_languages":["en","es","de","fr","ru"],"languages":{"en":{"title":true,"content":true,"excerpt":false},"es":{"title":false,"content":false,"excerpt":false},"de":{"title":false,"content":false,"excerpt":false},"fr":{"title":false,"content":false,"excerpt":false},"ru":{"title":false,"content":false,"excerpt":false}}},"_links":{"self":[{"href":"https:\/\/www.cpplus.si\/es\/wp-json\/wp\/v2\/product\/4981","targetHints":{"allow":["GET"]}}],"collection":[{"href":"https:\/\/www.cpplus.si\/es\/wp-json\/wp\/v2\/product"}],"about":[{"href":"https:\/\/www.cpplus.si\/es\/wp-json\/wp\/v2\/types\/product"}],"wp:featuredmedia":[{"embeddable":true,"href":"https:\/\/www.cpplus.si\/es\/wp-json\/wp\/v2\/media\/4982"}],"wp:attachment":[{"href":"https:\/\/www.cpplus.si\/es\/wp-json\/wp\/v2\/media?parent=4981"}],"wp:term":[{"taxonomy":"product_brand","embeddable":true,"href":"https:\/\/www.cpplus.si\/es\/wp-json\/wp\/v2\/product_brand?post=4981"},{"taxonomy":"product_cat","embeddable":true,"href":"https:\/\/www.cpplus.si\/es\/wp-json\/wp\/v2\/product_cat?post=4981"},{"taxonomy":"product_tag","embeddable":true,"href":"https:\/\/www.cpplus.si\/es\/wp-json\/wp\/v2\/product_tag?post=4981"}],"curies":[{"name":"wp","href":"https:\/\/api.w.org\/{rel}","templated":true}]}}