{"id":4983,"date":"2025-11-15T21:00:40","date_gmt":"2025-11-15T20:00:40","guid":{"rendered":"https:\/\/www.cpplus.si\/izdelek\/grundig-gu-ci-ac4614egu-ci-ac4614e-4-0-mpix-venkovni-dome-ip-kamera-s-dualnim-prisvitem-kompresi-h-265-a-mikrofonem\/"},"modified":"2026-03-16T11:45:49","modified_gmt":"2026-03-16T10:45:49","slug":"grundig-gu-ci-ac4614e-gu-ci-ac4614e-4-0-mpix-venkovni-dome-ip-kamera-s-dualnim-prisvitem-kompresi-h-265-a-mikrofonem","status":"publish","type":"product","link":"https:\/\/www.cpplus.si\/es\/izdelek\/grundig-gu-ci-ac4614e-gu-ci-ac4614e-4-0-mpix-venkovni-dome-ip-kamera-s-dualnim-prisvitem-kompresi-h-265-a-mikrofonem\/","title":{"rendered":"Grundig GU-CI-AC4614E GU-CI-AC4614E 4,0 Mpix zunanja kupolasta IP kamera z dvojno osvetlitvijo, stiskanjem H.265 in mikrofonom"},"content":{"rendered":"<p>4.0 Mpix zunanja kupolasta kamera IP z dvojno osvetlitvijo, stiskanjem H.265 in mikrofonom<br \/>\n* 1\/3&#8243; senzorski \u010dip PS CMOS s 4,0 Mpix * IR-osvetlitev do 25 m + opcijska bela osvetlitev LED do 20 m * PoE \/ napajanje DC 12V * ONVIF * Stiskanje videa H.265 \/ H.264 \/ MJPEG * Najve\u010dja lo\u010dljivost 4,0 Mpix (2560 x 1440) pri 25 slikah na sekundo. * Podpira dvojni tok * Fiksni 2,8 mm objektiv * H: vgrajeni spletni stre\u017enik * Mobilna aplikacija GSVM * CMS sw C-Werk * Vgrajeni mikrofon * SMD &#8211; zaznavanje oseb in vozil * Napredno zaznavanje dogodkov &#8211; pre\u010dkanje \u010drte, vstop in izstop iz obmo\u010dja * Podpora za micro SD do 512 GB * Stopnja za\u0161\u010dite IP67 * Mere 100 x 100 x 90 mm * Te\u017ea 440 g * Barva belo-\u010drna * Material kovina * Poraba energije max. 5.5 W * Triosna monta\u017ea * Ve\u010djezi\u010dni meni (vklju\u010dno s CJ) *<\/p>\n<table class=\"product-specs\" style=\"border-collapse: collapse; width: 100%; margin-top: 10px;\">\n<tbody>\n<tr>\n<th style=\"text-align: left; padding: 6px; border: 1px solid #ddd;\">Odkaz<\/th>\n<td style=\"padding: 6px; border: 1px solid #ddd;\">RJ-45 (10\/100 Base-T)<\/td>\n<\/tr>\n<tr>\n<th style=\"text-align: left; padding: 6px; border: 1px solid #ddd;\">Power<\/th>\n<td style=\"padding: 6px; border: 1px solid #ddd;\">DC 12 V \/ PoE (802.3af)<\/td>\n<\/tr>\n<tr>\n<th style=\"text-align: left; padding: 6px; border: 1px solid #ddd;\">Temperatura delovanja<\/th>\n<td style=\"padding: 6px; border: 1px solid #ddd;\">-35 \u00b0C do 60 \u00b0C<\/td>\n<\/tr>\n<tr>\n<th style=\"text-align: left; padding: 6px; border: 1px solid #ddd;\">Neto te\u017ea EXPORT KG<\/th>\n<td style=\"padding: 6px; border: 1px solid #ddd;\">0,440<\/td>\n<\/tr>\n<tr>\n<th style=\"text-align: left; padding: 6px; border: 1px solid #ddd;\">Producent<\/th>\n<td style=\"padding: 6px; border: 1px solid #ddd;\">Grundig<\/td>\n<\/tr>\n<tr>\n<th style=\"text-align: left; padding: 6px; border: 1px solid #ddd;\">Identifikacija osebe in vozila (SMD)<\/th>\n<td style=\"padding: 6px; border: 1px solid #ddd;\">Asi<\/td>\n<\/tr>\n<tr>\n<th style=\"text-align: left; padding: 6px; border: 1px solid #ddd;\">Alarm<\/th>\n<td style=\"padding: 6px; border: 1px solid #ddd;\">Ne<\/td>\n<\/tr>\n<tr>\n<th style=\"text-align: left; padding: 6px; border: 1px solid #ddd;\">Audio<\/th>\n<td style=\"padding: 6px; border: 1px solid #ddd;\">1x vgrajeni mikrofon<\/td>\n<\/tr>\n<tr>\n<th style=\"text-align: left; padding: 6px; border: 1px solid #ddd;\">Elektronski zaklop<\/th>\n<td style=\"padding: 6px; border: 1px solid #ddd;\">Automatski\/ro\u010dni, 1\/3 s &#8211; 1\/100 000 s.<\/td>\n<\/tr>\n<tr>\n<th style=\"text-align: left; padding: 6px; border: 1px solid #ddd;\">ICR (dnevni\/no\u010dni filter)<\/th>\n<td style=\"padding: 6px; border: 1px solid #ddd;\">Samodejni ICR, barvni, \u010drno-beli<\/td>\n<\/tr>\n<tr>\n<th style=\"text-align: left; padding: 6px; border: 1px solid #ddd;\">osvetlitev IR<\/th>\n<td style=\"padding: 6px; border: 1px solid #ddd;\">Doseg do 25 metrov, doseg bele svetlobe do 20 metrov<\/td>\n<\/tr>\n<tr>\n<th style=\"text-align: left; padding: 6px; border: 1px solid #ddd;\">Kompenzacija svetlobe<\/th>\n<td style=\"padding: 6px; border: 1px solid #ddd;\">BLC \/ HLC \/ 3DNR \/ DWDR<\/td>\n<\/tr>\n<tr>\n<th style=\"text-align: left; padding: 6px; border: 1px solid #ddd;\">Vrednost minimalne osvetlitve<\/th>\n<td style=\"padding: 6px; border: 1px solid #ddd;\">Color: 0,004 lux @ F 1,6, B&#038;W: 0,006 lux @ F 1,6, 0 lux (IR on)<\/td>\n<\/tr>\n<tr>\n<th style=\"text-align: left; padding: 6px; border: 1px solid #ddd;\">Cilj<\/th>\n<td style=\"padding: 6px; border: 1px solid #ddd;\">2,8 mm , vidni kot H: 96\u00b0<\/td>\n<\/tr>\n<tr>\n<th style=\"text-align: left; padding: 6px; border: 1px solid #ddd;\">Pixely<\/th>\n<td style=\"padding: 6px; border: 1px solid #ddd;\">2560 x 1440<\/td>\n<\/tr>\n<tr>\n<th style=\"text-align: left; padding: 6px; border: 1px solid #ddd;\">Polno zaznavanje dogodkov<\/th>\n<td style=\"padding: 6px; border: 1px solid #ddd;\">Odkrivanje oseb ali vozil, pre\u010dkanje \u010drte, vdor<\/td>\n<\/tr>\n<tr>\n<th style=\"text-align: left; padding: 6px; border: 1px solid #ddd;\">Resolucija<\/th>\n<td style=\"padding: 6px; border: 1px solid #ddd;\">4,0 Mpix (2560 \u00d7 1440)<\/td>\n<\/tr>\n<tr>\n<th style=\"poravnava besedila: levo; padding: 6px; border: 1px solid #ddd;\">Privatna obmo\u010dja<\/th>\n<td style=\"padding: 6px; border: 1px solid #ddd;\">Ne<\/td>\n<\/tr>\n<tr>\n<th style=\"text-align: left; padding: 6px; border: 1px solid #ddd;\">Raven pokritosti<\/th>\n<td style=\"padding: 6px; border: 1px solid #ddd;\">IP 67<\/td>\n<\/tr>\n<tr>\n<th style=\"text-align: left; padding: 6px; border: 1px solid #ddd;\">Razpolo\u017eljivi ra\u010duni<\/th>\n<td style=\"padding: 6px; border: 1px solid #ddd;\">Maxum 7 users<\/td>\n<\/tr>\n<tr>\n<th style=\"text-align: left; padding: 6px; border: 1px solid #ddd;\">Vogal okvirja &#8211; zaobljen<\/th>\n<td style=\"padding: 6px; border: 1px solid #ddd;\">95\u00b0<\/td>\n<\/tr>\n<\/tbody>\n<\/table>\n","protected":false},"excerpt":{"rendered":"<p>4.0 Mpix zunanja kupolasta kamera IP z dvojno osvetlitvijo, stiskanjem H.265 in mikrofonom * 1\/3&#8243; senzorski \u010dip PS CMOS s [&hellip;]<\/p>\n","protected":false},"featured_media":4984,"template":"","meta":{"site-sidebar-layout":"default","site-content-layout":"","ast-site-content-layout":"","site-content-style":"default","site-sidebar-style":"default","ast-global-header-display":"","ast-banner-title-visibility":"","ast-main-header-display":"","ast-hfb-above-header-display":"","ast-hfb-below-header-display":"","ast-hfb-mobile-header-display":"","site-post-title":"","ast-breadcrumbs-content":"","ast-featured-img":"","footer-sml-layout":"","theme-transparent-header-meta":"","adv-header-id-meta":"","stick-header-meta":"","header-above-stick-meta":"","header-main-stick-meta":"","header-below-stick-meta":"","astra-migrate-meta-layouts":"default","ast-page-background-enabled":"default","ast-page-background-meta":{"desktop":{"background-color":"var(--ast-global-color-5)","background-image":"","background-repeat":"repeat","background-position":"center center","background-size":"auto","background-attachment":"scroll","background-type":"","background-media":"","overlay-type":"","overlay-color":"","overlay-opacity":"","overlay-gradient":""},"tablet":{"background-color":"","background-image":"","background-repeat":"repeat","background-position":"center center","background-size":"auto","background-attachment":"scroll","background-type":"","background-media":"","overlay-type":"","overlay-color":"","overlay-opacity":"","overlay-gradient":""},"mobile":{"background-color":"","background-image":"","background-repeat":"repeat","background-position":"center center","background-size":"auto","background-attachment":"scroll","background-type":"","background-media":"","overlay-type":"","overlay-color":"","overlay-opacity":"","overlay-gradient":""}},"ast-content-background-meta":{"desktop":{"background-color":"var(--ast-global-color-4)","background-image":"","background-repeat":"repeat","background-position":"center center","background-size":"auto","background-attachment":"scroll","background-type":"","background-media":"","overlay-type":"","overlay-color":"","overlay-opacity":"","overlay-gradient":""},"tablet":{"background-color":"var(--ast-global-color-4)","background-image":"","background-repeat":"repeat","background-position":"center center","background-size":"auto","background-attachment":"scroll","background-type":"","background-media":"","overlay-type":"","overlay-color":"","overlay-opacity":"","overlay-gradient":""},"mobile":{"background-color":"var(--ast-global-color-4)","background-image":"","background-repeat":"repeat","background-position":"center center","background-size":"auto","background-attachment":"scroll","background-type":"","background-media":"","overlay-type":"","overlay-color":"","overlay-opacity":"","overlay-gradient":""}}},"product_brand":[444],"product_cat":[388,461],"product_tag":[],"class_list":{"0":"post-4983","1":"product","2":"type-product","3":"status-publish","4":"has-post-thumbnail","6":"product_brand-grundig","7":"product_cat-ip-sitove-kamery","8":"product_cat-grundig","9":"desktop-align-left","10":"tablet-align-left","11":"mobile-align-left","13":"first","14":"instock","15":"taxable","16":"shipping-taxable","17":"purchasable","18":"product-type-simple"},"translation":{"provider":"WPGlobus","version":"3.0.1","language":"es","enabled_languages":["en","es","de","fr","ru"],"languages":{"en":{"title":true,"content":true,"excerpt":false},"es":{"title":false,"content":false,"excerpt":false},"de":{"title":false,"content":false,"excerpt":false},"fr":{"title":false,"content":false,"excerpt":false},"ru":{"title":false,"content":false,"excerpt":false}}},"_links":{"self":[{"href":"https:\/\/www.cpplus.si\/es\/wp-json\/wp\/v2\/product\/4983","targetHints":{"allow":["GET"]}}],"collection":[{"href":"https:\/\/www.cpplus.si\/es\/wp-json\/wp\/v2\/product"}],"about":[{"href":"https:\/\/www.cpplus.si\/es\/wp-json\/wp\/v2\/types\/product"}],"wp:featuredmedia":[{"embeddable":true,"href":"https:\/\/www.cpplus.si\/es\/wp-json\/wp\/v2\/media\/4984"}],"wp:attachment":[{"href":"https:\/\/www.cpplus.si\/es\/wp-json\/wp\/v2\/media?parent=4983"}],"wp:term":[{"taxonomy":"product_brand","embeddable":true,"href":"https:\/\/www.cpplus.si\/es\/wp-json\/wp\/v2\/product_brand?post=4983"},{"taxonomy":"product_cat","embeddable":true,"href":"https:\/\/www.cpplus.si\/es\/wp-json\/wp\/v2\/product_cat?post=4983"},{"taxonomy":"product_tag","embeddable":true,"href":"https:\/\/www.cpplus.si\/es\/wp-json\/wp\/v2\/product_tag?post=4983"}],"curies":[{"name":"wp","href":"https:\/\/api.w.org\/{rel}","templated":true}]}}