{"id":5194,"date":"2025-11-15T21:00:40","date_gmt":"2025-11-15T20:00:40","guid":{"rendered":"https:\/\/www.cpplus.si\/izdelek\/cp-unc-tc41l5c-vmd-lqcp-unc-tc41l5c-vmd-lq-4-0-mpix-venkovni-kompaktni-ip-kamera-s-dualnim-prisvitem-starlight-h-265-wdr-a-mikrofonem\/"},"modified":"2026-04-22T12:13:38","modified_gmt":"2026-04-22T10:13:38","slug":"cp-unc-tc41l5c-vmd-lq-cp-unc-tc41l5c-vmd-lq-4-0-mpix-venkovni-kompaktni-ip-kamera-s-dualnim-prisvitem-starlight-h-265-wdr-a-mikrofonem","status":"publish","type":"product","link":"https:\/\/www.cpplus.si\/es\/izdelek\/cp-unc-tc41l5c-vmd-lq-cp-unc-tc41l5c-vmd-lq-4-0-mpix-venkovni-kompaktni-ip-kamera-s-dualnim-prisvitem-starlight-h-265-wdr-a-mikrofonem\/","title":{"rendered":"CP-UNC-TC41L5C-VMD-LQ CP-UNC-TC41L5C-VMD-LQ Zunanja kompaktna IP-kamera z lo\u010dljivostjo 4,0 milijona pik, dvojno osvetlitvijo, zvezdno svetlobo, H.265, WDR in mikrofonom"},"content":{"rendered":"<p>4.0 Mpix zunanja kompaktna IP kamera z dvojno osvetlitvijo, zvezdno svetlobo, H.265, WDR in mikrofonom<br \/>\n* Visokokakovostna komponentna osnova za zahtevne aplikacije * 1\/2,7-pal\u010dni senzorski \u010dip PS CMOS s 4,0 Mpix * IR-osvetlitev do 50 m + opcijska bela osvetlitev LED do 30 m * filter ICR (dan in no\u010d), WDR (120 dB), 3DNR, ROI, AWB, AGC, BLC, HLC * podpora Micro SD do 512 GB * napajanje PoE\/DC 12V * ONVIF S\/G\/T * stiskanje videa H.265 \/ H.264+ \/ H.264 \/ MJPEG * lo\u010dljivost 4,0 Mpix (2688&#215;1520) pri 20 sli\u010dicah na sekundo. * Podpira \u0161tirikratno pretakanje * Fiksni 3,6 mm objektiv * H: * Vgrajen spletni stre\u017enik * CMS sw KVMS PRO Lite * Napredno zaznavanje dogodkov (pre\u010dkanje \u010drte, vdor na obmo\u010dje, zaznavanje osebe ali vozila, zaznavanje zvoka) * Mobilna aplikacija CMOB * Stopnja za\u0161\u010dite IP67 * 1 x zvo\u010dni vhod, 1 x zvo\u010dni izhod * 1 x vgrajeni mikrofon * 1 x vhod za alarm in 1 x izhod za alarm * Dimenzije 239 x 91 x 91 mm * Te\u017ea 720 g * Barva belo-\u010drna * Material kovina * Podpora brskalnikom IE, Edge, Chrome, Firefox * Poraba energije najve\u010d 7,2 W *<\/p>\n<table class=\"product-specs\" style=\"border-collapse: collapse; width: 100%; margin-top: 10px;\">\n<tbody>\n<tr>\n<th style=\"text-align: left; padding: 6px; border: 1px solid #ddd;\">Vti\u010d<\/th>\n<td style=\"padding: 6px; border: 1px solid #ddd;\">RJ-45 (10\/100 Base-T)<\/td>\n<\/tr>\n<tr>\n<th style=\"text-align: left; padding: 6px; border: 1px solid #ddd;\">Power<\/th>\n<td style=\"padding: 6px; border: 1px solid #ddd;\">DC 12 V \/ PoE (802.3af)<\/td>\n<\/tr>\n<tr>\n<th style=\"text-align: left; padding: 6px; border: 1px solid #ddd;\">Temperatura delovanja<\/th>\n<td style=\"padding: 6px; border: 1px solid #ddd;\">-40 \u00b0C do 60 \u00b0C<\/td>\n<\/tr>\n<tr>\n<th style=\"text-align: left; padding: 6px; border: 1px solid #ddd;\">Neto te\u017ea EXPORT KG<\/th>\n<td style=\"padding: 6px; border: 1px solid #ddd;\">0,690<\/td>\n<\/tr>\n<tr>\n<th style=\"text-align: left; padding: 6px; border: 1px solid #ddd;\">Producent<\/th>\n<td style=\"padding: 6px; border: 1px solid #ddd;\">CP PLUS<\/td>\n<\/tr>\n<tr>\n<th style=\"text-align: left; padding: 6px; border: 1px solid #ddd;\">Razpoznavanje oseb in vozil (SMD)<\/th>\n<td style=\"padding: 6px; border: 1px solid #ddd;\">Asi<\/td>\n<\/tr>\n<tr>\n<th style=\"text-align: left; padding: 6px; border: 1px solid #ddd;\">Alarm<\/th>\n<td style=\"padding: 6px; border: 1px solid #ddd;\">1x alarmni vhod, 1x alarmni izhod<\/td>\n<\/tr>\n<tr>\n<th style=\"text-align: left; padding: 6px; border: 1px solid #ddd;\">Audio<\/th>\n<td style=\"padding: 6px; border: 1px solid #ddd;\">1x zvo\u010dni vhod, 1x zvo\u010dni izhod, 1x vgrajeni mikrofon<\/td>\n<\/tr>\n<tr>\n<th style=\"text-align: left; padding: 6px; border: 1px solid #ddd;\">Elektronski zaklop<\/th>\n<td style=\"padding: 6px; border: 1px solid #ddd;\">Automatski\/ro\u010dni, 1\/3 s &#8211; 1\/100000 s.<\/td>\n<\/tr>\n<tr>\n<th style=\"text-align: left; padding: 6px; border: 1px solid #ddd;\">ICR (dnevni\/no\u010dni filter)<\/th>\n<td style=\"padding: 6px; border: 1px solid #ddd;\">Samodejni ICR, barvni, \u010drno-beli<\/td>\n<\/tr>\n<tr>\n<th style=\"text-align: left; padding: 6px; border: 1px solid #ddd;\">osvetlitev IR<\/th>\n<td style=\"padding: 6px; border: 1px solid #ddd;\">osvetlitev IR do 50 m + opcijska bela lu\u010d LED do 30 m<\/td>\n<\/tr>\n<tr>\n<th style=\"text-align: left; padding: 6px; border: 1px solid #ddd;\">Kompenzacija svetlobe<\/th>\n<td style=\"padding: 6px; border: 1px solid #ddd;\">BLC\/HLC\/WDR (120dB)<\/td>\n<\/tr>\n<tr>\n<th style=\"text-align: left; padding: 6px; border: 1px solid #ddd;\">Vrednost minimalne osvetlitve<\/th>\n<td style=\"padding: 6px; border: 1px solid #ddd;\">Color: 0,001 lux @ F 1,4, B&#038;W: 0,0001 lux @ F 1,4, 0 lux (IR on)<\/td>\n<\/tr>\n<tr>\n<th style=\"text-align: left; padding: 6px; border: 1px solid #ddd;\">Cilj<\/th>\n<td style=\"padding: 6px; border: 1px solid #ddd;\">3,6 mm , kot H: 84\u00b0<\/td>\n<\/tr>\n<tr>\n<th style=\"text-align: left; padding: 6px; border: 1px solid #ddd;\">Pixely<\/th>\n<td style=\"padding: 6px; border: 1px solid #ddd;\">2688&#215;1520, ROI 4 lokacije pove\u010danega interesa (dodatna kakovost)<\/td>\n<\/tr>\n<tr>\n<th style=\"text-align: left; padding: 6px; border: 1px solid #ddd;\">napredno zaznavanje dogodkov<\/th>\n<td style=\"padding: 6px; border: 1px solid #ddd;\">zaznavanje oseb ali vozil, pre\u010dkanje \u010drte, vdor, zaznavanje zvoka<\/td>\n<\/tr>\n<tr>\n<th style=\"text-align: left; padding: 6px; border: 1px solid #ddd;\">Resolucija<\/th>\n<td style=\"padding: 6px; border: 1px solid #ddd;\">4,0 Mpix (2688 \u00d7 1520, 2560 \u00d7 1440), 3,0 Mpix (2304 \u00d7 1296), 2,0 Mpix (1920 \u00d7 1080), 1,3 Mpix (1280 \u00d7 960), 720p (1280 \u00d7 720), D1 (704 \u00d7 576 \/ 704 \u00d7 480), VGA (640 \u00d7 480), CIF (352 \u00d7 288 \/ 352 \u00d7 240)<\/td>\n<\/tr>\n<tr>\n<th style=\"text-align: left; padding: 6px; border: 1px solid #ddd;\">Privatni prostori<\/th>\n<td style=\"padding: 6px; border: 1px solid #ddd;\">Do 4 ozemelj<\/td>\n<\/tr>\n<tr>\n<th style=\"text-align: left; padding: 6px; border: 1px solid #ddd;\">Potro\u0161nja<\/th>\n<td style=\"padding: 6px; border: 1px solid #ddd;\">Maksimalno 7,2 W<\/td>\n<\/tr>\n<tr>\n<th style=\"text-align: left; padding: 6px; border: 1px solid #ddd;\">Razpon ravni<\/th>\n<td style=\"padding: 6px; border: 1px solid #ddd;\">IP 67<\/td>\n<\/tr>\n<tr>\n<th style=\"text-align: left; padding: 6px; border: 1px solid #ddd;\">Razpolo\u017eljivi ra\u010duni<\/th>\n<td style=\"padding: 6px; border: 1px solid #ddd;\">Maxum 20 users<\/td>\n<\/tr>\n<\/tbody>\n<\/table>\n","protected":false},"excerpt":{"rendered":"<p>4.0 Mpix zunanja kompaktna IP kamera z dvojno osvetlitvijo, zvezdno svetlobo, H.265, WDR in mikrofonom * Visokokakovostna komponentna osnova za [&hellip;]<\/p>\n","protected":false},"featured_media":5437,"template":"","meta":{"site-sidebar-layout":"default","site-content-layout":"","ast-site-content-layout":"default","site-content-style":"default","site-sidebar-style":"default","ast-global-header-display":"","ast-banner-title-visibility":"","ast-main-header-display":"","ast-hfb-above-header-display":"","ast-hfb-below-header-display":"","ast-hfb-mobile-header-display":"","site-post-title":"","ast-breadcrumbs-content":"","ast-featured-img":"","footer-sml-layout":"","theme-transparent-header-meta":"default","adv-header-id-meta":"","stick-header-meta":"","header-above-stick-meta":"","header-main-stick-meta":"","header-below-stick-meta":"","astra-migrate-meta-layouts":"set","ast-page-background-enabled":"default","ast-page-background-meta":{"desktop":{"background-color":"var(--ast-global-color-5)","background-image":"","background-repeat":"repeat","background-position":"center center","background-size":"auto","background-attachment":"scroll","background-type":"","background-media":"","overlay-type":"","overlay-color":"","overlay-opacity":"","overlay-gradient":""},"tablet":{"background-color":"","background-image":"","background-repeat":"repeat","background-position":"center center","background-size":"auto","background-attachment":"scroll","background-type":"","background-media":"","overlay-type":"","overlay-color":"","overlay-opacity":"","overlay-gradient":""},"mobile":{"background-color":"","background-image":"","background-repeat":"repeat","background-position":"center center","background-size":"auto","background-attachment":"scroll","background-type":"","background-media":"","overlay-type":"","overlay-color":"","overlay-opacity":"","overlay-gradient":""}},"ast-content-background-meta":{"desktop":{"background-color":"var(--ast-global-color-4)","background-image":"","background-repeat":"repeat","background-position":"center center","background-size":"auto","background-attachment":"scroll","background-type":"","background-media":"","overlay-type":"","overlay-color":"","overlay-opacity":"","overlay-gradient":""},"tablet":{"background-color":"var(--ast-global-color-4)","background-image":"","background-repeat":"repeat","background-position":"center center","background-size":"auto","background-attachment":"scroll","background-type":"","background-media":"","overlay-type":"","overlay-color":"","overlay-opacity":"","overlay-gradient":""},"mobile":{"background-color":"var(--ast-global-color-4)","background-image":"","background-repeat":"repeat","background-position":"center center","background-size":"auto","background-attachment":"scroll","background-type":"","background-media":"","overlay-type":"","overlay-color":"","overlay-opacity":"","overlay-gradient":""}}},"product_brand":[383],"product_cat":[384,388,406],"product_tag":[],"class_list":{"0":"post-5194","1":"product","2":"type-product","3":"status-publish","4":"has-post-thumbnail","6":"product_brand-cp-plus","7":"product_cat-kamery-4v1","8":"product_cat-ip-sitove-kamery","9":"product_cat-4-0-mpix","10":"desktop-align-left","11":"tablet-align-left","12":"mobile-align-left","14":"first","15":"instock","16":"taxable","17":"shipping-taxable","18":"purchasable","19":"product-type-simple"},"translation":{"provider":"WPGlobus","version":"3.0.1","language":"es","enabled_languages":["en","es","de","fr","ru"],"languages":{"en":{"title":true,"content":true,"excerpt":false},"es":{"title":false,"content":false,"excerpt":false},"de":{"title":false,"content":false,"excerpt":false},"fr":{"title":false,"content":false,"excerpt":false},"ru":{"title":false,"content":false,"excerpt":false}}},"_links":{"self":[{"href":"https:\/\/www.cpplus.si\/es\/wp-json\/wp\/v2\/product\/5194","targetHints":{"allow":["GET"]}}],"collection":[{"href":"https:\/\/www.cpplus.si\/es\/wp-json\/wp\/v2\/product"}],"about":[{"href":"https:\/\/www.cpplus.si\/es\/wp-json\/wp\/v2\/types\/product"}],"wp:featuredmedia":[{"embeddable":true,"href":"https:\/\/www.cpplus.si\/es\/wp-json\/wp\/v2\/media\/5437"}],"wp:attachment":[{"href":"https:\/\/www.cpplus.si\/es\/wp-json\/wp\/v2\/media?parent=5194"}],"wp:term":[{"taxonomy":"product_brand","embeddable":true,"href":"https:\/\/www.cpplus.si\/es\/wp-json\/wp\/v2\/product_brand?post=5194"},{"taxonomy":"product_cat","embeddable":true,"href":"https:\/\/www.cpplus.si\/es\/wp-json\/wp\/v2\/product_cat?post=5194"},{"taxonomy":"product_tag","embeddable":true,"href":"https:\/\/www.cpplus.si\/es\/wp-json\/wp\/v2\/product_tag?post=5194"}],"curies":[{"name":"wp","href":"https:\/\/api.w.org\/{rel}","templated":true}]}}