{"id":5379,"date":"2026-01-29T22:00:07","date_gmt":"2026-01-29T21:00:07","guid":{"rendered":"https:\/\/www.cpplus.si\/izdelek\/gu-rn-ac8104p-sitovy-videorekorder-nvr-s-kompresi-h-265-a-poe-pro-pripojeni-ctyr-ip-kamer-s-ai-funkcemi-bez-nutnosti-ai-kamer\/"},"modified":"2026-02-20T12:29:11","modified_gmt":"2026-02-20T11:29:11","slug":"gu-rn-ac8104p-sitovy-videorekorder-nvr-s-kompresi-h-265-a-poe-pro-pripojeni-ctyr-ip-kamer-s-ai-funkcemi-bez-nutnosti-ai-kamer","status":"publish","type":"product","link":"https:\/\/www.cpplus.si\/es\/izdelek\/gu-rn-ac8104p-sitovy-videorekorder-nvr-s-kompresi-h-265-a-poe-pro-pripojeni-ctyr-ip-kamer-s-ai-funkcemi-bez-nutnosti-ai-kamer\/","title":{"rendered":"GU-RN-AC8104P S\u00ed\u0165ov\u00fd videorekord\u00e9r (NVR) s kompres\u00ed H.265 a PoE pro p\u0159ipojen\u00ed \u010dty\u0159 IP kamer s AI funkcemi bez nutnosti AI kamer"},"content":{"rendered":"<p>S\u00ed\u0165ov\u00fd videorekord\u00e9r 4K s PoE a podporou AI funkc\u00ed<br \/>\n* Pro spr\u00e1vu a\u017e 4 IP kamer * Komprese H.265+ \/ H.265 \/ H.264+ \/ H.264 \/ MJPEG * Max. 50 Mbps p\u0159\u00edchoz\u00ed \/ 64 Mbps odchoz\u00ed datov\u00fd tok * N\u00e1hled, p\u0159ehr\u00e1v\u00e1n\u00ed a nahr\u00e1v\u00e1n\u00ed a\u017e 8 Mpix * Max. rozli\u0161en\u00ed na monitor a\u017e 4K (3840 x 2160) v p\u0159\u00edpad\u011b HDMI nebo Full HD (1920 x 1080) pro VGA * Kompatibiln\u00ed s hlavn\u00edmi zna\u010dkami IP kamer * 4 x PoE konektor RJ-45 IEEE802.3 at\/af (max. 45 W celkem) * HDMI \/ VGA v\u00fdstup * ONVIF S * Podpora AI funkc\u00ed, detekce osoby \u010di vozidla, po\u010d\u00edt\u00e1n\u00ed objekt\u016f, heat mapy, detekce obli\u010deje, rozpozn\u00e1n\u00ed RZ vozidel, detekce d\u00e9lky fronty, detekce naru\u0161en\u00ed a p\u0159ekro\u010den\u00ed \u010d\u00e1ry, vyhled\u00e1v\u00e1n\u00ed dle atribut\u016f obli\u010deje, dle osoby \u010di vozidla, ochrana perimetru apod. &#8211; pro n\u011bkter\u00e9 funkce je nutno pou\u017e\u00edt kamery s t\u011bmito funkcemi * Inteligentn\u00ed vyhled\u00e1v\u00e1n\u00ed * Audio: 1 kan\u00e1l vstup a 1 kan\u00e1l v\u00fdstup * 1 x SATA HDD, max. kapacita 10 TB * 2 x USB 2.0 * 1 x RS485 a 1 x e-SATA * 4 alarm vstup a 1 alarm v\u00fdstup * Vestav\u011bn\u00fd web server * Mobiln\u00ed aplikace GSVM * CMS sw C-Werk * Rozm\u011bry 300 x 227 x 53 mm * Nap\u00e1jen\u00ed DC 48 V \/ 1.2 A (zdroj sou\u010d\u00e1st\u00ed) * Hmotnost 1000 g (bez HDD) * Spot\u0159eba max. 5 W (bez HDD) *<\/p>\n<table class=\"product-specs\" style=\"border-collapse: collapse; width: 100%; margin-top: 10px;\">\n<tbody>\n<tr>\n<th style=\"text-align: left; padding: 6px; border: 1px solid #ddd;\">P\u0159ipojen\u00ed<\/th>\n<td style=\"padding: 6px; border: 1px solid #ddd;\">1x RJ-45 port (10\/100 Mbps), 4x RJ-45 s PoE (IEEE802.3,at\/af), 2x USB 2.0, 1 x e-SATA<\/td>\n<\/tr>\n<tr>\n<th style=\"text-align: left; padding: 6px; border: 1px solid #ddd;\">Nap\u00e1jen\u00ed<\/th>\n<td style=\"padding: 6px; border: 1px solid #ddd;\">Pomoc\u00ed dodan\u00e9ho s\u00ed\u0165ov\u00e9ho adapt\u00e9ru DC 48 V \/ 1.2 A<\/td>\n<\/tr>\n<tr>\n<th style=\"text-align: left; padding: 6px; border: 1px solid #ddd;\">Provozn\u00ed teplota<\/th>\n<td style=\"padding: 6px; border: 1px solid #ddd;\">-10\u00b0C a\u017e +50\u00b0C<\/td>\n<\/tr>\n<tr>\n<th style=\"text-align: left; padding: 6px; border: 1px solid #ddd;\">Hmotnost NETTO EXPORT KG<\/th>\n<td style=\"padding: 6px; border: 1px solid #ddd;\">1.000<\/td>\n<\/tr>\n<tr>\n<th style=\"text-align: left; padding: 6px; border: 1px solid #ddd;\">V\u00fdrobce<\/th>\n<td style=\"padding: 6px; border: 1px solid #ddd;\">Grundig<\/td>\n<\/tr>\n<tr>\n<th style=\"text-align: left; padding: 6px; border: 1px solid #ddd;\">Rozpozn\u00e1n\u00ed osoby a vozidla (SMD)<\/th>\n<td style=\"padding: 6px; border: 1px solid #ddd;\">Ano<\/td>\n<\/tr>\n<tr>\n<th style=\"text-align: left; padding: 6px; border: 1px solid #ddd;\">Akce p\u0159i ud\u00e1losti<\/th>\n<td style=\"padding: 6px; border: 1px solid #ddd;\">Odesl\u00e1n\u00ed emailu, spu\u0161t\u011bn\u00ed alarmov\u00e9ho v\u00fdstupu, push notifikace pro GSVM aplikaci a C-WERK, upload na FTP, spu\u0161t\u011bn\u00ed nahr\u00e1v\u00e1n\u00ed videa a\/nebo sn\u00edm\u00e1n\u00ed obrazu, zobrazen\u00ed zpr\u00e1vy na obrazovce, PTZ propojen\u00ed, hlasov\u00e1 v\u00fdzva, bzu\u010d\u00e1k<\/td>\n<\/tr>\n<tr>\n<th style=\"text-align: left; padding: 6px; border: 1px solid #ddd;\">Alarm<\/th>\n<td style=\"padding: 6px; border: 1px solid #ddd;\">4x vstup, 1x v\u00fdstup<\/td>\n<\/tr>\n<tr>\n<th style=\"text-align: left; padding: 6px; border: 1px solid #ddd;\">Audio<\/th>\n<td style=\"padding: 6px; border: 1px solid #ddd;\">1x vstup, 1x v\u00fdstup, RCA konektory (dvoucestn\u00e9 audio)<\/td>\n<\/tr>\n<tr>\n<th style=\"text-align: left; padding: 6px; border: 1px solid #ddd;\">Detekce pohybu<\/th>\n<td style=\"padding: 6px; border: 1px solid #ddd;\">396 z\u00f3n (22 x 18)<\/td>\n<\/tr>\n<tr>\n<th style=\"text-align: left; padding: 6px; border: 1px solid #ddd;\">Funkce p\u0159i p\u0159ehr\u00e1v\u00e1n\u00ed<\/th>\n<td style=\"padding: 6px; border: 1px solid #ddd;\">P\u0159ehr\u00e1v\u00e1n\u00ed, pauza, stop, p\u0159et\u00e1\u010den\u00ed, rychl\u00e9 p\u0159ehr\u00e1v\u00e1n\u00ed, pomal\u00e9 p\u0159ehr\u00e1v\u00e1n\u00ed, opakov\u00e1n\u00ed, chytr\u00e9 p\u0159ehr\u00e1v\u00e1n\u00ed, atd.<\/td>\n<\/tr>\n<tr>\n<th style=\"text-align: left; padding: 6px; border: 1px solid #ddd;\">Interval nahr\u00e1v\u00e1n\u00ed<\/th>\n<td style=\"padding: 6px; border: 1px solid #ddd;\">1 &#8211; 120 min. (tov\u00e1rn\u00ed nastaven\u00ed 60 min.), p\u0159edz\u00e1znam 1 &#8211; 30 sekund<\/td>\n<\/tr>\n<tr>\n<th style=\"text-align: left; padding: 6px; border: 1px solid #ddd;\">Komprese videa<\/th>\n<td style=\"padding: 6px; border: 1px solid #ddd;\">H.265+ \/ H.265 \/ H.264+ \/ H.264 \/ MJPEG (vedlej\u0161\u00ed stream)<\/td>\n<\/tr>\n<tr>\n<th style=\"text-align: left; padding: 6px; border: 1px solid #ddd;\">Menu<\/th>\n<td style=\"padding: 6px; border: 1px solid #ddd;\">Grafick\u00e9 rozhran\u00ed<\/td>\n<\/tr>\n<tr>\n<th style=\"text-align: left; padding: 6px; border: 1px solid #ddd;\">Mo\u017enosti vyhled\u00e1v\u00e1n\u00ed<\/th>\n<td style=\"padding: 6px; border: 1px solid #ddd;\">Datum a \u010das, ud\u00e1lost (detekce pohybu), p\u0159esn\u00e9 vyhled\u00e1v\u00e1n\u00ed, alarm, AI search podle kamery<\/td>\n<\/tr>\n<tr>\n<th style=\"text-align: left; padding: 6px; border: 1px solid #ddd;\">Po\u010det spravovan\u00fdch kamer<\/th>\n<td style=\"padding: 6px; border: 1px solid #ddd;\">Maxim\u00e1ln\u011b 4 IP kamery<\/td>\n<\/tr>\n<tr>\n<th style=\"text-align: left; padding: 6px; border: 1px solid #ddd;\">Pokro\u010dil\u00e1 detekce ud\u00e1lost\u00ed<\/th>\n<td style=\"padding: 6px; border: 1px solid #ddd;\">Detekce osoby \u010di vozidla, po\u010d\u00edt\u00e1n\u00ed objekt\u016f, heat mapy, detekce obli\u010deje, rozpozn\u00e1n\u00ed RZ vozidel, detekce d\u00e9lky fronty, detekce naru\u0161en\u00ed a p\u0159ekro\u010den\u00ed \u010d\u00e1ry, vyhled\u00e1v\u00e1n\u00ed dle atribut\u016f obli\u010deje, dle osoby \u010di vozidla, ochrana perimetru apod<\/td>\n<\/tr>\n<tr>\n<th style=\"text-align: left; padding: 6px; border: 1px solid #ddd;\">Rozd\u011blen\u00ed obrazu<\/th>\n<td style=\"padding: 6px; border: 1px solid #ddd;\">1 \/ 4<\/td>\n<\/tr>\n<tr>\n<th style=\"text-align: left; padding: 6px; border: 1px solid #ddd;\">Rozli\u0161en\u00ed na monitor<\/th>\n<td style=\"padding: 6px; border: 1px solid #ddd;\">3840&#215;2160, 1920&#215;1080, 1280&#215;1024, 1280&#215;720, 1024&#215;768<\/td>\n<\/tr>\n<tr>\n<th style=\"text-align: left; padding: 6px; border: 1px solid #ddd;\">Spot\u0159eba<\/th>\n<td style=\"padding: 6px; border: 1px solid #ddd;\">Maxim\u00e1ln\u011b 5 W (bez HDD), PoE maxim\u00e1ln\u011b 65 W<\/td>\n<\/tr>\n<tr>\n<th style=\"text-align: left; padding: 6px; border: 1px solid #ddd;\">U\u017eivatelsk\u00e9 \u00fa\u010dty<\/th>\n<td style=\"padding: 6px; border: 1px solid #ddd;\">Maxim\u00e1ln\u011b 96 u\u017eivatel\u016f<\/td>\n<\/tr>\n<\/tbody>\n<\/table>\n","protected":false},"excerpt":{"rendered":"<p>S\u00ed\u0165ov\u00fd videorekord\u00e9r 4K s PoE a podporou AI funkc\u00ed * Pro spr\u00e1vu a\u017e 4 IP kamer * Komprese H.265+ \/ [&hellip;]<\/p>\n","protected":false},"featured_media":5380,"template":"","meta":{"site-sidebar-layout":"default","site-content-layout":"","ast-site-content-layout":"","site-content-style":"default","site-sidebar-style":"default","ast-global-header-display":"","ast-banner-title-visibility":"","ast-main-header-display":"","ast-hfb-above-header-display":"","ast-hfb-below-header-display":"","ast-hfb-mobile-header-display":"","site-post-title":"","ast-breadcrumbs-content":"","ast-featured-img":"","footer-sml-layout":"","theme-transparent-header-meta":"","adv-header-id-meta":"","stick-header-meta":"","header-above-stick-meta":"","header-main-stick-meta":"","header-below-stick-meta":"","astra-migrate-meta-layouts":"default","ast-page-background-enabled":"default","ast-page-background-meta":{"desktop":{"background-color":"var(--ast-global-color-5)","background-image":"","background-repeat":"repeat","background-position":"center center","background-size":"auto","background-attachment":"scroll","background-type":"","background-media":"","overlay-type":"","overlay-color":"","overlay-opacity":"","overlay-gradient":""},"tablet":{"background-color":"","background-image":"","background-repeat":"repeat","background-position":"center center","background-size":"auto","background-attachment":"scroll","background-type":"","background-media":"","overlay-type":"","overlay-color":"","overlay-opacity":"","overlay-gradient":""},"mobile":{"background-color":"","background-image":"","background-repeat":"repeat","background-position":"center center","background-size":"auto","background-attachment":"scroll","background-type":"","background-media":"","overlay-type":"","overlay-color":"","overlay-opacity":"","overlay-gradient":""}},"ast-content-background-meta":{"desktop":{"background-color":"var(--ast-global-color-4)","background-image":"","background-repeat":"repeat","background-position":"center center","background-size":"auto","background-attachment":"scroll","background-type":"","background-media":"","overlay-type":"","overlay-color":"","overlay-opacity":"","overlay-gradient":""},"tablet":{"background-color":"var(--ast-global-color-4)","background-image":"","background-repeat":"repeat","background-position":"center center","background-size":"auto","background-attachment":"scroll","background-type":"","background-media":"","overlay-type":"","overlay-color":"","overlay-opacity":"","overlay-gradient":""},"mobile":{"background-color":"var(--ast-global-color-4)","background-image":"","background-repeat":"repeat","background-position":"center center","background-size":"auto","background-attachment":"scroll","background-type":"","background-media":"","overlay-type":"","overlay-color":"","overlay-opacity":"","overlay-gradient":""}}},"product_brand":[444],"product_cat":[434,435],"product_tag":[],"class_list":{"0":"post-5379","1":"product","2":"type-product","3":"status-publish","4":"has-post-thumbnail","6":"product_brand-grundig","7":"product_cat-ip-sitove-videorekordery-nvr","8":"product_cat-4-kanaly","9":"desktop-align-left","10":"tablet-align-left","11":"mobile-align-left","13":"first","14":"instock","15":"taxable","16":"shipping-taxable","17":"purchasable","18":"product-type-simple"},"translation":{"provider":"WPGlobus","version":"3.0.1","language":"es","enabled_languages":["en","es","de","fr","ru"],"languages":{"en":{"title":true,"content":true,"excerpt":false},"es":{"title":false,"content":false,"excerpt":false},"de":{"title":false,"content":false,"excerpt":false},"fr":{"title":false,"content":false,"excerpt":false},"ru":{"title":false,"content":false,"excerpt":false}}},"_links":{"self":[{"href":"https:\/\/www.cpplus.si\/es\/wp-json\/wp\/v2\/product\/5379","targetHints":{"allow":["GET"]}}],"collection":[{"href":"https:\/\/www.cpplus.si\/es\/wp-json\/wp\/v2\/product"}],"about":[{"href":"https:\/\/www.cpplus.si\/es\/wp-json\/wp\/v2\/types\/product"}],"wp:featuredmedia":[{"embeddable":true,"href":"https:\/\/www.cpplus.si\/es\/wp-json\/wp\/v2\/media\/5380"}],"wp:attachment":[{"href":"https:\/\/www.cpplus.si\/es\/wp-json\/wp\/v2\/media?parent=5379"}],"wp:term":[{"taxonomy":"product_brand","embeddable":true,"href":"https:\/\/www.cpplus.si\/es\/wp-json\/wp\/v2\/product_brand?post=5379"},{"taxonomy":"product_cat","embeddable":true,"href":"https:\/\/www.cpplus.si\/es\/wp-json\/wp\/v2\/product_cat?post=5379"},{"taxonomy":"product_tag","embeddable":true,"href":"https:\/\/www.cpplus.si\/es\/wp-json\/wp\/v2\/product_tag?post=5379"}],"curies":[{"name":"wp","href":"https:\/\/api.w.org\/{rel}","templated":true}]}}