{"id":4099,"date":"2025-11-15T20:53:39","date_gmt":"2025-11-15T19:53:39","guid":{"rendered":"https:\/\/www.cpplus.si\/izdelek\/pulsar-cp-pr-104ventilator-s-termostatem-45c-pro-uzamykatelne-skrinky-na-dvr-nvr-rekordery\/"},"modified":"2026-02-20T12:25:44","modified_gmt":"2026-02-20T11:25:44","slug":"pulsar-cp-pr-104-ventilator-s-termostatem-45c-pro-uzamykatelne-skrinky-na-dvr-nvr-rekordery","status":"publish","type":"product","link":"https:\/\/www.cpplus.si\/fr\/izdelek\/pulsar-cp-pr-104-ventilator-s-termostatem-45c-pro-uzamykatelne-skrinky-na-dvr-nvr-rekordery\/","title":{"rendered":"Pulsar CP-PR-104 Ventilator s 45C\u00b0 termostatom za DVR \/ NVR omare"},"content":{"rendered":"<p>Ventilator s 45C\u00b0 termostatom za DVR \/ NVR omare * Zunanje mere 78 x 78 x 25 mm * Te\u017ea 0.25 kg * Napajanje 230 V AC, 50 Hz * Hitrost 2300 na minuto * Poraba energije 0,08 A, poraba energije 16 W, pretok zraka 21CMF 0,59 m3 \/min * Termostat, fiksiran na 45C\u00b0 * Tip ventilatorja s krogli\u010dnimi le\u017eaji, ventilator se lahko montira v navpi\u010dnem in vodoravnem polo\u017eaju * Za\u0161\u010ditna re\u0161etka in ves monta\u017eni material sta prilo\u017eena * Barva \u010drna. *<\/p>\n<table class=\"product-specs\" style=\"border-collapse: collapse; width: 100%; margin-top: 10px;\">\n<tbody>\n<tr>\n<th style=\"text-align: left; padding: 6px; border: 1px solid #ddd;\">Neto te\u017ea EXPORT KG<\/th>\n<td style=\"padding: 6px; border: 1px solid #ddd;\">8.200<\/td>\n<\/tr>\n<tr>\n<th style=\"text-align: left; padding: 6px; border: 1px solid #ddd;\">Producent<\/th>\n<td style=\"padding: 6px; border: 1px solid #ddd;\">Pulsar<\/td>\n<\/tr>\n<tr>\n<th style=\"text-align: left; padding: 6px; border: 1px solid #ddd;\"><\/th>\n<td style=\"padding: 6px; border: 1px solid #ddd;\"><\/td>\n<\/tr>\n<tr>\n<th style=\"text-align: left; padding: 6px; border: 1px solid #ddd;\"><\/th>\n<td style=\"padding: 6px; border: 1px solid #ddd;\"><\/td>\n<\/tr>\n<tr>\n<th style=\"text-align: left; padding: 6px; border: 1px solid #ddd;\"><\/th>\n<td style=\"padding: 6px; border: 1px solid #ddd;\"><\/td>\n<\/tr>\n<tr>\n<th style=\"text-align: left; padding: 6px; border: 1px solid #ddd;\"><\/th>\n<td style=\"padding: 6px; border: 1px solid #ddd;\"><\/td>\n<\/tr>\n<tr>\n<th style=\"text-align: left; padding: 6px; border: 1px solid #ddd;\"><\/th>\n<td style=\"padding: 6px; border: 1px solid #ddd;\"><\/td>\n<\/tr>\n<tr>\n<th style=\"text-align: left; padding: 6px; border: 1px solid #ddd;\"><\/th>\n<td style=\"padding: 6px; border: 1px solid #ddd;\"><\/td>\n<\/tr>\n<tr>\n<th style=\"text-align: left; padding: 6px; border: 1px solid #ddd;\"><\/th>\n<td style=\"padding: 6px; border: 1px solid #ddd;\"><\/td>\n<\/tr>\n<tr>\n<th style=\"text-align: left; padding: 6px; border: 1px solid #ddd;\"><\/th>\n<td style=\"padding: 6px; border: 1px solid #ddd;\"><\/td>\n<\/tr>\n<tr>\n<th style=\"text-align: left; padding: 6px; border: 1px solid #ddd;\"><\/th>\n<td style=\"padding: 6px; border: 1px solid #ddd;\"><\/td>\n<\/tr>\n<tr>\n<th style=\"text-align: left; padding: 6px; border: 1px solid #ddd;\"><\/th>\n<td style=\"padding: 6px; border: 1px solid #ddd;\"><\/td>\n<\/tr>\n<tr>\n<th style=\"text-align: left; padding: 6px; border: 1px solid #ddd;\"><\/th>\n<td style=\"padding: 6px; border: 1px solid #ddd;\"><\/td>\n<\/tr>\n<tr>\n<th style=\"text-align: left; padding: 6px; border: 1px solid #ddd;\"><\/th>\n<td style=\"padding: 6px; border: 1px solid #ddd;\"><\/td>\n<\/tr>\n<tr>\n<th style=\"text-align: left; padding: 6px; border: 1px solid #ddd;\"><\/th>\n<td style=\"padding: 6px; border: 1px solid #ddd;\"><\/td>\n<\/tr>\n<tr>\n<th style=\"text-align: left; padding: 6px; border: 1px solid #ddd;\"><\/th>\n<td style=\"padding: 6px; border: 1px solid #ddd;\"><\/td>\n<\/tr>\n<tr>\n<th style=\"text-align: left; padding: 6px; border: 1px solid #ddd;\"><\/th>\n<td style=\"padding: 6px; border: 1px solid #ddd;\"><\/td>\n<\/tr>\n<tr>\n<th style=\"text-align: left; padding: 6px; border: 1px solid #ddd;\"><\/th>\n<td style=\"padding: 6px; border: 1px solid #ddd;\"><\/td>\n<\/tr>\n<tr>\n<th style=\"text-align: left; padding: 6px; border: 1px solid #ddd;\"><\/th>\n<td style=\"padding: 6px; border: 1px solid #ddd;\"><\/td>\n<\/tr>\n<tr>\n<th style=\"text-align: left; padding: 6px; border: 1px solid #ddd;\"><\/th>\n<td style=\"padding: 6px; border: 1px solid #ddd;\"><\/td>\n<\/tr>\n<tr>\n<th style=\"text-align: left; padding: 6px; border: 1px solid #ddd;\"><\/th>\n<td style=\"padding: 6px; border: 1px solid #ddd;\"><\/td>\n<\/tr>\n<\/tbody>\n<\/table>\n","protected":false},"excerpt":{"rendered":"<p>Ventilator s 45C\u00b0 termostatom za DVR \/ NVR omare * Zunanje mere 78 x 78 x 25 mm * Te\u017ea [&hellip;]<\/p>\n","protected":false},"featured_media":4100,"template":"","meta":{"site-sidebar-layout":"default","site-content-layout":"","ast-site-content-layout":"","site-content-style":"default","site-sidebar-style":"default","ast-global-header-display":"","ast-banner-title-visibility":"","ast-main-header-display":"","ast-hfb-above-header-display":"","ast-hfb-below-header-display":"","ast-hfb-mobile-header-display":"","site-post-title":"","ast-breadcrumbs-content":"","ast-featured-img":"","footer-sml-layout":"","theme-transparent-header-meta":"","adv-header-id-meta":"","stick-header-meta":"","header-above-stick-meta":"","header-main-stick-meta":"","header-below-stick-meta":"","astra-migrate-meta-layouts":"default","ast-page-background-enabled":"default","ast-page-background-meta":{"desktop":{"background-color":"var(--ast-global-color-5)","background-image":"","background-repeat":"repeat","background-position":"center center","background-size":"auto","background-attachment":"scroll","background-type":"","background-media":"","overlay-type":"","overlay-color":"","overlay-opacity":"","overlay-gradient":""},"tablet":{"background-color":"","background-image":"","background-repeat":"repeat","background-position":"center center","background-size":"auto","background-attachment":"scroll","background-type":"","background-media":"","overlay-type":"","overlay-color":"","overlay-opacity":"","overlay-gradient":""},"mobile":{"background-color":"","background-image":"","background-repeat":"repeat","background-position":"center center","background-size":"auto","background-attachment":"scroll","background-type":"","background-media":"","overlay-type":"","overlay-color":"","overlay-opacity":"","overlay-gradient":""}},"ast-content-background-meta":{"desktop":{"background-color":"var(--ast-global-color-4)","background-image":"","background-repeat":"repeat","background-position":"center center","background-size":"auto","background-attachment":"scroll","background-type":"","background-media":"","overlay-type":"","overlay-color":"","overlay-opacity":"","overlay-gradient":""},"tablet":{"background-color":"var(--ast-global-color-4)","background-image":"","background-repeat":"repeat","background-position":"center center","background-size":"auto","background-attachment":"scroll","background-type":"","background-media":"","overlay-type":"","overlay-color":"","overlay-opacity":"","overlay-gradient":""},"mobile":{"background-color":"var(--ast-global-color-4)","background-image":"","background-repeat":"repeat","background-position":"center center","background-size":"auto","background-attachment":"scroll","background-type":"","background-media":"","overlay-type":"","overlay-color":"","overlay-opacity":"","overlay-gradient":""}}},"product_brand":[414],"product_cat":[391,415,416],"product_tag":[],"class_list":{"0":"post-4099","1":"product","2":"type-product","3":"status-publish","4":"has-post-thumbnail","6":"product_brand-pulsar","7":"product_cat-prislusenstvi","8":"product_cat-racky-a-skrinky","9":"product_cat-pulsar","10":"desktop-align-left","11":"tablet-align-left","12":"mobile-align-left","14":"first","15":"instock","16":"taxable","17":"shipping-taxable","18":"purchasable","19":"product-type-simple"},"translation":{"provider":"WPGlobus","version":"3.0.1","language":"fr","enabled_languages":["en","es","de","fr","ru"],"languages":{"en":{"title":true,"content":true,"excerpt":false},"es":{"title":false,"content":false,"excerpt":false},"de":{"title":false,"content":false,"excerpt":false},"fr":{"title":false,"content":false,"excerpt":false},"ru":{"title":false,"content":false,"excerpt":false}}},"_links":{"self":[{"href":"https:\/\/www.cpplus.si\/fr\/wp-json\/wp\/v2\/product\/4099","targetHints":{"allow":["GET"]}}],"collection":[{"href":"https:\/\/www.cpplus.si\/fr\/wp-json\/wp\/v2\/product"}],"about":[{"href":"https:\/\/www.cpplus.si\/fr\/wp-json\/wp\/v2\/types\/product"}],"wp:featuredmedia":[{"embeddable":true,"href":"https:\/\/www.cpplus.si\/fr\/wp-json\/wp\/v2\/media\/4100"}],"wp:attachment":[{"href":"https:\/\/www.cpplus.si\/fr\/wp-json\/wp\/v2\/media?parent=4099"}],"wp:term":[{"taxonomy":"product_brand","embeddable":true,"href":"https:\/\/www.cpplus.si\/fr\/wp-json\/wp\/v2\/product_brand?post=4099"},{"taxonomy":"product_cat","embeddable":true,"href":"https:\/\/www.cpplus.si\/fr\/wp-json\/wp\/v2\/product_cat?post=4099"},{"taxonomy":"product_tag","embeddable":true,"href":"https:\/\/www.cpplus.si\/fr\/wp-json\/wp\/v2\/product_tag?post=4099"}],"curies":[{"name":"wp","href":"https:\/\/api.w.org\/{rel}","templated":true}]}}