{"id":4539,"date":"2025-11-15T20:56:54","date_gmt":"2025-11-15T19:56:54","guid":{"rendered":"https:\/\/www.cpplus.si\/izdelek\/cp-plus-cp-gc-ht10l2-03601-0-mpix-venkovni-ahd-kamera-s-ir\/"},"modified":"2026-02-20T12:28:18","modified_gmt":"2026-02-20T11:28:18","slug":"cp-plus-cp-gc-ht10l2-0360-1-0-mpix-venkovni-ahd-kamera-s-ir","status":"publish","type":"product","link":"https:\/\/www.cpplus.si\/fr\/izdelek\/cp-plus-cp-gc-ht10l2-0360-1-0-mpix-venkovni-ahd-kamera-s-ir\/","title":{"rendered":"CP PLUS CP-GC-HT10L2-0360 1,0 Mpix zunanja kamera AHD z IR"},"content":{"rendered":"<p>1.0 Mpix zunanja kamera AHD z IR osvetlitvijo * 1\/4&#8243; 1,0 Mpix senzor HQIS Pro * Lo\u010dljivost 1280 x 720 pri 25 sli\u010dicah na sekundo * Ob\u010dutljivost 0,1 luksa barvno in 0 luksov \u010drno-belo (IR vklopljen) @ F 1,2 * Objektiv 3.6 mm * IR-osvetlitev do 20 metrov * Dan\/no\u010d (mehanski filter ICR), AWB, AGC, BLC * Barva bela * Material kovina * Dimenzije 185 x 69 x 77 mm * Napajanje DC12V * Triosna namestitev *<\/p>\n<table class=\"product-specs\" style=\"border-collapse: collapse; width: 100%; margin-top: 10px;\">\n<tbody>\n<tr>\n<th style=\"text-align: left; padding: 6px; border: 1px solid #ddd;\">Mo\u010d<\/th>\n<td style=\"padding: 6px; border: 1px solid #ddd;\">DC 12 V<\/td>\n<\/tr>\n<tr>\n<th style=\"text-align: left; padding: 6px; border: 1px solid #ddd;\">Teplota delovanja<\/th>\n<td style=\"padding: 6px; border: 1px solid #ddd;\">10 \u00b0C do 50 \u00b0C<\/td>\n<\/tr>\n<tr>\n<th style=\"text-align: left; padding: 6px; border: 1px solid #ddd;\">Meritve<\/th>\n<td style=\"padding: 6px; border: 1px solid #ddd;\">185 x 69 x 77 mm<\/td>\n<\/tr>\n<tr>\n<th style=\"text-align: left; padding: 6px; border: 1px solid #ddd;\">Vlaga<\/th>\n<td style=\"padding: 6px; border: 1px solid #ddd;\">280 g<\/td>\n<\/tr>\n<tr>\n<th style=\"text-align: left; padding: 6px; border: 1px solid #ddd;\">\u010cista te\u017ea EXPORT KG<\/th>\n<td style=\"padding: 6px; border: 1px solid #ddd;\">0.280<\/td>\n<\/tr>\n<tr>\n<th style=\"text-align: left; padding: 6px; border: 1px solid #ddd;\">Proizvajalec<\/th>\n<td style=\"padding: 6px; border: 1px solid #ddd;\">CP PLUS<\/td>\n<\/tr>\n<tr>\n<th style=\"text-align: left; padding: 6px; border: 1px solid #ddd;\">AGC<\/th>\n<td style=\"padding: 6px; border: 1px solid #ddd;\">Automatic<\/td>\n<\/tr>\n<tr>\n<th style=\"text-align: left; padding: 6px; border: 1px solid #ddd;\">Elektronski zaklop<\/th>\n<td style=\"padding: 6px; border: 1px solid #ddd;\">1\/50 &#8211; 1\/100000 s<\/td>\n<\/tr>\n<tr>\n<th style=\"text-align: left; padding: 6px; border: 1px solid #ddd;\">Filter ICR<\/th>\n<td style=\"padding: 6px; border: 1px solid #ddd;\">avtomatski<\/td>\n<\/tr>\n<tr>\n<th style=\"text-align: left; padding: 6px; border: 1px solid #ddd;\">osvetlitev IR<\/th>\n<td style=\"padding: 6px; border: 1px solid #ddd;\">do 20 metrov<\/td>\n<\/tr>\n<tr>\n<th style=\"text-align: left; padding: 6px; border: 1px solid #ddd;\">minimalna vrednost osvetlitve<\/th>\n<td style=\"padding: 6px; border: 1px solid #ddd;\">0,1 lux @ F 1,2 \/ 0 lux @ IR on<\/td>\n<\/tr>\n<tr>\n<th style=\"text-align: left; padding: 6px; border: 1px solid #ddd;\">Cilj<\/th>\n<td style=\"padding: 6px; border: 1px solid #ddd;\">3,6 mm<\/td>\n<\/tr>\n<tr>\n<th style=\"text-align: left; padding: 6px; border: 1px solid #ddd;\">Senzor<\/th>\n<td style=\"padding: 6px; border: 1px solid #ddd;\">1\/4&#8243; 1,0-megapikselski HQIS Pro<\/td>\n<\/tr>\n<tr>\n<th style=\"text-align: left; padding: 6px; border: 1px solid #ddd;\">Pripomo\u010dki<\/th>\n<td style=\"padding: 6px; border: 1px solid #ddd;\">Max. 2,5 W (IR on)<\/td>\n<\/tr>\n<tr>\n<th style=\"text-align: left; padding: 6px; border: 1px solid #ddd;\">Skala<\/th>\n<td style=\"padding: 6px; border: 1px solid #ddd;\">IP 66<\/td>\n<\/tr>\n<tr>\n<th style=\"text-align: left; padding: 6px; border: 1px solid #ddd;\">Video streaming<\/th>\n<td style=\"padding: 6px; border: 1px solid #ddd;\">720p @ 25 sn.\/s.<\/td>\n<\/tr>\n<tr>\n<th style=\"text-align: left; padding: 6px; border: 1px solid #ddd;\">Video izhod<\/th>\n<td style=\"padding: 6px; border: 1px solid #ddd;\">1-kanalni video izhod BNC AHD<\/td>\n<\/tr>\n<tr>\n<th style=\"text-align: left; padding: 6px; border: 1px solid #ddd;\">Belo ravnovesje<\/th>\n<td style=\"padding: 6px; border: 1px solid #ddd;\">Samodejno<\/td>\n<\/tr>\n<tr>\n<th style=\"text-align: left; padding: 6px; border: 1px solid #ddd;\">Backlight balancing<\/th>\n<td style=\"padding: 6px; border: 1px solid #ddd;\">BLC<\/td>\n<\/tr>\n<tr>\n<th style=\"text-align: left; padding: 6px; border: 1px solid #ddd;\">Razmerje signal\/\u0161um<\/th>\n<td style=\"padding: 6px; border: 1px solid #ddd;\">52 dB<\/td>\n<\/tr>\n<tr>\n<th style=\"text-align: left; padding: 6px; border: 1px solid #ddd;\">\u0160tevilo osi nagiba<\/th>\n<td style=\"padding: 6px; border: 1px solid #ddd;\">3<\/td>\n<\/tr>\n<\/tbody>\n<\/table>\n","protected":false},"excerpt":{"rendered":"<p>1.0 Mpix zunanja kamera AHD z IR osvetlitvijo * 1\/4&#8243; 1,0 Mpix senzor HQIS Pro * Lo\u010dljivost 1280 x 720 [&hellip;]<\/p>\n","protected":false},"featured_media":4540,"template":"","meta":{"site-sidebar-layout":"default","site-content-layout":"","ast-site-content-layout":"","site-content-style":"default","site-sidebar-style":"default","ast-global-header-display":"","ast-banner-title-visibility":"","ast-main-header-display":"","ast-hfb-above-header-display":"","ast-hfb-below-header-display":"","ast-hfb-mobile-header-display":"","site-post-title":"","ast-breadcrumbs-content":"","ast-featured-img":"","footer-sml-layout":"","theme-transparent-header-meta":"","adv-header-id-meta":"","stick-header-meta":"","header-above-stick-meta":"","header-main-stick-meta":"","header-below-stick-meta":"","astra-migrate-meta-layouts":"default","ast-page-background-enabled":"default","ast-page-background-meta":{"desktop":{"background-color":"var(--ast-global-color-5)","background-image":"","background-repeat":"repeat","background-position":"center center","background-size":"auto","background-attachment":"scroll","background-type":"","background-media":"","overlay-type":"","overlay-color":"","overlay-opacity":"","overlay-gradient":""},"tablet":{"background-color":"","background-image":"","background-repeat":"repeat","background-position":"center center","background-size":"auto","background-attachment":"scroll","background-type":"","background-media":"","overlay-type":"","overlay-color":"","overlay-opacity":"","overlay-gradient":""},"mobile":{"background-color":"","background-image":"","background-repeat":"repeat","background-position":"center center","background-size":"auto","background-attachment":"scroll","background-type":"","background-media":"","overlay-type":"","overlay-color":"","overlay-opacity":"","overlay-gradient":""}},"ast-content-background-meta":{"desktop":{"background-color":"var(--ast-global-color-4)","background-image":"","background-repeat":"repeat","background-position":"center center","background-size":"auto","background-attachment":"scroll","background-type":"","background-media":"","overlay-type":"","overlay-color":"","overlay-opacity":"","overlay-gradient":""},"tablet":{"background-color":"var(--ast-global-color-4)","background-image":"","background-repeat":"repeat","background-position":"center center","background-size":"auto","background-attachment":"scroll","background-type":"","background-media":"","overlay-type":"","overlay-color":"","overlay-opacity":"","overlay-gradient":""},"mobile":{"background-color":"var(--ast-global-color-4)","background-image":"","background-repeat":"repeat","background-position":"center center","background-size":"auto","background-attachment":"scroll","background-type":"","background-media":"","overlay-type":"","overlay-color":"","overlay-opacity":"","overlay-gradient":""}}},"product_brand":[383],"product_cat":[386,387,472],"product_tag":[],"class_list":{"0":"post-4539","1":"product","2":"type-product","3":"status-publish","4":"has-post-thumbnail","6":"product_brand-cp-plus","7":"product_cat-hdcvi-hdtvi-ahd-kamery","8":"product_cat-1-0-mpix-1-3-mpix-hd","9":"product_cat-cp-plus1","10":"desktop-align-left","11":"tablet-align-left","12":"mobile-align-left","14":"first","15":"instock","16":"taxable","17":"shipping-taxable","18":"purchasable","19":"product-type-simple"},"translation":{"provider":"WPGlobus","version":"3.0.1","language":"fr","enabled_languages":["en","es","de","fr","ru"],"languages":{"en":{"title":true,"content":true,"excerpt":false},"es":{"title":false,"content":false,"excerpt":false},"de":{"title":false,"content":false,"excerpt":false},"fr":{"title":false,"content":false,"excerpt":false},"ru":{"title":false,"content":false,"excerpt":false}}},"_links":{"self":[{"href":"https:\/\/www.cpplus.si\/fr\/wp-json\/wp\/v2\/product\/4539","targetHints":{"allow":["GET"]}}],"collection":[{"href":"https:\/\/www.cpplus.si\/fr\/wp-json\/wp\/v2\/product"}],"about":[{"href":"https:\/\/www.cpplus.si\/fr\/wp-json\/wp\/v2\/types\/product"}],"wp:featuredmedia":[{"embeddable":true,"href":"https:\/\/www.cpplus.si\/fr\/wp-json\/wp\/v2\/media\/4540"}],"wp:attachment":[{"href":"https:\/\/www.cpplus.si\/fr\/wp-json\/wp\/v2\/media?parent=4539"}],"wp:term":[{"taxonomy":"product_brand","embeddable":true,"href":"https:\/\/www.cpplus.si\/fr\/wp-json\/wp\/v2\/product_brand?post=4539"},{"taxonomy":"product_cat","embeddable":true,"href":"https:\/\/www.cpplus.si\/fr\/wp-json\/wp\/v2\/product_cat?post=4539"},{"taxonomy":"product_tag","embeddable":true,"href":"https:\/\/www.cpplus.si\/fr\/wp-json\/wp\/v2\/product_tag?post=4539"}],"curies":[{"name":"wp","href":"https:\/\/api.w.org\/{rel}","templated":true}]}}