{"id":4549,"date":"2025-11-15T20:57:10","date_gmt":"2025-11-15T19:57:10","guid":{"rendered":"https:\/\/www.cpplus.si\/izdelek\/aipa-ai-shb-vdp-chimebezdratovy-zvonek-s-melodiemi-pro-ai-shb-vdp20l6bmw-0280\/"},"modified":"2026-02-20T12:28:21","modified_gmt":"2026-02-20T11:28:21","slug":"aipa-ai-shb-vdp-chime-bezdratovy-zvonek-s-melodiemi-pro-ai-shb-vdp20l6bmw-0280","status":"publish","type":"product","link":"https:\/\/www.cpplus.si\/fr\/izdelek\/aipa-ai-shb-vdp-chime-bezdratovy-zvonek-s-melodiemi-pro-ai-shb-vdp20l6bmw-0280\/","title":{"rendered":"Aipa AI-SHB-VDP-CHIME Brez\u017ei\u010dni zvonec z melodijami zvonjenja za AI-SHB-VDP20L6BMW-0280"},"content":{"rendered":"<p>Kompaktna enota za neposredno namestitev v omre\u017eno vti\u010dnico * 64 nastavljivih melodij in zvokov * Omre\u017ena vti\u010dnica tipa E za \u010ce\u0161ko * Napetost 90 do 250 V * Razpon priklju\u010dka do 10 metrov * Razpon zvoka do 45 metrov * Razpon glasnosti od 0 do 110 dB (5 stopenj) * Delovna frekvenca 433.92 MHZ (natan\u010dnost +\/- 280 KHZ) * Delovna temperatura od -30 \u00b0C do 70 \u00b0C * Poraba energije pri delovanju 3 W, v stanju pripravljenosti 0,2 W * Na en videofona lahko priklju\u010dite ve\u010d zvonov * Na en zvon lahko priklju\u010dite ve\u010d videofona * Te\u017ea 0,066 kg * Dimenzije 82 x 82 x 60 mm *<\/p>\n<table class=\"product-specs\" style=\"border-collapse: collapse; width: 100 %; margin-top: 10px;\">\n<tbody>\n<tr>\n<th style=\"text-align: left; padding: 6px; border: 1px solid #ddd;\">Neto te\u017ea EXPORT KG<\/th>\n<td style=\"padding: 6px; border: 1px solid #ddd;\">0,052 kg<\/td>\n<\/tr>\n<tr>\n<th style=\"text-align: left; padding: 6px; border: 1px solid #ddd;\">Producent<\/th>\n<td style=\"padding: 6px; border: 1px solid #ddd;\">Aipa<\/td>\n<\/tr>\n<tr>\n<th style=\"text-align: left; padding: 6px; border: 1px solid #ddd;\"><\/th>\n<td style=\"padding: 6px; border: 1px solid #ddd;\"><\/td>\n<\/tr>\n<tr>\n<th style=\"text-align: left; padding: 6px; border: 1px solid #ddd;\"><\/th>\n<td style=\"padding: 6px; border: 1px solid #ddd;\"><\/td>\n<\/tr>\n<tr>\n<th style=\"text-align: left; padding: 6px; border: 1px solid #ddd;\"><\/th>\n<td style=\"padding: 6px; border: 1px solid #ddd;\"><\/td>\n<\/tr>\n<tr>\n<th style=\"text-align: left; padding: 6px; border: 1px solid #ddd;\"><\/th>\n<td style=\"padding: 6px; border: 1px solid #ddd;\"><\/td>\n<\/tr>\n<tr>\n<th style=\"text-align: left; padding: 6px; border: 1px solid #ddd;\"><\/th>\n<td style=\"padding: 6px; border: 1px solid #ddd;\"><\/td>\n<\/tr>\n<tr>\n<th style=\"text-align: left; padding: 6px; border: 1px solid #ddd;\"><\/th>\n<td style=\"padding: 6px; border: 1px solid #ddd;\"><\/td>\n<\/tr>\n<tr>\n<th style=\"text-align: left; padding: 6px; border: 1px solid #ddd;\"><\/th>\n<td style=\"padding: 6px; border: 1px solid #ddd;\"><\/td>\n<\/tr>\n<tr>\n<th style=\"text-align: left; padding: 6px; border: 1px solid #ddd;\"><\/th>\n<td style=\"padding: 6px; border: 1px solid #ddd;\"><\/td>\n<\/tr>\n<tr>\n<th style=\"text-align: left; padding: 6px; border: 1px solid #ddd;\"><\/th>\n<td style=\"padding: 6px; border: 1px solid #ddd;\"><\/td>\n<\/tr>\n<tr>\n<th style=\"text-align: left; padding: 6px; border: 1px solid #ddd;\"><\/th>\n<td style=\"padding: 6px; border: 1px solid #ddd;\"><\/td>\n<\/tr>\n<tr>\n<th style=\"text-align: left; padding: 6px; border: 1px solid #ddd;\"><\/th>\n<td style=\"padding: 6px; border: 1px solid #ddd;\"><\/td>\n<\/tr>\n<tr>\n<th style=\"text-align: left; padding: 6px; border: 1px solid #ddd;\"><\/th>\n<td style=\"padding: 6px; border: 1px solid #ddd;\"><\/td>\n<\/tr>\n<tr>\n<th style=\"text-align: left; padding: 6px; border: 1px solid #ddd;\"><\/th>\n<td style=\"padding: 6px; border: 1px solid #ddd;\"><\/td>\n<\/tr>\n<tr>\n<th style=\"text-align: left; padding: 6px; border: 1px solid #ddd;\"><\/th>\n<td style=\"padding: 6px; border: 1px solid #ddd;\"><\/td>\n<\/tr>\n<tr>\n<th style=\"text-align: left; padding: 6px; border: 1px solid #ddd;\"><\/th>\n<td style=\"padding: 6px; border: 1px solid #ddd;\"><\/td>\n<\/tr>\n<tr>\n<th style=\"text-align: left; padding: 6px; border: 1px solid #ddd;\"><\/th>\n<td style=\"padding: 6px; border: 1px solid #ddd;\"><\/td>\n<\/tr>\n<tr>\n<th style=\"text-align: left; padding: 6px; border: 1px solid #ddd;\"><\/th>\n<td style=\"padding: 6px; border: 1px solid #ddd;\"><\/td>\n<\/tr>\n<tr>\n<th style=\"text-align: left; padding: 6px; border: 1px solid #ddd;\"><\/th>\n<td style=\"padding: 6px; border: 1px solid #ddd;\"><\/td>\n<\/tr>\n<tr>\n<th style=\"text-align: left; padding: 6px; border: 1px solid #ddd;\"><\/th>\n<td style=\"padding: 6px; border: 1px solid #ddd;\"><\/td>\n<\/tr>\n<\/tbody>\n<\/table>\n","protected":false},"excerpt":{"rendered":"<p>Kompaktna enota za neposredno namestitev v omre\u017eno vti\u010dnico * 64 nastavljivih melodij in zvokov * Omre\u017ena vti\u010dnica tipa E za [&hellip;]<\/p>\n","protected":false},"featured_media":4550,"template":"","meta":{"site-sidebar-layout":"default","site-content-layout":"","ast-site-content-layout":"","site-content-style":"default","site-sidebar-style":"default","ast-global-header-display":"","ast-banner-title-visibility":"","ast-main-header-display":"","ast-hfb-above-header-display":"","ast-hfb-below-header-display":"","ast-hfb-mobile-header-display":"","site-post-title":"","ast-breadcrumbs-content":"","ast-featured-img":"","footer-sml-layout":"","theme-transparent-header-meta":"","adv-header-id-meta":"","stick-header-meta":"","header-above-stick-meta":"","header-main-stick-meta":"","header-below-stick-meta":"","astra-migrate-meta-layouts":"default","ast-page-background-enabled":"default","ast-page-background-meta":{"desktop":{"background-color":"var(--ast-global-color-5)","background-image":"","background-repeat":"repeat","background-position":"center center","background-size":"auto","background-attachment":"scroll","background-type":"","background-media":"","overlay-type":"","overlay-color":"","overlay-opacity":"","overlay-gradient":""},"tablet":{"background-color":"","background-image":"","background-repeat":"repeat","background-position":"center center","background-size":"auto","background-attachment":"scroll","background-type":"","background-media":"","overlay-type":"","overlay-color":"","overlay-opacity":"","overlay-gradient":""},"mobile":{"background-color":"","background-image":"","background-repeat":"repeat","background-position":"center center","background-size":"auto","background-attachment":"scroll","background-type":"","background-media":"","overlay-type":"","overlay-color":"","overlay-opacity":"","overlay-gradient":""}},"ast-content-background-meta":{"desktop":{"background-color":"var(--ast-global-color-4)","background-image":"","background-repeat":"repeat","background-position":"center center","background-size":"auto","background-attachment":"scroll","background-type":"","background-media":"","overlay-type":"","overlay-color":"","overlay-opacity":"","overlay-gradient":""},"tablet":{"background-color":"var(--ast-global-color-4)","background-image":"","background-repeat":"repeat","background-position":"center center","background-size":"auto","background-attachment":"scroll","background-type":"","background-media":"","overlay-type":"","overlay-color":"","overlay-opacity":"","overlay-gradient":""},"mobile":{"background-color":"var(--ast-global-color-4)","background-image":"","background-repeat":"repeat","background-position":"center center","background-size":"auto","background-attachment":"scroll","background-type":"","background-media":"","overlay-type":"","overlay-color":"","overlay-opacity":"","overlay-gradient":""}}},"product_brand":[390],"product_cat":[431],"product_tag":[],"class_list":{"0":"post-4549","1":"product","2":"type-product","3":"status-publish","4":"has-post-thumbnail","6":"product_brand-aipa","7":"product_cat-chytra-domacnost","8":"desktop-align-left","9":"tablet-align-left","10":"mobile-align-left","12":"first","13":"instock","14":"taxable","15":"shipping-taxable","16":"purchasable","17":"product-type-simple"},"translation":{"provider":"WPGlobus","version":"3.0.1","language":"fr","enabled_languages":["en","es","de","fr","ru"],"languages":{"en":{"title":true,"content":true,"excerpt":false},"es":{"title":false,"content":false,"excerpt":false},"de":{"title":false,"content":false,"excerpt":false},"fr":{"title":false,"content":false,"excerpt":false},"ru":{"title":false,"content":false,"excerpt":false}}},"_links":{"self":[{"href":"https:\/\/www.cpplus.si\/fr\/wp-json\/wp\/v2\/product\/4549","targetHints":{"allow":["GET"]}}],"collection":[{"href":"https:\/\/www.cpplus.si\/fr\/wp-json\/wp\/v2\/product"}],"about":[{"href":"https:\/\/www.cpplus.si\/fr\/wp-json\/wp\/v2\/types\/product"}],"wp:featuredmedia":[{"embeddable":true,"href":"https:\/\/www.cpplus.si\/fr\/wp-json\/wp\/v2\/media\/4550"}],"wp:attachment":[{"href":"https:\/\/www.cpplus.si\/fr\/wp-json\/wp\/v2\/media?parent=4549"}],"wp:term":[{"taxonomy":"product_brand","embeddable":true,"href":"https:\/\/www.cpplus.si\/fr\/wp-json\/wp\/v2\/product_brand?post=4549"},{"taxonomy":"product_cat","embeddable":true,"href":"https:\/\/www.cpplus.si\/fr\/wp-json\/wp\/v2\/product_cat?post=4549"},{"taxonomy":"product_tag","embeddable":true,"href":"https:\/\/www.cpplus.si\/fr\/wp-json\/wp\/v2\/product_tag?post=4549"}],"curies":[{"name":"wp","href":"https:\/\/api.w.org\/{rel}","templated":true}]}}