{"id":4551,"date":"2025-11-15T20:57:10","date_gmt":"2025-11-15T19:57:10","guid":{"rendered":"https:\/\/www.cpplus.si\/izdelek\/cp-plus-cp-unc-vb51zl4-vmds-271355-0-mpix-venkovni-ip-antivandal-dome-kamera-s-ir-wdr-a-starlight\/"},"modified":"2026-04-03T10:47:19","modified_gmt":"2026-04-03T08:47:19","slug":"cp-plus-cp-unc-vb51zl4-vmds-27135-5-0-mpix-venkovni-ip-antivandal-dome-kamera-s-ir-wdr-a-starlight","status":"publish","type":"product","link":"https:\/\/www.cpplus.si\/fr\/izdelek\/cp-plus-cp-unc-vb51zl4-vmds-27135-5-0-mpix-venkovni-ip-antivandal-dome-kamera-s-ir-wdr-a-starlight\/","title":{"rendered":"CP PLUS CP-UNC-VB51ZL4-VMDS-27135 5,0 Mpix zunanja IP antivandalna kupolasta kamera z IR, WDR in zvezdno svetlobo"},"content":{"rendered":"<p>5.0 Mpix zunanja antivandalna kupolasta kamera IP z IR osvetlitvijo, zvezdno svetlobo, stiskanjem H.265 in WDR * 1\/2,7-pal\u010dni senzorski \u010dip PS CMOS s 5,0 Mpix * IR-osvetlitev do 40 m * filter ICR (dan in no\u010d), WDR (120 dB), 3DNR, ROI, AWB, AGC, BLC, HLC * podpora Micro SD do 256 GB * napajanje PoE\/DC 12V * ONVIF S\/G * stiskanje videa H.265 \/ H.264+ \/ H.264 \/ MJPEG * Najve\u010dja lo\u010dljivost 5,0 Mpix (2592&#215;1944) pri 20 sli\u010dicah na sekundo. * Podpira dvojni tok * Motoriziran varifokalni objektiv 2,7-13.5 mm * Kot H: vgrajen spletni stre\u017enik * CMS sw KVMS Pro * Napredno zaznavanje dogodkov (pre\u010dkanje \u010drte, zaznavanje zvoka, zameglitev slike, vdor, zaznavanje napetosti) * Mobilna aplikacija CMOB * Stopnja za\u0161\u010dite IP67 in IK10 * 1 x zvo\u010dni vhod in 1 x zvo\u010dni izhod * 1 x alarmni vhod in 1 x alarmni izhod * Dimenzije 122 x 122 x 89 mm * Te\u017ea 490 g * Barva belo-\u010drna * Material kovina * Podpora brskalnikom IE, Edge, Chrome, Firefox * Poraba energije max. 8.0 W *<\/p>\n<table class=\"product-specs\" style=\"border-collapse: collapse; width: 100 %; margin-top: 10px;\">\n<tbody>\n<tr>\n<th style=\"text-align: left; padding: 6px; border: 1px solid #ddd;\">Odkaz<\/th>\n<td style=\"padding: 6px; border: 1px solid #ddd;\">RJ-45 (10\/100 Mbps ethernet)<\/td>\n<\/tr>\n<tr>\n<th style=\"text-align: left; padding: 6px; border: 1px solid #ddd;\">Power<\/th>\n<td style=\"padding: 6px; border: 1px solid #ddd;\">DC 12 V \/ PoE (802.3af)<\/td>\n<\/tr>\n<tr>\n<th style=\"text-align: left; padding: 6px; border: 1px solid #ddd;\">Temperatura delovanja<\/th>\n<td style=\"padding: 6px; border: 1px solid #ddd;\">-30 \u00b0C do 60 \u00b0C<\/td>\n<\/tr>\n<tr>\n<th style=\"text-align: left; padding: 6px; border: 1px solid #ddd;\">Neto te\u017ea EXPORT KG<\/th>\n<td style=\"padding: 6px; border: 1px solid #ddd;\">0,490<\/td>\n<\/tr>\n<tr>\n<th style=\"text-align: left; padding: 6px; border: 1px solid #ddd;\">Producent<\/th>\n<td style=\"padding: 6px; border: 1px solid #ddd;\">CP PLUS<\/td>\n<\/tr>\n<tr>\n<th style=\"text-align: left; padding: 6px; border: 1px solid #ddd;\">Razpoznavanje oseb in vozil (SMD)<\/th>\n<td style=\"padding: 6px; border: 1px solid #ddd;\">Ne<\/td>\n<\/tr>\n<tr>\n<th style=\"text-align: left; padding: 6px; border: 1px solid #ddd;\">Alarm<\/th>\n<td style=\"padding: 6px; border: 1px solid #ddd;\">1x alarmni vhod, 1x alarmni izhod<\/td>\n<\/tr>\n<tr>\n<th style=\"text-align: left; padding: 6px; border: 1px solid #ddd;\">Audio<\/th>\n<td style=\"padding: 6px; border: 1px solid #ddd;\">1x zvo\u010dni vhod, 1x zvo\u010dni izhod<\/td>\n<\/tr>\n<tr>\n<th style=\"text-align: left; padding: 6px; border: 1px solid #ddd;\">Elektronski zaklop<\/th>\n<td style=\"padding: 6px; border: 1px solid #ddd;\">Automatski\/ro\u010dni, 1\/3 s &#8211; 1\/100 000 s.<\/td>\n<\/tr>\n<tr>\n<th style=\"text-align: left; padding: 6px; border: 1px solid #ddd;\">ICR (dnevni\/no\u010dni filter)<\/th>\n<td style=\"padding: 6px; border: 1px solid #ddd;\">Samodejni ICR, barvni, \u010drno-beli<\/td>\n<\/tr>\n<tr>\n<th style=\"text-align: left; padding: 6px; border: 1px solid #ddd;\">osvetlitev IR<\/th>\n<td style=\"padding: 6px; border: 1px solid #ddd;\">Reflektor do 40 metrov, tehnologija Starlight (svetlej\u0161i no\u010dni posnetki)<\/td>\n<\/tr>\n<tr>\n<th style=\"text-align: left; padding: 6px; border: 1px solid #ddd;\">Izravnava osvetlitve<\/th>\n<td style=\"padding: 6px; border: 1px solid #ddd;\">BLC\/HLC\/WDR (120dB)<\/td>\n<\/tr>\n<tr>\n<th style=\"text-align: left; padding: 6px; border: 1px solid #ddd;\">Minimalna vrednost osvetlitve<\/th>\n<td style=\"padding: 6px; border: 1px solid #ddd;\">Color: 0,01 lux @ F 1,5, B&#038;W: 0 lux @ F 1,5 (IR on)<\/td>\n<\/tr>\n<tr>\n<th style=\"text-align: left; padding: 6px; border: 1px solid #ddd;\">Objektiv<\/th>\n<td style=\"padding: 6px; border: 1px solid #ddd;\">Motorizirana spremenljiva gori\u0161\u010dna razdalja 2,7-13,5 mm, zorni kot H: 100-26\u00b0<\/td>\n<\/tr>\n<tr>\n<th style=\"text-align: left; padding: 6px; border: 1px solid #ddd;\">Piksli<\/th>\n<td style=\"padding: 6px; border: 1px solid #ddd;\">2592&#215;1944, ROI 4 lokacije ve\u010djega interesa (dodatna kakovost)<\/td>\n<\/tr>\n<tr>\n<th style=\"text-align: left; padding: 6px; border: 1px solid #ddd;\">napredno zaznavanje dogodkov<\/th>\n<td style=\"padding: 6px; border: 1px solid #ddd;\">kri\u017eanje \u010drt, zaznavanje zvoka, zameglitev slike, vdor, zaznavanje napetosti<\/td>\n<\/tr>\n<tr>\n<th style=\"text-align: left; padding: 6px; border: 1px solid #ddd;\">Resolucija<\/th>\n<td style=\"padding: 6px; border: 1px solid #ddd;\">5,0 Mpix (2592&#215;1944), 4,0 Mpix (2688&#215;1520), 3.0 Mpix (2048&#215;1536, 2304&#215;1296), 1080p (1920&#215;1080), 1,3 Mpix (1280&#215;960), 720p (1280\u00d7720), D1 (704\u00d7576), VGA (640&#215;480), CIF (352\u00d7288)<\/td>\n<\/tr>\n<tr>\n<th style=\"text-align: left; padding: 6px; border: 1px solid #ddd;\">Zasebni prostori<\/th>\n<td style=\"padding: 6px; border: 1px solid #ddd;\">Do 4 obmo\u010dij<\/td>\n<\/tr>\n<tr>\n<th style=\"text-align: left; padding: 6px; border: 1px solid #ddd;\">Potro\u0161nja<\/th>\n<td style=\"padding: 6px; border: 1px solid #ddd;\">Maksimalno 8,0 W (IR vklopljen)<\/td>\n<\/tr>\n<tr>\n<th style=\"text-align: left; padding: 6px; border: 1px solid #ddd;\">Na\u010din delovanja<\/th>\n<td style=\"padding: 6px; border: 1px solid #ddd;\">IP 67, IK 10<\/td>\n<\/tr>\n<tr>\n<th style=\"text-align: left; padding: 6px; border: 1px solid #ddd;\">Uporabni\u0161ki ra\u010duni<\/th>\n<td style=\"padding: 6px; border: 1px solid #ddd;\">Maksimalno 20 uporabnikov<\/td>\n<\/tr>\n<\/tbody>\n<\/table>\n","protected":false},"excerpt":{"rendered":"<p>5.0 Mpix zunanja antivandalna kupolasta kamera IP z IR osvetlitvijo, zvezdno svetlobo, stiskanjem H.265 in WDR * 1\/2,7-pal\u010dni senzorski \u010dip [&hellip;]<\/p>\n","protected":false},"featured_media":4552,"template":"","meta":{"site-sidebar-layout":"default","site-content-layout":"","ast-site-content-layout":"","site-content-style":"default","site-sidebar-style":"default","ast-global-header-display":"","ast-banner-title-visibility":"","ast-main-header-display":"","ast-hfb-above-header-display":"","ast-hfb-below-header-display":"","ast-hfb-mobile-header-display":"","site-post-title":"","ast-breadcrumbs-content":"","ast-featured-img":"","footer-sml-layout":"","theme-transparent-header-meta":"","adv-header-id-meta":"","stick-header-meta":"","header-above-stick-meta":"","header-main-stick-meta":"","header-below-stick-meta":"","astra-migrate-meta-layouts":"default","ast-page-background-enabled":"default","ast-page-background-meta":{"desktop":{"background-color":"var(--ast-global-color-5)","background-image":"","background-repeat":"repeat","background-position":"center center","background-size":"auto","background-attachment":"scroll","background-type":"","background-media":"","overlay-type":"","overlay-color":"","overlay-opacity":"","overlay-gradient":""},"tablet":{"background-color":"","background-image":"","background-repeat":"repeat","background-position":"center center","background-size":"auto","background-attachment":"scroll","background-type":"","background-media":"","overlay-type":"","overlay-color":"","overlay-opacity":"","overlay-gradient":""},"mobile":{"background-color":"","background-image":"","background-repeat":"repeat","background-position":"center center","background-size":"auto","background-attachment":"scroll","background-type":"","background-media":"","overlay-type":"","overlay-color":"","overlay-opacity":"","overlay-gradient":""}},"ast-content-background-meta":{"desktop":{"background-color":"var(--ast-global-color-4)","background-image":"","background-repeat":"repeat","background-position":"center center","background-size":"auto","background-attachment":"scroll","background-type":"","background-media":"","overlay-type":"","overlay-color":"","overlay-opacity":"","overlay-gradient":""},"tablet":{"background-color":"var(--ast-global-color-4)","background-image":"","background-repeat":"repeat","background-position":"center center","background-size":"auto","background-attachment":"scroll","background-type":"","background-media":"","overlay-type":"","overlay-color":"","overlay-opacity":"","overlay-gradient":""},"mobile":{"background-color":"var(--ast-global-color-4)","background-image":"","background-repeat":"repeat","background-position":"center center","background-size":"auto","background-attachment":"scroll","background-type":"","background-media":"","overlay-type":"","overlay-color":"","overlay-opacity":"","overlay-gradient":""}}},"product_brand":[383],"product_cat":[388,428],"product_tag":[],"class_list":{"0":"post-4551","1":"product","2":"type-product","3":"status-publish","4":"has-post-thumbnail","6":"product_brand-cp-plus","7":"product_cat-ip-sitove-kamery","8":"product_cat-5-0-mpix","9":"desktop-align-left","10":"tablet-align-left","11":"mobile-align-left","13":"first","14":"instock","15":"taxable","16":"shipping-taxable","17":"purchasable","18":"product-type-simple"},"translation":{"provider":"WPGlobus","version":"3.0.1","language":"fr","enabled_languages":["en","es","de","fr","ru"],"languages":{"en":{"title":true,"content":true,"excerpt":false},"es":{"title":false,"content":false,"excerpt":false},"de":{"title":false,"content":false,"excerpt":false},"fr":{"title":false,"content":false,"excerpt":false},"ru":{"title":false,"content":false,"excerpt":false}}},"_links":{"self":[{"href":"https:\/\/www.cpplus.si\/fr\/wp-json\/wp\/v2\/product\/4551","targetHints":{"allow":["GET"]}}],"collection":[{"href":"https:\/\/www.cpplus.si\/fr\/wp-json\/wp\/v2\/product"}],"about":[{"href":"https:\/\/www.cpplus.si\/fr\/wp-json\/wp\/v2\/types\/product"}],"wp:featuredmedia":[{"embeddable":true,"href":"https:\/\/www.cpplus.si\/fr\/wp-json\/wp\/v2\/media\/4552"}],"wp:attachment":[{"href":"https:\/\/www.cpplus.si\/fr\/wp-json\/wp\/v2\/media?parent=4551"}],"wp:term":[{"taxonomy":"product_brand","embeddable":true,"href":"https:\/\/www.cpplus.si\/fr\/wp-json\/wp\/v2\/product_brand?post=4551"},{"taxonomy":"product_cat","embeddable":true,"href":"https:\/\/www.cpplus.si\/fr\/wp-json\/wp\/v2\/product_cat?post=4551"},{"taxonomy":"product_tag","embeddable":true,"href":"https:\/\/www.cpplus.si\/fr\/wp-json\/wp\/v2\/product_tag?post=4551"}],"curies":[{"name":"wp","href":"https:\/\/api.w.org\/{rel}","templated":true}]}}