{"id":4723,"date":"2025-11-15T20:58:16","date_gmt":"2025-11-15T19:58:16","guid":{"rendered":"https:\/\/www.cpplus.si\/izdelek\/cp-plus-cp-dnw-gpu8g2f2-96osmiportovy-10-100-1000-mbps-poe-switch-s-2x-1000-mbps-a-2x-sfp-uplinkem\/"},"modified":"2026-04-11T19:48:36","modified_gmt":"2026-04-11T17:48:36","slug":"cp-plus-cp-dnw-gpu8g2f2-96-osmiportovy-10-100-1000-mbps-poe-switch-s-2x-1000-mbps-a-2x-sfp-uplinkem","status":"publish","type":"product","link":"https:\/\/www.cpplus.si\/fr\/izdelek\/cp-plus-cp-dnw-gpu8g2f2-96-osmiportovy-10-100-1000-mbps-poe-switch-s-2x-1000-mbps-a-2x-sfp-uplinkem\/","title":{"rendered":"CP PLUS CP-DNW-GPU8G2F2-96 Stikalo PoE z osmimi priklju\u010dki 10\/100\/1000 Mb\/s z 2x 1000 Mb\/s in 2x SFP"},"content":{"rendered":"<p>8 x 10\/100\/1000 Mb\/s LAN PoE priklju\u010dkov * 2 x 1000 Mb\/s priklju\u010dka za povezavo navzgor * 2 x 1000 Mb\/s SFP priklju\u010dka za povezavo navzgor * IEEE 802.3 af\/at, max. 30 W na vrata PoE * Prenosna razdalja za kamere do 100 m (vrata 7 in 8 do 250 m z uporabo mehanskega stikala &#8211; 10 Mb\/s) * Prenapetostna za\u0161\u010dita 4 KV in za\u0161\u010dita ESD do 8 KV * Napajanje z vgrajenim napajalnikom 100-240 V AC, 50\/60 Hz * Delovna temperatura -10 do 50 \u00b0C * Poraba energije do 5 W * Mere 220 x 161 x 44 mm * Te\u017ea 950 g * LED diode za prikaz mo\u010di PoE in povezave vrat * Barva \u010drna\/modra * Material kovina *<\/p>\n<table class=\"product-specs\" style=\"border-collapse: collapse; width: 100 %; margin-top: 10px;\">\n<tbody>\n<tr>\n<th style=\"text-align: left; padding: 6px; border: 1px solid #ddd;\">Mo\u010d<\/th>\n<td style=\"padding: 6px; border: 1px solid #ddd;\">Vgrajen napajalnik, priklju\u010dek za kabel Euro<\/td>\n<\/tr>\n<tr>\n<th style=\"text-align: left; padding: 6px; border: 1px solid #ddd;\">Delovna temperatura<\/th>\n<td style=\"padding: 6px; border: 1px solid #ddd;\">10 \u00b0C do 50 \u00b0C<\/td>\n<\/tr>\n<tr>\n<th style=\"text-align: left; padding: 6px; border: 1px solid #ddd;\">Mere<\/th>\n<td style=\"padding: 6px; border: 1px solid #ddd;\">220 x 161 x 44 mm<\/td>\n<\/tr>\n<tr>\n<th style=\"text-align: left; padding: 6px; border: 1px solid #ddd;\">Vlaga<\/th>\n<td style=\"padding: 6px; border: 1px solid #ddd;\">0,950 kg<\/td>\n<\/tr>\n<tr>\n<th style=\"text-align: left; padding: 6px; border: 1px solid #ddd;\">\u010cista te\u017ea EXPORT KG<\/th>\n<td style=\"padding: 6px; border: 1px solid #ddd;\">0.950<\/td>\n<\/tr>\n<tr>\n<th style=\"text-align: left; padding: 6px; border: 1px solid #ddd;\">Proizvajalec<\/th>\n<td style=\"padding: 6px; border: 1px solid #ddd;\">CP PLUS<\/td>\n<\/tr>\n<tr>\n<th style=\"text-align: left; padding: 6px; border: 1px solid #ddd;\">Potro\u0161nik<\/th>\n<td style=\"padding: 6px; border: 1px solid #ddd;\">Max. 5 W<\/td>\n<\/tr>\n<tr>\n<th style=\"text-align: left; padding: 6px; border: 1px solid #ddd;\">Elektromagnetna zdru\u017eljivost<\/th>\n<td style=\"padding: 6px; border: 1px solid #ddd;\">Skladno z IEC61000-4-4<\/td>\n<\/tr>\n<tr>\n<th style=\"text-align: left; padding: 6px; border: 1px solid #ddd;\">ESD<\/th>\n<td style=\"padding: 6px; border: 1px solid #ddd;\">6 KV izpust na dotik, 8 KV izpust v zrak, standard IEC61000-4-2<\/td>\n<\/tr>\n<tr>\n<th style=\"text-align: left; padding: 6px; border: 1px solid #ddd;\">Za\u0161\u010dita pred nevihtami<\/th>\n<td style=\"padding: 6px; border: 1px solid #ddd;\">Na\u010din delovanja 4 KV, zra\u010dni izpust 2 KV, standard IEC61000-4-5<\/td>\n<\/tr>\n<tr>\n<th style=\"text-align: left; padding: 6px; border: 1px solid #ddd;\">Opti\u010dna signalizacija<\/th>\n<td style=\"padding: 6px; border: 1px solid #ddd;\">zelene diode LED za povezavo, rumene diode LED za PoE, rde\u010de diode LED za napajanje<\/td>\n<\/tr>\n<tr>\n<th style=\"text-align: left; padding: 6px; border: 1px solid #ddd;\">Podpora protokolov<\/th>\n<td style=\"padding: 6px; border: 1px solid #ddd;\">IEEE 802.3i, IEEE 802.3u, IEEE 802.3az, IEEE 802.3x &#8211; PoE IEEE 802.3af, IEEE 802.3at<\/td>\n<\/tr>\n<tr>\n<th style=\"text-align: left; padding: 6px; border: 1px solid #ddd;\">Seznam naslovov MAC<\/th>\n<td style=\"padding: 6px; border: 1px solid #ddd;\">2K<\/td>\n<\/tr>\n<tr>\n<th style=\"text-align: left; padding: 6px; border: 1px solid #ddd;\">Buffer<\/th>\n<td style=\"padding: 6px; border: 1px solid #ddd;\">768K<\/td>\n<\/tr>\n<tr>\n<th style=\"text-align: left; padding: 6px; border: 1px solid #ddd;\"><\/th>\n<td style=\"padding: 6px; border: 1px solid #ddd;\"><\/td>\n<\/tr>\n<tr>\n<th style=\"text-align: left; padding: 6px; border: 1px solid #ddd;\"><\/th>\n<td style=\"padding: 6px; border: 1px solid #ddd;\"><\/td>\n<\/tr>\n<tr>\n<th style=\"text-align: left; padding: 6px; border: 1px solid #ddd;\"><\/th>\n<td style=\"padding: 6px; border: 1px solid #ddd;\"><\/td>\n<\/tr>\n<tr>\n<th style=\"text-align: left; padding: 6px; border: 1px solid #ddd;\"><\/th>\n<td style=\"padding: 6px; border: 1px solid #ddd;\"><\/td>\n<\/tr>\n<tr>\n<th style=\"text-align: left; padding: 6px; border: 1px solid #ddd;\"><\/th>\n<td style=\"padding: 6px; border: 1px solid #ddd;\"><\/td>\n<\/tr>\n<tr>\n<th style=\"text-align: left; padding: 6px; border: 1px solid #ddd;\"><\/th>\n<td style=\"padding: 6px; border: 1px solid #ddd;\"><\/td>\n<\/tr>\n<tr>\n<th style=\"text-align: left; padding: 6px; border: 1px solid #ddd;\"><\/th>\n<td style=\"padding: 6px; border: 1px solid #ddd;\"><\/td>\n<\/tr>\n<\/tbody>\n<\/table>\n","protected":false},"excerpt":{"rendered":"<p>8 x 10\/100\/1000 Mb\/s LAN PoE priklju\u010dkov * 2 x 1000 Mb\/s priklju\u010dka za povezavo navzgor * 2 x 1000 [&hellip;]<\/p>\n","protected":false},"featured_media":5416,"template":"","meta":{"site-sidebar-layout":"default","site-content-layout":"","ast-site-content-layout":"","site-content-style":"default","site-sidebar-style":"default","ast-global-header-display":"","ast-banner-title-visibility":"","ast-main-header-display":"","ast-hfb-above-header-display":"","ast-hfb-below-header-display":"","ast-hfb-mobile-header-display":"","site-post-title":"","ast-breadcrumbs-content":"","ast-featured-img":"","footer-sml-layout":"","theme-transparent-header-meta":"","adv-header-id-meta":"","stick-header-meta":"","header-above-stick-meta":"","header-main-stick-meta":"","header-below-stick-meta":"","astra-migrate-meta-layouts":"default","ast-page-background-enabled":"default","ast-page-background-meta":{"desktop":{"background-color":"var(--ast-global-color-5)","background-image":"","background-repeat":"repeat","background-position":"center center","background-size":"auto","background-attachment":"scroll","background-type":"","background-media":"","overlay-type":"","overlay-color":"","overlay-opacity":"","overlay-gradient":""},"tablet":{"background-color":"","background-image":"","background-repeat":"repeat","background-position":"center center","background-size":"auto","background-attachment":"scroll","background-type":"","background-media":"","overlay-type":"","overlay-color":"","overlay-opacity":"","overlay-gradient":""},"mobile":{"background-color":"","background-image":"","background-repeat":"repeat","background-position":"center center","background-size":"auto","background-attachment":"scroll","background-type":"","background-media":"","overlay-type":"","overlay-color":"","overlay-opacity":"","overlay-gradient":""}},"ast-content-background-meta":{"desktop":{"background-color":"var(--ast-global-color-4)","background-image":"","background-repeat":"repeat","background-position":"center center","background-size":"auto","background-attachment":"scroll","background-type":"","background-media":"","overlay-type":"","overlay-color":"","overlay-opacity":"","overlay-gradient":""},"tablet":{"background-color":"var(--ast-global-color-4)","background-image":"","background-repeat":"repeat","background-position":"center center","background-size":"auto","background-attachment":"scroll","background-type":"","background-media":"","overlay-type":"","overlay-color":"","overlay-opacity":"","overlay-gradient":""},"mobile":{"background-color":"var(--ast-global-color-4)","background-image":"","background-repeat":"repeat","background-position":"center center","background-size":"auto","background-attachment":"scroll","background-type":"","background-media":"","overlay-type":"","overlay-color":"","overlay-opacity":"","overlay-gradient":""}}},"product_brand":[383],"product_cat":[391,418,438],"product_tag":[],"class_list":{"0":"post-4723","1":"product","2":"type-product","3":"status-publish","4":"has-post-thumbnail","6":"product_brand-cp-plus","7":"product_cat-prislusenstvi","8":"product_cat-switche-poe-switche-injektory-a-extendery","9":"product_cat-cp-plus-switche-poe-switche-injektory-a-extendery","10":"desktop-align-left","11":"tablet-align-left","12":"mobile-align-left","14":"first","15":"instock","16":"taxable","17":"shipping-taxable","18":"purchasable","19":"product-type-simple"},"translation":{"provider":"WPGlobus","version":"3.0.1","language":"fr","enabled_languages":["en","es","de","fr","ru"],"languages":{"en":{"title":true,"content":true,"excerpt":false},"es":{"title":false,"content":false,"excerpt":false},"de":{"title":false,"content":false,"excerpt":false},"fr":{"title":false,"content":false,"excerpt":false},"ru":{"title":false,"content":false,"excerpt":false}}},"_links":{"self":[{"href":"https:\/\/www.cpplus.si\/fr\/wp-json\/wp\/v2\/product\/4723","targetHints":{"allow":["GET"]}}],"collection":[{"href":"https:\/\/www.cpplus.si\/fr\/wp-json\/wp\/v2\/product"}],"about":[{"href":"https:\/\/www.cpplus.si\/fr\/wp-json\/wp\/v2\/types\/product"}],"wp:featuredmedia":[{"embeddable":true,"href":"https:\/\/www.cpplus.si\/fr\/wp-json\/wp\/v2\/media\/5416"}],"wp:attachment":[{"href":"https:\/\/www.cpplus.si\/fr\/wp-json\/wp\/v2\/media?parent=4723"}],"wp:term":[{"taxonomy":"product_brand","embeddable":true,"href":"https:\/\/www.cpplus.si\/fr\/wp-json\/wp\/v2\/product_brand?post=4723"},{"taxonomy":"product_cat","embeddable":true,"href":"https:\/\/www.cpplus.si\/fr\/wp-json\/wp\/v2\/product_cat?post=4723"},{"taxonomy":"product_tag","embeddable":true,"href":"https:\/\/www.cpplus.si\/fr\/wp-json\/wp\/v2\/product_tag?post=4723"}],"curies":[{"name":"wp","href":"https:\/\/api.w.org\/{rel}","templated":true}]}}