{"id":4729,"date":"2025-11-15T20:58:16","date_gmt":"2025-11-15T19:58:16","guid":{"rendered":"https:\/\/www.cpplus.si\/izdelek\/cp-plus-cp-uvr-0801e1-cv4osmikanalovy-5v1-mini-dvr-s-kompresi-h-265-analog-hdcvi-ahd-tvi-ip\/"},"modified":"2026-04-27T12:29:58","modified_gmt":"2026-04-27T10:29:58","slug":"cp-plus-cp-uvr-0801e1-cv4-osmikanalovy-5v1-mini-dvr-s-kompresi-h-265-analog-hdcvi-ahd-tvi-ip","status":"publish","type":"product","link":"https:\/\/www.cpplus.si\/fr\/izdelek\/cp-plus-cp-uvr-0801e1-cv4-osmikanalovy-5v1-mini-dvr-s-kompresi-h-265-analog-hdcvi-ahd-tvi-ip\/","title":{"rendered":"CP PLUS CP-UVR-0801E1-CV4 Osemkanalni mini DVR 5 v 1 s stiskanjem H.265 (analogno, HDCVI, AHD, TVI, IP)"},"content":{"rendered":"<p>Videorekorder 5 v 1 s stiskanjem H.265 (kamere do 720p) * Skupaj za 8 kamer (analogne \/ HDCVI \/ AHD \/ TVI ali do 10 kamer IP z do 6,0 Mpix) * Zaslon Full HD 1080p na monitorju * Dvoproto\u010dno stiskanje videa H.265 * Snemanje 1080N (720p) 1-25 slik na sekundo za prvi kanal &#8211; drugi kanali 15 slik na sekundo. * Sinhroni video izhod HDMI\/VGA * Dvosmerni zvok, 1 zvo\u010dni vhod in 1 zvo\u010dni izhod * Podpira 1 trdi disk SATA do 6 TB in 2 x USB 2.0 * Vgrajen spletni stre\u017enik * Aplikacija CMOB za mobilne telefone * Programska oprema CMS KVMS Pro * Funkcija 5 v 1 &#8211; lahko pove\u017eete analogne, HDCVI, AHD, TVI in IP-kamere * ONVIF 16.12 * Dimenzije 197 \u00d7 203 \u00d7 41 mm * Te\u017ea 560 g (brez trdega diska) * Napajanje 12 V\/2 A DC (prilo\u017een napajalnik) *<\/p>\n<table class=\"product-specs\" style=\"border-collapse: collapse; width: 100%; margin-top: 10px;\">\n<tbody>\n<tr>\n<th style=\"text-align: left; padding: 6px; border: 1px solid #ddd;\">Procesor<\/th>\n<td style=\"padding: 6px; border: 1px solid #ddd;\">Vgrajeni mikroprocesor<\/td>\n<\/tr>\n<tr>\n<th style=\"text-align: left; padding: 6px; border: 1px solid #ddd;\">Power<\/th>\n<td style=\"padding: 6px; border: 1px solid #ddd;\">DC 12V \/ 2A<\/td>\n<\/tr>\n<tr>\n<th style=\"text-align: left; padding: 6px; border: 1px solid #ddd;\">Delovna temperatura<\/th>\n<td style=\"padding: 6px; border: 1px solid #ddd;\">10 \u00b0C do 45 \u00b0C<\/td>\n<\/tr>\n<tr>\n<th style=\"text-align: left; padding: 6px; border: 1px solid #ddd;\">Neto te\u017ea EXPORT KG<\/th>\n<td style=\"padding: 6px; border: 1px solid #ddd;\">0,570<\/td>\n<\/tr>\n<tr>\n<th style=\"text-align: left; padding: 6px; border: 1px solid #ddd;\">Producent<\/th>\n<td style=\"padding: 6px; border: 1px solid #ddd;\">CP PLUS<\/td>\n<\/tr>\n<tr>\n<th style=\"text-align: left; padding: 6px; border: 1px solid #ddd;\">Dostopnost dogodka<\/th>\n<td style=\"padding: 6px; border: 1px solid #ddd;\">Predvajanje, zajem, ogled, e-po\u0161ta, zvok, shranjevanje FTP, PTZ, obve\u0161\u010danje monitorja<\/td>\n<\/tr>\n<tr>\n<th style=\"text-align: left; padding: 6px; border: 1px solid #ddd;\">Mobilne aplikacije<\/th>\n<td style=\"padding: 6px; border: 1px solid #ddd;\">iPhone, iPad, Android<\/td>\n<\/tr>\n<tr>\n<th style=\"text-align: left; padding: 6px; border: 1px solid #ddd;\">zaznavanje gibanja<\/th>\n<td style=\"padding: 6px; border: 1px solid #ddd;\">da (396 obmo\u010dij \/ 22 x 18)<\/td>\n<\/tr>\n<tr>\n<th style=\"text-align: left; padding: 6px; border: 1px solid #ddd;\">Ethernet<\/th>\n<td style=\"padding: 6px; border: 1px solid #ddd;\">Vhod RJ-45 (100 Mb\/s)<\/td>\n<\/tr>\n<tr>\n<th style=\"text-align: left; padding: 6px; border: 1px solid #ddd;\">HDD<\/th>\n<td style=\"padding: 6px; border: 1px solid #ddd;\">1x vrata SATA, HDD SATA max. 6 TB<\/td>\n<\/tr>\n<tr>\n<th style=\"text-align: left; padding: 6px; border: 1px solid #ddd;\">Intervalsko snemanje<\/th>\n<td style=\"padding: 6px; border: 1px solid #ddd;\">1 &#8211; 60 minut (tovarni\u0161ko nastavljeno na 60 minut), predhodno snemanje 1 &#8211; 30 sekund<\/td>\n<\/tr>\n<tr>\n<th style=\"text-align: left; padding: 6px; border: 1px solid #ddd;\">Kompresija<\/th>\n<td style=\"padding: 6px; border: 1px solid #ddd;\">H.265, H.264+, H.264, MJPEG<\/td>\n<\/tr>\n<tr>\n<th style=\"text-align: left; padding: 6px; border: 1px solid #ddd;\">Maksimalno \u0161tevilo uporabnikov<\/th>\n<td style=\"padding: 6px; border: 1px solid #ddd;\">128<\/td>\n<\/tr>\n<tr>\n<th style=\"text-align: left; padding: 6px; border: 1px solid #ddd;\">Mo\u017enosti iskanja<\/th>\n<td style=\"padding: 6px; border: 1px solid #ddd;\">datum in \u010das, dogodek (zaznavanje gibanja), natan\u010dno iskanje<\/td>\n<\/tr>\n<tr>\n<th style=\"text-align: left; padding: 6px; border: 1px solid #ddd;\">Operativni sistem<\/th>\n<td style=\"padding: 6px; border: 1px solid #ddd;\">Vgrajeni Linux<\/td>\n<\/tr>\n<tr>\n<th style=\"text-align: left; padding: 6px; border: 1px solid #ddd;\">Vmesni\u0161ka vrata<\/th>\n<td style=\"padding: 6px; border: 1px solid #ddd;\">2 x USB 2.0<\/td>\n<\/tr>\n<tr>\n<th style=\"text-align: left; padding: 6px; border: 1px solid #ddd;\">Kjerkoli<\/th>\n<td style=\"padding: 6px; border: 1px solid #ddd;\">HTTP, HTTPS, TCP\/IP, IPv4, IPv6, 3G\/4G, UPnP, RTSP, UDP, SMTP, NTP, DHCP, DNS, IP filter, PPPoE, DDNS, FTP, Alarm Server, P2P, IP search, ONVIF 16.12, CGI, AI search<\/td>\n<\/tr>\n<tr>\n<th style=\"text-align: left; padding: 6px; border: 1px solid #ddd;\">Granje<\/th>\n<td style=\"padding: 6px; border: 1px solid #ddd;\">Predvajanje, premor, ustavitev, previjanje nazaj, hitro predvajanje, po\u010dasno predvajanje itd.<\/td>\n<\/tr>\n<tr>\n<th style=\"text-align: left; padding: 6px; border: 1px solid #ddd;\">Na\u010din snemanja<\/th>\n<td style=\"padding: 6px; border: 1px solid #ddd;\">Snemanje, zaznavanje gibanja, neprekinjeno, na\u010drtovano, izguba signala, alarm, vdor<\/td>\n<\/tr>\n<tr>\n<th style=\"text-align: left; padding: 6px; border: 1px solid #ddd;\">Razporeditev slik<\/th>\n<td style=\"padding: 6px; border: 1px solid #ddd;\">1\/4<\/td>\n<\/tr>\n<tr>\n<th style=\"text-align: left; padding: 6px; border: 1px solid #ddd;\">Dodatki<\/th>\n<td style=\"padding: 6px; border: 1px solid #ddd;\">Max. 10 W brez HDD<\/td>\n<\/tr>\n<\/tbody>\n<\/table>\n","protected":false},"excerpt":{"rendered":"<p>Videorekorder 5 v 1 s stiskanjem H.265 (kamere do 720p) * Skupaj za 8 kamer (analogne \/ HDCVI \/ AHD [&hellip;]<\/p>\n","protected":false},"featured_media":4730,"template":"","meta":{"site-sidebar-layout":"default","site-content-layout":"","ast-site-content-layout":"","site-content-style":"default","site-sidebar-style":"default","ast-global-header-display":"","ast-banner-title-visibility":"","ast-main-header-display":"","ast-hfb-above-header-display":"","ast-hfb-below-header-display":"","ast-hfb-mobile-header-display":"","site-post-title":"","ast-breadcrumbs-content":"","ast-featured-img":"","footer-sml-layout":"","theme-transparent-header-meta":"","adv-header-id-meta":"","stick-header-meta":"","header-above-stick-meta":"","header-main-stick-meta":"","header-below-stick-meta":"","astra-migrate-meta-layouts":"default","ast-page-background-enabled":"default","ast-page-background-meta":{"desktop":{"background-color":"var(--ast-global-color-5)","background-image":"","background-repeat":"repeat","background-position":"center center","background-size":"auto","background-attachment":"scroll","background-type":"","background-media":"","overlay-type":"","overlay-color":"","overlay-opacity":"","overlay-gradient":""},"tablet":{"background-color":"","background-image":"","background-repeat":"repeat","background-position":"center center","background-size":"auto","background-attachment":"scroll","background-type":"","background-media":"","overlay-type":"","overlay-color":"","overlay-opacity":"","overlay-gradient":""},"mobile":{"background-color":"","background-image":"","background-repeat":"repeat","background-position":"center center","background-size":"auto","background-attachment":"scroll","background-type":"","background-media":"","overlay-type":"","overlay-color":"","overlay-opacity":"","overlay-gradient":""}},"ast-content-background-meta":{"desktop":{"background-color":"var(--ast-global-color-4)","background-image":"","background-repeat":"repeat","background-position":"center center","background-size":"auto","background-attachment":"scroll","background-type":"","background-media":"","overlay-type":"","overlay-color":"","overlay-opacity":"","overlay-gradient":""},"tablet":{"background-color":"var(--ast-global-color-4)","background-image":"","background-repeat":"repeat","background-position":"center center","background-size":"auto","background-attachment":"scroll","background-type":"","background-media":"","overlay-type":"","overlay-color":"","overlay-opacity":"","overlay-gradient":""},"mobile":{"background-color":"var(--ast-global-color-4)","background-image":"","background-repeat":"repeat","background-position":"center center","background-size":"auto","background-attachment":"scroll","background-type":"","background-media":"","overlay-type":"","overlay-color":"","overlay-opacity":"","overlay-gradient":""}}},"product_brand":[383],"product_cat":[442,451],"product_tag":[],"class_list":{"0":"post-4729","1":"product","2":"type-product","3":"status-publish","4":"has-post-thumbnail","6":"product_brand-cp-plus","7":"product_cat-hdcvi-a-5v1-videorekordery","8":"product_cat-8-kanalu-hdcvi-a-5v1-videorekordery","9":"desktop-align-left","10":"tablet-align-left","11":"mobile-align-left","13":"first","14":"instock","15":"taxable","16":"shipping-taxable","17":"purchasable","18":"product-type-simple"},"translation":{"provider":"WPGlobus","version":"3.0.1","language":"fr","enabled_languages":["en","es","de","fr","ru"],"languages":{"en":{"title":true,"content":true,"excerpt":false},"es":{"title":false,"content":false,"excerpt":false},"de":{"title":false,"content":false,"excerpt":false},"fr":{"title":false,"content":false,"excerpt":false},"ru":{"title":false,"content":false,"excerpt":false}}},"_links":{"self":[{"href":"https:\/\/www.cpplus.si\/fr\/wp-json\/wp\/v2\/product\/4729","targetHints":{"allow":["GET"]}}],"collection":[{"href":"https:\/\/www.cpplus.si\/fr\/wp-json\/wp\/v2\/product"}],"about":[{"href":"https:\/\/www.cpplus.si\/fr\/wp-json\/wp\/v2\/types\/product"}],"wp:featuredmedia":[{"embeddable":true,"href":"https:\/\/www.cpplus.si\/fr\/wp-json\/wp\/v2\/media\/4730"}],"wp:attachment":[{"href":"https:\/\/www.cpplus.si\/fr\/wp-json\/wp\/v2\/media?parent=4729"}],"wp:term":[{"taxonomy":"product_brand","embeddable":true,"href":"https:\/\/www.cpplus.si\/fr\/wp-json\/wp\/v2\/product_brand?post=4729"},{"taxonomy":"product_cat","embeddable":true,"href":"https:\/\/www.cpplus.si\/fr\/wp-json\/wp\/v2\/product_cat?post=4729"},{"taxonomy":"product_tag","embeddable":true,"href":"https:\/\/www.cpplus.si\/fr\/wp-json\/wp\/v2\/product_tag?post=4729"}],"curies":[{"name":"wp","href":"https:\/\/api.w.org\/{rel}","templated":true}]}}