{"id":4779,"date":"2025-11-15T20:58:37","date_gmt":"2025-11-15T19:58:37","guid":{"rendered":"https:\/\/www.cpplus.si\/izdelek\/cp-plus-cp-anw-hpu16g2f1d-n30sestnactiportovy-10-100-1000-mbps-poe-switch-v-ip65-pouzdru\/"},"modified":"2026-02-20T12:29:23","modified_gmt":"2026-02-20T11:29:23","slug":"cp-plus-cp-anw-hpu16g2f1d-n30-sestnactiportovy-10-100-1000-mbps-poe-switch-v-ip65-pouzdru","status":"publish","type":"product","link":"https:\/\/www.cpplus.si\/fr\/izdelek\/cp-plus-cp-anw-hpu16g2f1d-n30-sestnactiportovy-10-100-1000-mbps-poe-switch-v-ip65-pouzdru\/","title":{"rendered":"CP PLUS CP-ANW-HPU16G2F1D-N30 16-portno stikalo 10\/100\/1000 Mb\/s PoE v ohi\u0161ju IP65"},"content":{"rendered":"<p>16-portno stikalo 10\/100 (1000) PoE v ohi\u0161ju IP65 * 16 x 10\/100 Mbps LAN PoE 802af\/at\/bt (1-14 10\/100 Mbps af\/at, 15-16 10\/100\/1000 Mbps af\/at\/bt) * 2 x 10\/100\/1000 Mbps uplink vrata * 1 x 1000 Mbps SFP vrata * IEEE 802.3 af\/at\/bt * Skupaj do 300 W (najve\u010d 4 W &#8211; 30 W &#8211; 60 W na vrata PoE) * Prenosna razdalja za kamere do 250 m (10 Mb\/s) * Za\u0161\u010dita pred prenapetostjo 6 KV in za\u0161\u010dita pred udarci 8 KV * Vgrajeno napajanje 230 V * Temperatura delovanja -30 do 60 \u00b0C * Zasnovano v vzdr\u017eljivem ohi\u0161ju IP65 za namestitev na steno * Hlajenje z ventilatorji * Dimenzije 310 x 260 x 100 mm * Masa 2200 g * LED, za prikaz napajanja PoE in povezljivosti vrat * Barva \u010drna in modra z belo \u0161katlo * Material kovina in plastika *<\/p>\n<table class=\"product-specs\" style=\"border-collapse: collapse; width: 100%; margin-top: 10px;\">\n<tbody>\n<tr>\n<th style=\"text-align: left; padding: 6px; border: 1px solid #ddd;\">Mo\u010d<\/th>\n<td style=\"padding: 6px; border: 1px solid #ddd;\">180-240VAC, 50Hz<\/td>\n<\/tr>\n<tr>\n<th style=\"text-align: left; padding: 6px; border: 1px solid #ddd;\">Delovna temperatura<\/th>\n<td style=\"padding: 6px; border: 1px solid #ddd;\">-30 \u00b0C do 60 \u00b0C<\/td>\n<\/tr>\n<tr>\n<th style=\"text-align: left; padding: 6px; border: 1px solid #ddd;\">Mere<\/th>\n<td style=\"padding: 6px; border: 1px solid #ddd;\">430 x 180 x 45 mm<\/td>\n<\/tr>\n<tr>\n<th style=\"text-align: left; padding: 6px; border: 1px solid #ddd;\">Vlaga<\/th>\n<td style=\"padding: 6px; border: 1px solid #ddd;\">2200 g<\/td>\n<\/tr>\n<tr>\n<th style=\"text-align: left; padding: 6px; border: 1px solid #ddd;\">\u010cista te\u017ea EXPORT KG<\/th>\n<td style=\"padding: 6px; border: 1px solid #ddd;\">2.200<\/td>\n<\/tr>\n<tr>\n<th style=\"text-align: left; padding: 6px; border: 1px solid #ddd;\">Proizvajalec<\/th>\n<td style=\"padding: 6px; border: 1px solid #ddd;\">CP PLUS<\/td>\n<\/tr>\n<tr>\n<th style=\"text-align: left; padding: 6px; border: 1px solid #ddd;\">Elektromagnetna zdru\u017eljivost<\/th>\n<td style=\"padding: 6px; border: 1px solid #ddd;\">Skladno z IEC61000-4-2<\/td>\n<\/tr>\n<tr>\n<th style=\"text-align: left; padding: 6px; border: 1px solid #ddd;\">ESD<\/th>\n<td style=\"padding: 6px; border: 1px solid #ddd;\">8 KV izpust na dotik, 8 KV izpust v zrak, standard IEC61000-4-2<\/td>\n<\/tr>\n<tr>\n<th style=\"text-align: left; padding: 6px; border: 1px solid #ddd;\">Za\u0161\u010dita pred nevihtami<\/th>\n<td style=\"padding: 6px; border: 1px solid #ddd;\">6 KV na\u010din delovanja, 6 KV zra\u010dni izpust, standard IEC61000-4-5<\/td>\n<\/tr>\n<tr>\n<th style=\"text-align: left; padding: 6px; border: 1px solid #ddd;\">opti\u010dna signalizacija<\/th>\n<td style=\"padding: 6px; border: 1px solid #ddd;\">rde\u010da dioda LED za napajanje, zelena dioda LED za povezavo, rumena dioda LED PoE, indikacija napajanja<\/td>\n<\/tr>\n<tr>\n<th style=\"text-align: left; padding: 6px; border: 1px solid #ddd;\">Podpora protokolov<\/th>\n<td style=\"padding: 6px; border: 1px solid #ddd;\">IEEE 802.3i, IEEE 802.3u, IEEE 802.3ab, IEEE 802.3x, PoE IEEE 802.3af\/at\/bt<\/td>\n<\/tr>\n<tr>\n<th style=\"text-align: left; padding: 6px; border: 1px solid #ddd;\">Seznam naslovov MAC<\/th>\n<td style=\"padding: 6px; border: 1px solid #ddd;\">4K<\/td>\n<\/tr>\n<tr>\n<th style=\"text-align: left; padding: 6px; border: 1px solid #ddd;\">Odgovor<\/th>\n<td style=\"padding: 6px; border: 1px solid #ddd;\">12,8 Gbps<\/td>\n<\/tr>\n<tr>\n<th style=\"text-align: left; padding: 6px; border: 1px solid #ddd;\"><\/th>\n<td style=\"padding: 6px; border: 1px solid #ddd;\"><\/td>\n<\/tr>\n<tr>\n<th style=\"text-align: left; padding: 6px; border: 1px solid #ddd;\"><\/th>\n<td style=\"padding: 6px; border: 1px solid #ddd;\"><\/td>\n<\/tr>\n<tr>\n<th style=\"text-align: left; padding: 6px; border: 1px solid #ddd;\"><\/th>\n<td style=\"padding: 6px; border: 1px solid #ddd;\"><\/td>\n<\/tr>\n<tr>\n<th style=\"text-align: left; padding: 6px; border: 1px solid #ddd;\"><\/th>\n<td style=\"padding: 6px; border: 1px solid #ddd;\"><\/td>\n<\/tr>\n<tr>\n<th style=\"text-align: left; padding: 6px; border: 1px solid #ddd;\"><\/th>\n<td style=\"padding: 6px; border: 1px solid #ddd;\"><\/td>\n<\/tr>\n<tr>\n<th style=\"text-align: left; padding: 6px; border: 1px solid #ddd;\"><\/th>\n<td style=\"padding: 6px; border: 1px solid #ddd;\"><\/td>\n<\/tr>\n<tr>\n<th style=\"text-align: left; padding: 6px; border: 1px solid #ddd;\"><\/th>\n<td style=\"padding: 6px; border: 1px solid #ddd;\"><\/td>\n<\/tr>\n<tr>\n<th style=\"text-align: left; padding: 6px; border: 1px solid #ddd;\"><\/th>\n<td style=\"padding: 6px; border: 1px solid #ddd;\"><\/td>\n<\/tr>\n<\/tbody>\n<\/table>\n","protected":false},"excerpt":{"rendered":"<p>16-portno stikalo 10\/100 (1000) PoE v ohi\u0161ju IP65 * 16 x 10\/100 Mbps LAN PoE 802af\/at\/bt (1-14 10\/100 Mbps af\/at, [&hellip;]<\/p>\n","protected":false},"featured_media":4780,"template":"","meta":{"site-sidebar-layout":"default","site-content-layout":"","ast-site-content-layout":"","site-content-style":"default","site-sidebar-style":"default","ast-global-header-display":"","ast-banner-title-visibility":"","ast-main-header-display":"","ast-hfb-above-header-display":"","ast-hfb-below-header-display":"","ast-hfb-mobile-header-display":"","site-post-title":"","ast-breadcrumbs-content":"","ast-featured-img":"","footer-sml-layout":"","theme-transparent-header-meta":"","adv-header-id-meta":"","stick-header-meta":"","header-above-stick-meta":"","header-main-stick-meta":"","header-below-stick-meta":"","astra-migrate-meta-layouts":"default","ast-page-background-enabled":"default","ast-page-background-meta":{"desktop":{"background-color":"var(--ast-global-color-5)","background-image":"","background-repeat":"repeat","background-position":"center center","background-size":"auto","background-attachment":"scroll","background-type":"","background-media":"","overlay-type":"","overlay-color":"","overlay-opacity":"","overlay-gradient":""},"tablet":{"background-color":"","background-image":"","background-repeat":"repeat","background-position":"center center","background-size":"auto","background-attachment":"scroll","background-type":"","background-media":"","overlay-type":"","overlay-color":"","overlay-opacity":"","overlay-gradient":""},"mobile":{"background-color":"","background-image":"","background-repeat":"repeat","background-position":"center center","background-size":"auto","background-attachment":"scroll","background-type":"","background-media":"","overlay-type":"","overlay-color":"","overlay-opacity":"","overlay-gradient":""}},"ast-content-background-meta":{"desktop":{"background-color":"var(--ast-global-color-4)","background-image":"","background-repeat":"repeat","background-position":"center center","background-size":"auto","background-attachment":"scroll","background-type":"","background-media":"","overlay-type":"","overlay-color":"","overlay-opacity":"","overlay-gradient":""},"tablet":{"background-color":"var(--ast-global-color-4)","background-image":"","background-repeat":"repeat","background-position":"center center","background-size":"auto","background-attachment":"scroll","background-type":"","background-media":"","overlay-type":"","overlay-color":"","overlay-opacity":"","overlay-gradient":""},"mobile":{"background-color":"var(--ast-global-color-4)","background-image":"","background-repeat":"repeat","background-position":"center center","background-size":"auto","background-attachment":"scroll","background-type":"","background-media":"","overlay-type":"","overlay-color":"","overlay-opacity":"","overlay-gradient":""}}},"product_brand":[383],"product_cat":[391,418,438],"product_tag":[],"class_list":{"0":"post-4779","1":"product","2":"type-product","3":"status-publish","4":"has-post-thumbnail","6":"product_brand-cp-plus","7":"product_cat-prislusenstvi","8":"product_cat-switche-poe-switche-injektory-a-extendery","9":"product_cat-cp-plus-switche-poe-switche-injektory-a-extendery","10":"desktop-align-left","11":"tablet-align-left","12":"mobile-align-left","14":"first","15":"instock","16":"taxable","17":"shipping-taxable","18":"purchasable","19":"product-type-simple"},"translation":{"provider":"WPGlobus","version":"3.0.1","language":"fr","enabled_languages":["en","es","de","fr","ru"],"languages":{"en":{"title":true,"content":true,"excerpt":false},"es":{"title":false,"content":false,"excerpt":false},"de":{"title":false,"content":false,"excerpt":false},"fr":{"title":false,"content":false,"excerpt":false},"ru":{"title":false,"content":false,"excerpt":false}}},"_links":{"self":[{"href":"https:\/\/www.cpplus.si\/fr\/wp-json\/wp\/v2\/product\/4779","targetHints":{"allow":["GET"]}}],"collection":[{"href":"https:\/\/www.cpplus.si\/fr\/wp-json\/wp\/v2\/product"}],"about":[{"href":"https:\/\/www.cpplus.si\/fr\/wp-json\/wp\/v2\/types\/product"}],"wp:featuredmedia":[{"embeddable":true,"href":"https:\/\/www.cpplus.si\/fr\/wp-json\/wp\/v2\/media\/4780"}],"wp:attachment":[{"href":"https:\/\/www.cpplus.si\/fr\/wp-json\/wp\/v2\/media?parent=4779"}],"wp:term":[{"taxonomy":"product_brand","embeddable":true,"href":"https:\/\/www.cpplus.si\/fr\/wp-json\/wp\/v2\/product_brand?post=4779"},{"taxonomy":"product_cat","embeddable":true,"href":"https:\/\/www.cpplus.si\/fr\/wp-json\/wp\/v2\/product_cat?post=4779"},{"taxonomy":"product_tag","embeddable":true,"href":"https:\/\/www.cpplus.si\/fr\/wp-json\/wp\/v2\/product_tag?post=4779"}],"curies":[{"name":"wp","href":"https:\/\/api.w.org\/{rel}","templated":true}]}}