{"id":5188,"date":"2025-11-15T21:00:21","date_gmt":"2025-11-15T20:00:21","guid":{"rendered":"https:\/\/www.cpplus.si\/izdelek\/cp-uvr-0401f1-ic2cp-uvr-0401f1-ic2-videorekorder-5v1-s-kompresi-h-265-az-pro-5-mpix-kamery-s-podporou-ai-funkci\/"},"modified":"2026-04-22T12:13:36","modified_gmt":"2026-04-22T10:13:36","slug":"cp-uvr-0401f1-ic2-cp-uvr-0401f1-ic2-videorekorder-5v1-s-kompresi-h-265-az-pro-5-mpix-kamery-s-podporou-ai-funkci","status":"publish","type":"product","link":"https:\/\/www.cpplus.si\/fr\/izdelek\/cp-uvr-0401f1-ic2-cp-uvr-0401f1-ic2-videorekorder-5v1-s-kompresi-h-265-az-pro-5-mpix-kamery-s-podporou-ai-funkci\/","title":{"rendered":"CP-UVR-0401F1-IC2 CP-UVR-0401F1-IC2 Videorekorder 5 v 1 s stiskanjem H.265 (do 5 kamer Mpix) in podporo umetni inteligenci"},"content":{"rendered":"<p>Videorekorder 5 v 1 s stiskanjem H.265 (za kamere do 5 Mpix) s podporo umetni inteligenci<br \/>\n* Skupaj za 4 kamere (analogne \/ HDCVI \/ AHD \/ TVI ali do 6 kamer IP) * Zaslon Full HD 1080p na monitorju * Dvoproto\u010dno stiskanje videa H.265 * Snemanje 4M-N\/1080p pri 1-15 fps. \/ 1080N\/720p pri 1-25 sli\u010dicah na sekundo, 32 Mb\/s skupnega snemanja vseh kanalov IP * Sinhroni video izhod HDMI\/VGA * Dvosmerni zvok, 1 zvo\u010dni vhod in 1 zvo\u010dni izhod * Podpira 1 trdi disk SATA do 16 TB in 2 x USB 2.0 * Napredna analiza in zaznavanje dogodkov v snemalniku brez teh funkcij v povezani kameri (max. 4 kanali) &#8211; zaznavanje oseb ali vozil (SMD, vklju\u010dno z zmanj\u0161anjem la\u017enih alarmov za padajo\u010de listje, de\u017e, sneg in spremembe osvetlitve) * Vgrajeni spletni stre\u017enik * Mobilna aplikacija CMOB * Programska oprema CMS KVMS PRO Lite * Funkcija 5v1 &#8211; pove\u017eete lahko analogne, HDCVI, AHD, TVI in IP kamere (max. 6 kamer IP max. 6 Mpix) * ONVIF 21.12 * Dimenzije 197 x 203 x 41 mm * Te\u017ea 550 g (brez HDD) * Napajanje DC 12 V \/ 2 A (napajalnik je vklju\u010den) *<\/p>\n<table class=\"product-specs\" style=\"border-collapse: collapse; width: 100%; margin-top: 10px;\">\n<tbody>\n<tr>\n<th style=\"text-align: left; padding: 6px; border: 1px solid #ddd;\">Procesor<\/th>\n<td style=\"padding: 6px; border: 1px solid #ddd;\">Vgrajeni mikroprocesor<\/td>\n<\/tr>\n<tr>\n<th style=\"text-align: left; padding: 6px; border: 1px solid #ddd;\">Power<\/th>\n<td style=\"padding: 6px; border: 1px solid #ddd;\">DC 12V \/ 2A<\/td>\n<\/tr>\n<tr>\n<th style=\"text-align: left; padding: 6px; border: 1px solid #ddd;\">Delovna temperatura<\/th>\n<td style=\"padding: 6px; border: 1px solid #ddd;\">10 \u00b0C do 55 \u00b0C<\/td>\n<\/tr>\n<tr>\n<th style=\"text-align: left; padding: 6px; border: 1px solid #ddd;\">Neto te\u017ea EXPORT KG<\/th>\n<td style=\"padding: 6px; border: 1px solid #ddd;\">0,550<\/td>\n<\/tr>\n<tr>\n<th style=\"text-align: left; padding: 6px; border: 1px solid #ddd;\">Producent<\/th>\n<td style=\"padding: 6px; border: 1px solid #ddd;\">CP PLUS<\/td>\n<\/tr>\n<tr>\n<th style=\"text-align: left; padding: 6px; border: 1px solid #ddd;\">Dostopnost dogodka<\/th>\n<td style=\"padding: 6px; border: 1px solid #ddd;\">Predvajanje, zajem, ogled, e-po\u0161ta, zvok, shranjevanje FTP, PTZ, obve\u0161\u010danje monitorja<\/td>\n<\/tr>\n<tr>\n<th style=\"text-align: left; padding: 6px; border: 1px solid #ddd;\">Mobilne aplikacije<\/th>\n<td style=\"padding: 6px; border: 1px solid #ddd;\">iPhone, iPad, Android<\/td>\n<\/tr>\n<tr>\n<th style=\"text-align: left; padding: 6px; border: 1px solid #ddd;\">Odkrivanje gibanja<\/th>\n<td style=\"padding: 6px; border: 1px solid #ddd;\">da (396 obmo\u010dij \/ 22 x 18)<\/td>\n<\/tr>\n<tr>\n<th style=\"poravnava besedila: levo; padding: 6px; border: 1px solid #ddd;\">Ethernet<\/th>\n<td style=\"padding: 6px; border: 1px solid #ddd;\">Vhod RJ-45 (10\/100 Mb\/s)<\/td>\n<\/tr>\n<tr>\n<th style=\"text-align: left; padding: 6px; border: 1px solid #ddd;\">HDD<\/th>\n<td style=\"padding: 6px; border: 1px solid #ddd;\">1x vrata SATA, trdi disk SATA max. 16 TB<\/td>\n<\/tr>\n<tr>\n<th style=\"text-align: left; padding: 6px; border: 1px solid #ddd;\">Intervalsko snemanje<\/th>\n<td style=\"padding: 6px; border: 1px solid #ddd;\">1 &#8211; 60 minut (tovarni\u0161ko nastavljeno na 60 minut), predhodno snemanje 1 &#8211; 30 sekund<\/td>\n<\/tr>\n<tr>\n<th style=\"text-align: left; padding: 6px; border: 1px solid #ddd;\">Kompresija<\/th>\n<td style=\"padding: 6px; border: 1px solid #ddd;\">H.265; H.264+; H.264<\/td>\n<\/tr>\n<tr>\n<th style=\"text-align: left; padding: 6px; border: 1px solid #ddd;\">Maksimalno \u0161tevilo uporabnikov<\/th>\n<td style=\"padding: 6px; border: 1px solid #ddd;\">128<\/td>\n<\/tr>\n<tr>\n<th style=\"text-align: left; padding: 6px; border: 1px solid #ddd;\">Mo\u017enosti iskanja<\/th>\n<td style=\"padding: 6px; border: 1px solid #ddd;\">datum in \u010das, dogodek (zaznavanje gibanja), natan\u010dno iskanje, pametno iskanje dolo\u010denega cilja (osebe, vozila)<\/td>\n<\/tr>\n<tr>\n<th style=\"text-align: left; padding: 6px; border: 1px solid #ddd;\">Operativni sistem<\/th>\n<td style=\"padding: 6px; border: 1px solid #ddd;\">Vgrajeni Linux<\/td>\n<\/tr>\n<tr>\n<th style=\"text-align: left; padding: 6px; border: 1px solid #ddd;\">Vmesni\u0161ka vrata<\/th>\n<td style=\"padding: 6px; border: 1px solid #ddd;\">2 x USB 2.0<\/td>\n<\/tr>\n<tr>\n<th style=\"text-align: left; padding: 6px; border: 1px solid #ddd;\">Brskalnik<\/th>\n<td style=\"padding: 6px; border: 1px solid #ddd;\">Internet Explorer, Edge, Firefox, Chrome<\/td>\n<\/tr>\n<tr>\n<th style=\"text-align: left; padding: 6px; border: 1px solid #ddd;\">Protokoli<\/th>\n<td style=\"padding: 6px; border: 1px solid #ddd;\">HTTP; HTTPS; TCP\/IP; IPv4; RTSP; UDP; SMTP; NTP; DHCP; DNS; DDNS; InstaOn cloud; ONVIF 21.12; CGI<\/td>\n<\/tr>\n<tr>\n<th style=\"text-align: left; padding: 6px; border: 1px solid #ddd;\">Granje<\/th>\n<td style=\"padding: 6px; border: 1px solid #ddd;\">Predvajanje, premor, ustavitev, previjanje nazaj, hitro predvajanje, po\u010dasno predvajanje itd.<\/td>\n<\/tr>\n<tr>\n<th style=\"text-align: left; padding: 6px; border: 1px solid #ddd;\">Na\u010din snemanja<\/th>\n<td style=\"padding: 6px; border: 1px solid #ddd;\">Snemanje, zaznavanje gibanja, neprekinjeno, na\u010drtovano, izguba signala, alarm, vdor<\/td>\n<\/tr>\n<tr>\n<th style=\"text-align: left; padding: 6px; border: 1px solid #ddd;\">Razporeditev slik<\/th>\n<td style=\"padding: 6px; border: 1px solid #ddd;\">1\/4<\/td>\n<\/tr>\n<\/tbody>\n<\/table>\n","protected":false},"excerpt":{"rendered":"<p>Videorekorder 5 v 1 s stiskanjem H.265 (za kamere do 5 Mpix) s podporo umetni inteligenci * Skupaj za 4 [&hellip;]<\/p>\n","protected":false},"featured_media":5311,"template":"","meta":{"site-sidebar-layout":"default","site-content-layout":"","ast-site-content-layout":"","site-content-style":"default","site-sidebar-style":"default","ast-global-header-display":"","ast-banner-title-visibility":"","ast-main-header-display":"","ast-hfb-above-header-display":"","ast-hfb-below-header-display":"","ast-hfb-mobile-header-display":"","site-post-title":"","ast-breadcrumbs-content":"","ast-featured-img":"","footer-sml-layout":"","theme-transparent-header-meta":"","adv-header-id-meta":"","stick-header-meta":"","header-above-stick-meta":"","header-main-stick-meta":"","header-below-stick-meta":"","astra-migrate-meta-layouts":"default","ast-page-background-enabled":"default","ast-page-background-meta":{"desktop":{"background-color":"var(--ast-global-color-5)","background-image":"","background-repeat":"repeat","background-position":"center center","background-size":"auto","background-attachment":"scroll","background-type":"","background-media":"","overlay-type":"","overlay-color":"","overlay-opacity":"","overlay-gradient":""},"tablet":{"background-color":"","background-image":"","background-repeat":"repeat","background-position":"center center","background-size":"auto","background-attachment":"scroll","background-type":"","background-media":"","overlay-type":"","overlay-color":"","overlay-opacity":"","overlay-gradient":""},"mobile":{"background-color":"","background-image":"","background-repeat":"repeat","background-position":"center center","background-size":"auto","background-attachment":"scroll","background-type":"","background-media":"","overlay-type":"","overlay-color":"","overlay-opacity":"","overlay-gradient":""}},"ast-content-background-meta":{"desktop":{"background-color":"var(--ast-global-color-4)","background-image":"","background-repeat":"repeat","background-position":"center center","background-size":"auto","background-attachment":"scroll","background-type":"","background-media":"","overlay-type":"","overlay-color":"","overlay-opacity":"","overlay-gradient":""},"tablet":{"background-color":"var(--ast-global-color-4)","background-image":"","background-repeat":"repeat","background-position":"center center","background-size":"auto","background-attachment":"scroll","background-type":"","background-media":"","overlay-type":"","overlay-color":"","overlay-opacity":"","overlay-gradient":""},"mobile":{"background-color":"var(--ast-global-color-4)","background-image":"","background-repeat":"repeat","background-position":"center center","background-size":"auto","background-attachment":"scroll","background-type":"","background-media":"","overlay-type":"","overlay-color":"","overlay-opacity":"","overlay-gradient":""}}},"product_brand":[383],"product_cat":[442],"product_tag":[],"class_list":{"0":"post-5188","1":"product","2":"type-product","3":"status-publish","4":"has-post-thumbnail","6":"product_brand-cp-plus","7":"product_cat-hdcvi-a-5v1-videorekordery","8":"desktop-align-left","9":"tablet-align-left","10":"mobile-align-left","12":"first","13":"instock","14":"taxable","15":"shipping-taxable","16":"purchasable","17":"product-type-simple"},"translation":{"provider":"WPGlobus","version":"3.0.1","language":"fr","enabled_languages":["en","es","de","fr","ru"],"languages":{"en":{"title":true,"content":true,"excerpt":false},"es":{"title":false,"content":false,"excerpt":false},"de":{"title":false,"content":false,"excerpt":false},"fr":{"title":false,"content":false,"excerpt":false},"ru":{"title":false,"content":false,"excerpt":false}}},"_links":{"self":[{"href":"https:\/\/www.cpplus.si\/fr\/wp-json\/wp\/v2\/product\/5188","targetHints":{"allow":["GET"]}}],"collection":[{"href":"https:\/\/www.cpplus.si\/fr\/wp-json\/wp\/v2\/product"}],"about":[{"href":"https:\/\/www.cpplus.si\/fr\/wp-json\/wp\/v2\/types\/product"}],"wp:featuredmedia":[{"embeddable":true,"href":"https:\/\/www.cpplus.si\/fr\/wp-json\/wp\/v2\/media\/5311"}],"wp:attachment":[{"href":"https:\/\/www.cpplus.si\/fr\/wp-json\/wp\/v2\/media?parent=5188"}],"wp:term":[{"taxonomy":"product_brand","embeddable":true,"href":"https:\/\/www.cpplus.si\/fr\/wp-json\/wp\/v2\/product_brand?post=5188"},{"taxonomy":"product_cat","embeddable":true,"href":"https:\/\/www.cpplus.si\/fr\/wp-json\/wp\/v2\/product_cat?post=5188"},{"taxonomy":"product_tag","embeddable":true,"href":"https:\/\/www.cpplus.si\/fr\/wp-json\/wp\/v2\/product_tag?post=5188"}],"curies":[{"name":"wp","href":"https:\/\/api.w.org\/{rel}","templated":true}]}}