{"id":5222,"date":"2025-11-15T21:00:40","date_gmt":"2025-11-15T20:00:40","guid":{"rendered":"https:\/\/www.cpplus.si\/izdelek\/cp-plus-cp-unc-ta41l6c-d-q-4-0-mpix-venkovni-ip-kamera-s-ir-wdr-a-mikrofonem\/"},"modified":"2026-04-27T12:30:20","modified_gmt":"2026-04-27T10:30:20","slug":"cp-plus-cp-unc-ta41l6c-d-q-4-0-mpix-venkovni-ip-kamera-s-ir-wdr-a-mikrofonem","status":"publish","type":"product","link":"https:\/\/www.cpplus.si\/fr\/izdelek\/cp-plus-cp-unc-ta41l6c-d-q-4-0-mpix-venkovni-ip-kamera-s-ir-wdr-a-mikrofonem\/","title":{"rendered":"CP PLUS CP-UNC-TA41L6C-D-Q 4,0 Mpix zunanja IP kamera z IR, WDR in mikrofonom"},"content":{"rendered":"<p>* 4,0 Mpix zunanja kompaktna IP kamera z IR osvetlitvijo, stiskanjem H.265, WDR in mikrofonom * 1\/2,8-pal\u010dni senzorski \u010dip PS CMOS s 4,0 Mpix * IR osvetlitev do 60 m &#8211; Smart IR * PoE \/ napajanje DC 12V * Profil ONVIF S\/G\/T * Stiskanje videa H.265 \/ H.264+ \/ H.264 \/ MJPEG * Najve\u010dja lo\u010dljivost 2688 x 1520 @ 20 slik na sekundo. * Podpira \u010detverni tok * 6,0 mm fiksni objektiv * kot H:49\u00b0 * filter ICR (dan in no\u010d), WDR (120 dB), 3DNR, AWB, AGC, BLC, HLC, ROI * vgrajen spletni stre\u017enik * CMS sw KVMS PRO Lite * mobilna aplikacija CMOB * vgrajen mikrofon, stiskanje zvoka G.711a, G.711Mu, PCM, G.726, AAC * SMD &#8211; zaznavanje oseb in vozil, pre\u010dkanje \u010drte, vdor, zaznavanje zvoka * stopnja za\u0161\u010dite IP67 * mere 198 x 80 x 76 mm * te\u017ea 310 g * barva belo-\u010drna * material plastika * najve\u010dja poraba energije 6,8 W (vklju\u010den IR) * podpora brskalnikom IE, Edge, Firefox, Chrome *<\/p>\n<table class=\"product-specs\" style=\"border-collapse: collapse; width: 100%; margin-top: 10px;\">\n<tbody>\n<tr>\n<th style=\"text-align: left; padding: 6px; border: 1px solid #ddd;\">Odkaz<\/th>\n<td style=\"padding: 6px; border: 1px solid #ddd;\">RJ-45 (10\/100 Base-T)<\/td>\n<\/tr>\n<tr>\n<th style=\"text-align: left; padding: 6px; border: 1px solid #ddd;\">Power<\/th>\n<td style=\"padding: 6px; border: 1px solid #ddd;\">DC 12 V \/ PoE (802.3af)<\/td>\n<\/tr>\n<tr>\n<th style=\"text-align: left; padding: 6px; border: 1px solid #ddd;\">Temperatura delovanja<\/th>\n<td style=\"padding: 6px; border: 1px solid #ddd;\">-40 \u00b0C do 60 \u00b0C<\/td>\n<\/tr>\n<tr>\n<th style=\"text-align: left; padding: 6px; border: 1px solid #ddd;\">Neto te\u017ea EXPORT KG<\/th>\n<td style=\"padding: 6px; border: 1px solid #ddd;\">0,310<\/td>\n<\/tr>\n<tr>\n<th style=\"text-align: left; padding: 6px; border: 1px solid #ddd;\">Producent<\/th>\n<td style=\"padding: 6px; border: 1px solid #ddd;\">CP PLUS<\/td>\n<\/tr>\n<tr>\n<th style=\"text-align: left; padding: 6px; border: 1px solid #ddd;\">Razpoznavanje oseb in vozil (SMD)<\/th>\n<td style=\"padding: 6px; border: 1px solid #ddd;\">Asi<\/td>\n<\/tr>\n<tr>\n<th style=\"text-align: left; padding: 6px; border: 1px solid #ddd;\">Alarm<\/th>\n<td style=\"padding: 6px; border: 1px solid #ddd;\">Ne<\/td>\n<\/tr>\n<tr>\n<th style=\"text-align: left; padding: 6px; border: 1px solid #ddd;\">Audio<\/th>\n<td style=\"padding: 6px; border: 1px solid #ddd;\">1x vgrajeni mikrofon<\/td>\n<\/tr>\n<tr>\n<th style=\"text-align: left; padding: 6px; border: 1px solid #ddd;\">Elektronski zaklop<\/th>\n<td style=\"padding: 6px; border: 1px solid #ddd;\">Automatski\/ro\u010dni, 1\/3 s &#8211; 1\/100 000 s.<\/td>\n<\/tr>\n<tr>\n<th style=\"text-align: left; padding: 6px; border: 1px solid #ddd;\">ICR (dnevni\/no\u010dni filter)<\/th>\n<td style=\"padding: 6px; border: 1px solid #ddd;\">Samodejni ICR, barvni, \u010drno-beli<\/td>\n<\/tr>\n<tr>\n<th style=\"text-align: left; padding: 6px; border: 1px solid #ddd;\">osvetlitev IR<\/th>\n<td style=\"padding: 6px; border: 1px solid #ddd;\">Smart IR<\/td>\n<\/tr>\n<tr>\n<th style=\"text-align: left; padding: 6px; border: 1px solid #ddd;\">Kompenzacija osvetlitve<\/th>\n<td style=\"padding: 6px; border: 1px solid #ddd;\">BLC\/HLC\/WDR (120dB)<\/td>\n<\/tr>\n<tr>\n<th style=\"text-align: left; padding: 6px; border: 1px solid #ddd;\">Minimalna vrednost osvetlitve<\/th>\n<td style=\"padding: 6px; border: 1px solid #ddd;\">Barvno: 0,001 luksa pri F 1,4, \u010drno-bele: 0,0001 luksa pri F 1,4 &#8211; 0 luksov pri F 1,4 (IR vklopljen)<\/td>\n<\/tr>\n<tr>\n<th style=\"text-align: left; padding: 6px; border: 1px solid #ddd;\">Target<\/th>\n<td style=\"padding: 6px; border: 1px solid #ddd;\">6,0 mm , vidni kot H: 49\u00b0<\/td>\n<\/tr>\n<tr>\n<th style=\"text-align: left; padding: 6px; border: 1px solid #ddd;\">Pixely<\/th>\n<td style=\"padding: 6px; border: 1px solid #ddd;\">2688&#215;1520, ROI 4 lokacije pove\u010danega interesa (dodatna kakovost)<\/td>\n<\/tr>\n<tr>\n<th style=\"text-align: left; padding: 6px; border: 1px solid #ddd;\">napredno zaznavanje dogodkov<\/th>\n<td style=\"padding: 6px; border: 1px solid #ddd;\">zaznavanje oseb ali vozil, pre\u010dkanje \u010drte, vdor, zaznavanje zvoka<\/td>\n<\/tr>\n<tr>\n<th style=\"text-align: left; padding: 6px; border: 1px solid #ddd;\">Resolucija<\/th>\n<td style=\"padding: 6px; border: 1px solid #ddd;\">4,0 Mpix (2688&#215;1520, 2560&#215;1440), 3,0 Mpix (2304&#215;1296), 2,0 Mpix (1920&#215;1080), 1,3 Mpix (1280&#215;960), 720p (1280\u00d7720), D1 (704\u00d7576), VGA (640&#215;480), CIF (352\u00d7288\/352&#215;240))<\/td>\n<\/tr>\n<tr>\n<th style=\"text-align: left; padding: 6px; border: 1px solid #ddd;\">Privatni prostori<\/th>\n<td style=\"padding: 6px; border: 1px solid #ddd;\">Do 4 obmo\u010dij<\/td>\n<\/tr>\n<tr>\n<th style=\"text-align: left; padding: 6px; border: 1px solid #ddd;\">Potro\u0161nja<\/th>\n<td style=\"padding: 6px; border: 1px solid #ddd;\">Maksimalno 6,8 W (IR vklopljen)<\/td>\n<\/tr>\n<tr>\n<th style=\"text-align: left; padding: 6px; border: 1px solid #ddd;\">Obmo\u010dje ravni<\/th>\n<td style=\"padding: 6px; border: 1px solid #ddd;\">IP 67<\/td>\n<\/tr>\n<tr>\n<th style=\"text-align: left; padding: 6px; border: 1px solid #ddd;\">Ra\u010duni za komunalne storitve<\/th>\n<td style=\"padding: 6px; border: 1px solid #ddd;\">Maksimalno 20 uporabnikov<\/td>\n<\/tr>\n<\/tbody>\n<\/table>\n","protected":false},"excerpt":{"rendered":"<p>* 4,0 Mpix zunanja kompaktna IP kamera z IR osvetlitvijo, stiskanjem H.265, WDR in mikrofonom * 1\/2,8-pal\u010dni senzorski \u010dip PS [&hellip;]<\/p>\n","protected":false},"featured_media":5197,"template":"","meta":{"site-sidebar-layout":"default","site-content-layout":"","ast-site-content-layout":"","site-content-style":"default","site-sidebar-style":"default","ast-global-header-display":"","ast-banner-title-visibility":"","ast-main-header-display":"","ast-hfb-above-header-display":"","ast-hfb-below-header-display":"","ast-hfb-mobile-header-display":"","site-post-title":"","ast-breadcrumbs-content":"","ast-featured-img":"","footer-sml-layout":"","theme-transparent-header-meta":"","adv-header-id-meta":"","stick-header-meta":"","header-above-stick-meta":"","header-main-stick-meta":"","header-below-stick-meta":"","astra-migrate-meta-layouts":"default","ast-page-background-enabled":"default","ast-page-background-meta":{"desktop":{"background-color":"var(--ast-global-color-5)","background-image":"","background-repeat":"repeat","background-position":"center center","background-size":"auto","background-attachment":"scroll","background-type":"","background-media":"","overlay-type":"","overlay-color":"","overlay-opacity":"","overlay-gradient":""},"tablet":{"background-color":"","background-image":"","background-repeat":"repeat","background-position":"center center","background-size":"auto","background-attachment":"scroll","background-type":"","background-media":"","overlay-type":"","overlay-color":"","overlay-opacity":"","overlay-gradient":""},"mobile":{"background-color":"","background-image":"","background-repeat":"repeat","background-position":"center center","background-size":"auto","background-attachment":"scroll","background-type":"","background-media":"","overlay-type":"","overlay-color":"","overlay-opacity":"","overlay-gradient":""}},"ast-content-background-meta":{"desktop":{"background-color":"var(--ast-global-color-4)","background-image":"","background-repeat":"repeat","background-position":"center center","background-size":"auto","background-attachment":"scroll","background-type":"","background-media":"","overlay-type":"","overlay-color":"","overlay-opacity":"","overlay-gradient":""},"tablet":{"background-color":"var(--ast-global-color-4)","background-image":"","background-repeat":"repeat","background-position":"center center","background-size":"auto","background-attachment":"scroll","background-type":"","background-media":"","overlay-type":"","overlay-color":"","overlay-opacity":"","overlay-gradient":""},"mobile":{"background-color":"var(--ast-global-color-4)","background-image":"","background-repeat":"repeat","background-position":"center center","background-size":"auto","background-attachment":"scroll","background-type":"","background-media":"","overlay-type":"","overlay-color":"","overlay-opacity":"","overlay-gradient":""}}},"product_brand":[383],"product_cat":[388],"product_tag":[],"class_list":{"0":"post-5222","1":"product","2":"type-product","3":"status-publish","4":"has-post-thumbnail","6":"product_brand-cp-plus","7":"product_cat-ip-sitove-kamery","8":"desktop-align-left","9":"tablet-align-left","10":"mobile-align-left","12":"first","13":"instock","14":"taxable","15":"shipping-taxable","16":"purchasable","17":"product-type-simple"},"translation":{"provider":"WPGlobus","version":"3.0.1","language":"fr","enabled_languages":["en","es","de","fr","ru"],"languages":{"en":{"title":true,"content":true,"excerpt":false},"es":{"title":false,"content":false,"excerpt":false},"de":{"title":false,"content":false,"excerpt":false},"fr":{"title":false,"content":false,"excerpt":false},"ru":{"title":false,"content":false,"excerpt":false}}},"_links":{"self":[{"href":"https:\/\/www.cpplus.si\/fr\/wp-json\/wp\/v2\/product\/5222","targetHints":{"allow":["GET"]}}],"collection":[{"href":"https:\/\/www.cpplus.si\/fr\/wp-json\/wp\/v2\/product"}],"about":[{"href":"https:\/\/www.cpplus.si\/fr\/wp-json\/wp\/v2\/types\/product"}],"wp:featuredmedia":[{"embeddable":true,"href":"https:\/\/www.cpplus.si\/fr\/wp-json\/wp\/v2\/media\/5197"}],"wp:attachment":[{"href":"https:\/\/www.cpplus.si\/fr\/wp-json\/wp\/v2\/media?parent=5222"}],"wp:term":[{"taxonomy":"product_brand","embeddable":true,"href":"https:\/\/www.cpplus.si\/fr\/wp-json\/wp\/v2\/product_brand?post=5222"},{"taxonomy":"product_cat","embeddable":true,"href":"https:\/\/www.cpplus.si\/fr\/wp-json\/wp\/v2\/product_cat?post=5222"},{"taxonomy":"product_tag","embeddable":true,"href":"https:\/\/www.cpplus.si\/fr\/wp-json\/wp\/v2\/product_tag?post=5222"}],"curies":[{"name":"wp","href":"https:\/\/api.w.org\/{rel}","templated":true}]}}