{"id":5372,"date":"2026-01-18T12:19:29","date_gmt":"2026-01-18T11:19:29","guid":{"rendered":"https:\/\/www.cpplus.si\/izdelek\/cp-plus-cp-unc-vc41l5c-vmd-lq-cp-unc-vc41l5c-vmd-lq-4-0-mpix-venkovni-dome-ip-kamera-s-dualnim-prisvitem-starlight-h-265-wdr-a-mikrofonem\/"},"modified":"2026-02-20T12:58:33","modified_gmt":"2026-02-20T11:58:33","slug":"cp-plus-cp-unc-vc41l5c-vmd-lq-cp-unc-vc41l5c-vmd-lq-4-0-mpix-venkovni-dome-ip-kamera-s-dualnim-prisvitem-starlight-h-265-wdr-a-mikrofonem","status":"publish","type":"product","link":"https:\/\/www.cpplus.si\/fr\/izdelek\/cp-plus-cp-unc-vc41l5c-vmd-lq-cp-unc-vc41l5c-vmd-lq-4-0-mpix-venkovni-dome-ip-kamera-s-dualnim-prisvitem-starlight-h-265-wdr-a-mikrofonem\/","title":{"rendered":"CP PLUS CP-UNC-VC41L5C-VMD-LQ CP-UNC-VC41L5C-VMD-LQ  4.0 Mpix venkovn\u00ed dome IP kamera s du\u00e1ln\u00edm p\u0159\u00edsvitem, Starlight, H.265, WDR a mikrofonem"},"content":{"rendered":"<p>* 4.0 Mpix venkovn\u00ed dome IP kamera s du\u00e1ln\u00edm p\u0159\u00edsvitem, Starlight, H.265, WDR a mikrofonem *\u00a0Velmi kvalitn\u00ed sou\u010d\u00e1stkov\u00e1 z\u00e1kladna pro n\u00e1ro\u010dn\u00e9 vyu\u017eit\u00ed * 1\/2.7&#8243; 4.0 Mpix PS CMOS sn\u00edmac\u00ed \u010dip * IR p\u0159\u00edsvit a\u017e 50 m + voliteln\u00e9 b\u00edl\u00e9 LED sv\u011btlo a\u017e 30 m * ICR filter (day&#038;night), WDR (120dB), 3DNR, ROI, AWB, AGC, BLC, HLC * Podpora Micro SD a\u017e 512 GB * Nap\u00e1jen\u00ed PoE \/ DC 12 V * ONVIF S \/ G \/ T * Video komprese H.265 \/ H.264+ \/ H.264 \/ MJPEG * Rozli\u0161en\u00ed 4.0 Mpix (2688&#215;1520) p\u0159i 20 sn.\/s. * Podporuje quadruple stream * Pevn\u00fd objektiv 3.6 mm * \u00dahel z\u00e1b\u011bru H: 83\u00b0 * Vestav\u011bn\u00fd web server * CMS sw KVMS PRO Lite * Pokro\u010dil\u00e1 detekce ud\u00e1lost\u00ed (p\u0159ekro\u010den\u00ed \u010d\u00e1ry, vniknut\u00ed do oblasti, rozpozn\u00e1n\u00ed osoby \u010di vozidla, audio detekce) * Mobiln\u00ed aplikace CMOB * Stupe\u0148 kryt\u00ed IP67 &#038; IK10 * 1 x audio vstup, 1 x audio v\u00fdstup * 1 x vestav\u011bn\u00fd mikrofon * 1 x alarm vstup a 1 x alarm v\u00fdstup * Rozm\u011bry 110 x 110 x 95 mm * Hmotnost 390 g * Mont\u00e1\u017e ve t\u0159ech os\u00e1ch * Barva b\u00edlo-\u010dern\u00e1 * Materi\u00e1l kov * Podpora prohl\u00ed\u017ee\u010d\u016f IE, Edge, Chrome, Firefox * Spot\u0159eba max. 7.9 W *<\/p>\n<table class=\"product-specs\" style=\"border-collapse: collapse; width: 100%; margin-top: 10px;\">\n<tbody>\n<tr>\n<th style=\"text-align: left; padding: 6px; border: 1px solid #ddd;\">P\u0159ipojen\u00ed<\/th>\n<td style=\"padding: 6px; border: 1px solid #ddd;\">RJ-45 (10\/100 Base-T)<\/td>\n<\/tr>\n<tr>\n<th style=\"text-align: left; padding: 6px; border: 1px solid #ddd;\">Nap\u00e1jen\u00ed<\/th>\n<td style=\"padding: 6px; border: 1px solid #ddd;\">DC 12 V \/ PoE (802.3af)<\/td>\n<\/tr>\n<tr>\n<th style=\"text-align: left; padding: 6px; border: 1px solid #ddd;\">Provozn\u00ed teplota<\/th>\n<td style=\"padding: 6px; border: 1px solid #ddd;\">-40\u00b0C a\u017e 60\u00b0C<\/td>\n<\/tr>\n<tr>\n<th style=\"text-align: left; padding: 6px; border: 1px solid #ddd;\">Hmotnost NETTO EXPORT KG<\/th>\n<td style=\"padding: 6px; border: 1px solid #ddd;\">0.390<\/td>\n<\/tr>\n<tr>\n<th style=\"text-align: left; padding: 6px; border: 1px solid #ddd;\">V\u00fdrobce<\/th>\n<td style=\"padding: 6px; border: 1px solid #ddd;\">CP PLUS<\/td>\n<\/tr>\n<tr>\n<th style=\"text-align: left; padding: 6px; border: 1px solid #ddd;\">Rozpozn\u00e1n\u00ed osoby a vozidla (SMD)<\/th>\n<td style=\"padding: 6px; border: 1px solid #ddd;\">Ano<\/td>\n<\/tr>\n<tr>\n<th style=\"text-align: left; padding: 6px; border: 1px solid #ddd;\">Alarm<\/th>\n<td style=\"padding: 6px; border: 1px solid #ddd;\">1x alarm vstup, 1x alarm v\u00fdstup<\/td>\n<\/tr>\n<tr>\n<th style=\"text-align: left; padding: 6px; border: 1px solid #ddd;\">Audio<\/th>\n<td style=\"padding: 6px; border: 1px solid #ddd;\">1x audio vstup, 1x audio v\u00fdstup, 1x vestav\u011bn\u00fd mikrofon<\/td>\n<\/tr>\n<tr>\n<th style=\"text-align: left; padding: 6px; border: 1px solid #ddd;\">Elektronick\u00e1 z\u00e1v\u011brka<\/th>\n<td style=\"padding: 6px; border: 1px solid #ddd;\">Automaticky \/ ru\u010dn\u011b, 1\/3 s. &#8211; 1\/100000 s.<\/td>\n<\/tr>\n<tr>\n<th style=\"text-align: left; padding: 6px; border: 1px solid #ddd;\">ICR (filtr den\/noc)<\/th>\n<td style=\"padding: 6px; border: 1px solid #ddd;\">Automatick\u00e9 ICR, barevn\u011b, \u010dernob\u00edle<\/td>\n<\/tr>\n<tr>\n<th style=\"text-align: left; padding: 6px; border: 1px solid #ddd;\">IR p\u0159\u00edsvit<\/th>\n<td style=\"padding: 6px; border: 1px solid #ddd;\">IR p\u0159\u00edsvit a\u017e 50 m + voliteln\u00e9 b\u00edl\u00e9 LED sv\u011btlo a\u017e 30 m<\/td>\n<\/tr>\n<tr>\n<th style=\"text-align: left; padding: 6px; border: 1px solid #ddd;\">Kompenzace protisv\u011btla<\/th>\n<td style=\"padding: 6px; border: 1px solid #ddd;\">BLC \/ HLC \/ WDR (120dB)<\/td>\n<\/tr>\n<tr>\n<th style=\"text-align: left; padding: 6px; border: 1px solid #ddd;\">Minim\u00e1ln\u00ed hodnota osv\u011btlen\u00ed<\/th>\n<td style=\"padding: 6px; border: 1px solid #ddd;\">Barevn\u011b: 0.001 lux @ F 1.4, \u010dernob\u00edle: 0.0001 lux @ F 1.4, 0 lux (IR zapnuto)<\/td>\n<\/tr>\n<tr>\n<th style=\"text-align: left; padding: 6px; border: 1px solid #ddd;\">Objektiv<\/th>\n<td style=\"padding: 6px; border: 1px solid #ddd;\">3.6 mm , \u00fahel z\u00e1b\u011bru H: 83\u00b0<\/td>\n<\/tr>\n<tr>\n<th style=\"text-align: left; padding: 6px; border: 1px solid #ddd;\">Pixely<\/th>\n<td style=\"padding: 6px; border: 1px solid #ddd;\">2688&#215;1520, ROI 4 m\u00edsta zv\u00fd\u0161en\u00e9ho z\u00e1jmu (extra kvalita)<\/td>\n<\/tr>\n<tr>\n<th style=\"text-align: left; padding: 6px; border: 1px solid #ddd;\">Pokro\u010dil\u00e1 detekce ud\u00e1lost\u00ed<\/th>\n<td style=\"padding: 6px; border: 1px solid #ddd;\">Rozpozn\u00e1n\u00ed osoby \u010di vozidla, p\u0159ekro\u010den\u00ed linie, vniknut\u00ed, detekce audia<\/td>\n<\/tr>\n<tr>\n<th style=\"text-align: left; padding: 6px; border: 1px solid #ddd;\">Rozli\u0161en\u00ed<\/th>\n<td style=\"padding: 6px; border: 1px solid #ddd;\">4.0 Mpix (2688 x 1520, 2560 \u00d7 1440), 3.0 Mpix (2304 \u00d7 1296), 2.0 Mpix (1920 \u00d7 1080), 1.3 Mpix (1280 \u00d7 960), 720p (1280 \u00d7 720), D1 (704 \u00d7 576 \/ 704 \u00d7 480), VGA (640 \u00d7 480), CIF (352 \u00d7 288 \/ 352 \u00d7 240)<\/td>\n<\/tr>\n<tr>\n<th style=\"text-align: left; padding: 6px; border: 1px solid #ddd;\">Soukrom\u00e9 z\u00f3ny<\/th>\n<td style=\"padding: 6px; border: 1px solid #ddd;\">A\u017e 4 \u00fazem\u00ed<\/td>\n<\/tr>\n<tr>\n<th style=\"text-align: left; padding: 6px; border: 1px solid #ddd;\">Spot\u0159eba<\/th>\n<td style=\"padding: 6px; border: 1px solid #ddd;\">Maxim\u00e1ln\u011b 7.9 W<\/td>\n<\/tr>\n<tr>\n<th style=\"text-align: left; padding: 6px; border: 1px solid #ddd;\">Stupe\u0148 kryt\u00ed<\/th>\n<td style=\"padding: 6px; border: 1px solid #ddd;\">IP 67 &#038; IK 10<\/td>\n<\/tr>\n<tr>\n<th style=\"text-align: left; padding: 6px; border: 1px solid #ddd;\">U\u017eivatelsk\u00e9 \u00fa\u010dty<\/th>\n<td style=\"padding: 6px; border: 1px solid #ddd;\">Maxim\u00e1ln\u011b 20 u\u017eivatel\u016f<\/td>\n<\/tr>\n<\/tbody>\n<\/table>\n","protected":false},"excerpt":{"rendered":"<p>* 4.0 Mpix venkovn\u00ed dome IP kamera s du\u00e1ln\u00edm p\u0159\u00edsvitem, Starlight, H.265, WDR a mikrofonem *\u00a0Velmi kvalitn\u00ed sou\u010d\u00e1stkov\u00e1 z\u00e1kladna pro [&hellip;]<\/p>\n","protected":false},"featured_media":5356,"template":"","meta":{"site-sidebar-layout":"default","site-content-layout":"","ast-site-content-layout":"","site-content-style":"default","site-sidebar-style":"default","ast-global-header-display":"","ast-banner-title-visibility":"","ast-main-header-display":"","ast-hfb-above-header-display":"","ast-hfb-below-header-display":"","ast-hfb-mobile-header-display":"","site-post-title":"","ast-breadcrumbs-content":"","ast-featured-img":"","footer-sml-layout":"","theme-transparent-header-meta":"","adv-header-id-meta":"","stick-header-meta":"","header-above-stick-meta":"","header-main-stick-meta":"","header-below-stick-meta":"","astra-migrate-meta-layouts":"default","ast-page-background-enabled":"default","ast-page-background-meta":{"desktop":{"background-color":"var(--ast-global-color-5)","background-image":"","background-repeat":"repeat","background-position":"center center","background-size":"auto","background-attachment":"scroll","background-type":"","background-media":"","overlay-type":"","overlay-color":"","overlay-opacity":"","overlay-gradient":""},"tablet":{"background-color":"","background-image":"","background-repeat":"repeat","background-position":"center center","background-size":"auto","background-attachment":"scroll","background-type":"","background-media":"","overlay-type":"","overlay-color":"","overlay-opacity":"","overlay-gradient":""},"mobile":{"background-color":"","background-image":"","background-repeat":"repeat","background-position":"center center","background-size":"auto","background-attachment":"scroll","background-type":"","background-media":"","overlay-type":"","overlay-color":"","overlay-opacity":"","overlay-gradient":""}},"ast-content-background-meta":{"desktop":{"background-color":"var(--ast-global-color-4)","background-image":"","background-repeat":"repeat","background-position":"center center","background-size":"auto","background-attachment":"scroll","background-type":"","background-media":"","overlay-type":"","overlay-color":"","overlay-opacity":"","overlay-gradient":""},"tablet":{"background-color":"var(--ast-global-color-4)","background-image":"","background-repeat":"repeat","background-position":"center center","background-size":"auto","background-attachment":"scroll","background-type":"","background-media":"","overlay-type":"","overlay-color":"","overlay-opacity":"","overlay-gradient":""},"mobile":{"background-color":"var(--ast-global-color-4)","background-image":"","background-repeat":"repeat","background-position":"center center","background-size":"auto","background-attachment":"scroll","background-type":"","background-media":"","overlay-type":"","overlay-color":"","overlay-opacity":"","overlay-gradient":""}}},"product_brand":[383],"product_cat":[388],"product_tag":[],"class_list":{"0":"post-5372","1":"product","2":"type-product","3":"status-publish","4":"has-post-thumbnail","6":"product_brand-cp-plus","7":"product_cat-ip-sitove-kamery","8":"desktop-align-left","9":"tablet-align-left","10":"mobile-align-left","12":"first","13":"instock","14":"taxable","15":"shipping-taxable","16":"purchasable","17":"product-type-simple"},"translation":{"provider":"WPGlobus","version":"3.0.1","language":"fr","enabled_languages":["en","es","de","fr","ru"],"languages":{"en":{"title":true,"content":true,"excerpt":false},"es":{"title":false,"content":false,"excerpt":false},"de":{"title":false,"content":false,"excerpt":false},"fr":{"title":false,"content":false,"excerpt":false},"ru":{"title":false,"content":false,"excerpt":false}}},"_links":{"self":[{"href":"https:\/\/www.cpplus.si\/fr\/wp-json\/wp\/v2\/product\/5372","targetHints":{"allow":["GET"]}}],"collection":[{"href":"https:\/\/www.cpplus.si\/fr\/wp-json\/wp\/v2\/product"}],"about":[{"href":"https:\/\/www.cpplus.si\/fr\/wp-json\/wp\/v2\/types\/product"}],"wp:featuredmedia":[{"embeddable":true,"href":"https:\/\/www.cpplus.si\/fr\/wp-json\/wp\/v2\/media\/5356"}],"wp:attachment":[{"href":"https:\/\/www.cpplus.si\/fr\/wp-json\/wp\/v2\/media?parent=5372"}],"wp:term":[{"taxonomy":"product_brand","embeddable":true,"href":"https:\/\/www.cpplus.si\/fr\/wp-json\/wp\/v2\/product_brand?post=5372"},{"taxonomy":"product_cat","embeddable":true,"href":"https:\/\/www.cpplus.si\/fr\/wp-json\/wp\/v2\/product_cat?post=5372"},{"taxonomy":"product_tag","embeddable":true,"href":"https:\/\/www.cpplus.si\/fr\/wp-json\/wp\/v2\/product_tag?post=5372"}],"curies":[{"name":"wp","href":"https:\/\/api.w.org\/{rel}","templated":true}]}}