{"id":4395,"date":"2025-11-15T20:56:03","date_gmt":"2025-11-15T19:56:03","guid":{"rendered":"https:\/\/www.cpplus.si\/izdelek\/cp-plus-cp-usc-da50zl6c-ds-27125-0-mpix-venkovni-dome-kamera-4v1-s-ir-starlight-a-mikrofonem\/"},"modified":"2026-02-20T12:27:25","modified_gmt":"2026-02-20T11:27:25","slug":"cp-plus-cp-usc-da50zl6c-ds-2712-5-0-mpix-venkovni-dome-kamera-4v1-s-ir-starlight-a-mikrofonem","status":"publish","type":"product","link":"https:\/\/www.cpplus.si\/ru\/izdelek\/cp-plus-cp-usc-da50zl6c-ds-2712-5-0-mpix-venkovni-dome-kamera-4v1-s-ir-starlight-a-mikrofonem\/","title":{"rendered":"CP PLUS CP-USC-DA50ZL6C-DS-2712 5,0 Mpix zunanja kupolasta kamera 4v1 z IR, zvezdno svetlobo in mikrofonom"},"content":{"rendered":"<p>Zunanja kupolasta kamera 4v1 z IR osvetlitvijo, zvezdno svetlobo in vgrajenim mikrofonom * Senzor 1\/2,7&#8243;&#8221; PS CMOS 5,0 Mpix * Lo\u010dljivost do 5,0 Mpix. * Ob\u010dutljivost 0,02 luksa barvno pri F1,8 in 0 luksov \u010drno-belo (IR vklopljen) * Motoriziran objektiv 2.7-12 mm * kot H: lED, domet do 60 metrov &#8211; tehnologija Starlight (svetlej\u0161i no\u010dni posnetki) * ICR (dan\/no\u010d), AGC, AWB, 2DNR, BLC, HLC, WDR (120 dB) * Vgrajen mikrofon s koaksialnim prenosom skupaj z videom * Dimenzije 122 x 122 x 104 mm * Te\u017ea 580 g * Video izhod CVI + AHD + TVI + analogni (tovarni\u0161ki izhod je v HDCVI, za preklop na lo\u010dljivost 2 morate uporabiti meni HDCVI DVR ali gonilnik CP-PR-66.0 Mpix, kamera nima gonilnika na kablu ali lastnega stikala) * Barva bela * Material kovina + plastika * Napajanje DC12 V (+\/- 30 %) * IP67 * Triosna namestitev * Poraba energije najve\u010d 8,2 W (IR vklju\u010den) *<\/p>\n<table class=\"product-specs\" style=\"border-collapse: collapse; width: 100%; margin-top: 10px;\">\n<tbody>\n<tr>\n<th style=\"text-align: left; padding: 6px; border: 1px solid #ddd;\">Mo\u010d<\/th>\n<td style=\"padding: 6px; border: 1px solid #ddd;\">DC 12 V<\/td>\n<\/tr>\n<tr>\n<th style=\"text-align: left; padding: 6px; border: 1px solid #ddd;\">Teplota delovanja<\/th>\n<td style=\"padding: 6px; border: 1px solid #ddd;\">-40 \u00b0C do 60 \u00b0C<\/td>\n<\/tr>\n<tr>\n<th style=\"text-align: left; padding: 6px; border: 1px solid #ddd;\">Mere<\/th>\n<td style=\"padding: 6px; border: 1px solid #ddd;\">122 x 122 x 104 mm<\/td>\n<\/tr>\n<tr>\n<th style=\"text-align: left; padding: 6px; border: 1px solid #ddd;\">Vlaga<\/th>\n<td style=\"padding: 6px; border: 1px solid #ddd;\">0,580 kg<\/td>\n<\/tr>\n<tr>\n<th style=\"text-align: left; padding: 6px; border: 1px solid #ddd;\">\u010cista te\u017ea EXPORT KG<\/th>\n<td style=\"padding: 6px; border: 1px solid #ddd;\">0.580<\/td>\n<\/tr>\n<tr>\n<th style=\"text-align: left; padding: 6px; border: 1px solid #ddd;\">Producent<\/th>\n<td style=\"padding: 6px; border: 1px solid #ddd;\">CP PLUS<\/td>\n<\/tr>\n<tr>\n<th style=\"text-align: left; padding: 6px; border: 1px solid #ddd;\">AGC<\/th>\n<td style=\"padding: 6px; border: 1px solid #ddd;\">Automatski\/ro\u010dni<\/td>\n<\/tr>\n<tr>\n<th style=\"text-align: left; padding: 6px; border: 1px solid #ddd;\">Audio<\/th>\n<td style=\"padding: 6px; border: 1px solid #ddd;\">Vgrajen mikrofon (prenos standarda HDCVI po koaksialni cevi z videom)<\/td>\n<\/tr>\n<tr>\n<th style=\"text-align: left; padding: 6px; border: 1px solid #ddd;\">BLC (kompenzacija osvetlitve ozadja)<\/th>\n<td style=\"padding: 6px; border: 1px solid #ddd;\">Auto\/WDR (120dB), HLC, BLC<\/td>\n<\/tr>\n<tr>\n<th style=\"text-align: left; padding: 6px; border: 1px solid #ddd;\">Elektronski zaklop<\/th>\n<td style=\"padding: 6px; border: 1px solid #ddd;\">1\/25 s &#8211; 1\/100000 s.<\/td>\n<\/tr>\n<tr>\n<th style=\"text-align: left; padding: 6px; border: 1px solid #ddd;\">Filter ICR<\/th>\n<td style=\"padding: 6px; border: 1px solid #ddd;\">Automatski, barvni, \u010drno-beli<\/td>\n<\/tr>\n<tr>\n<th style=\"text-align: left; padding: 6px; border: 1px solid #ddd;\">osvetlitev IR<\/th>\n<td style=\"padding: 6px; border: 1px solid #ddd;\">osvetlitev do 60 metrov, pametna IR, tehnologija Starlight (svetlej\u0161i no\u010dni posnetki)<\/td>\n<\/tr>\n<tr>\n<th style=\"text-align: left; padding: 6px; border: 1px solid #ddd;\">Minimalna vrednost osvetlitve<\/th>\n<td style=\"padding: 6px; border: 1px solid #ddd;\">Barvno: 0,02 luksa pri F 1,8, \u010drno-bele: 0 luksov pri F 1,8 (IR vklopljen)<\/td>\n<\/tr>\n<tr>\n<th style=\"text-align: left; padding: 6px; border: 1px solid #ddd;\">Senzor<\/th>\n<td style=\"padding: 6px; border: 1px solid #ddd;\">1\/2,7-pal\u010dni PS CMOS s 5,0 megapiksli<\/td>\n<\/tr>\n<tr>\n<th style=\"text-align: left; padding: 6px; border: 1px solid #ddd;\">Potro\u0161ni\u0161ki izdelki<\/th>\n<td style=\"padding: 6px; border: 1px solid #ddd;\">Max. 8,2 W (IR on)<\/td>\n<\/tr>\n<tr>\n<th style=\"text-align: left; padding: 6px; border: 1px solid #ddd;\">Na\u010din delovanja<\/th>\n<td style=\"padding: 6px; border: 1px solid #ddd;\">IP 67<\/td>\n<\/tr>\n<tr>\n<th style=\"text-align: left; padding: 6px; border: 1px solid #ddd;\">Vogal okvirja &#8211; zaobljen<\/th>\n<td style=\"padding: 6px; border: 1px solid #ddd;\">Varifokalno ostrenje z motor\u010dkom<\/td>\n<\/tr>\n<tr>\n<th style=\"text-align: left; padding: 6px; border: 1px solid #ddd;\">Video pretakanje<\/th>\n<td style=\"padding: 6px; border: 1px solid #ddd;\">5,0 Mpix @ 20 fps, 4,0 Mpix @ 25 fps, 1080p @ 25 fps, CVBS 960H<\/td>\n<\/tr>\n<tr>\n<th style=\"text-align: left; padding: 6px; border: 1px solid #ddd;\">Video izhod<\/th>\n<td style=\"padding: 6px; border: 1px solid #ddd;\">kompozitni izhod 1,0 Vp-p (75\u03a9\/BNC), HD-AHD, HDTVI, HD-CVI, CVBS<\/td>\n<\/tr>\n<tr>\n<th style=\"text-align: left; padding: 6px; border: 1px solid #ddd;\">Bilance beline<\/th>\n<td style=\"padding: 6px; border: 1px solid #ddd;\">avtomatsko\/ro\u010dno<\/td>\n<\/tr>\n<tr>\n<th style=\"text-align: left; padding: 6px; border: 1px solid #ddd;\">Razmerje signal\/\u0161um<\/th>\n<td style=\"padding: 6px; border: 1px solid #ddd;\">ve\u010d kot 65 dB<\/td>\n<\/tr>\n<\/tbody>\n<\/table>\n","protected":false},"excerpt":{"rendered":"<p>Zunanja kupolasta kamera 4v1 z IR osvetlitvijo, zvezdno svetlobo in vgrajenim mikrofonom * Senzor 1\/2,7&#8243;&#8221; PS CMOS 5,0 Mpix * [&hellip;]<\/p>\n","protected":false},"featured_media":4396,"template":"","meta":{"site-sidebar-layout":"default","site-content-layout":"","ast-site-content-layout":"","site-content-style":"default","site-sidebar-style":"default","ast-global-header-display":"","ast-banner-title-visibility":"","ast-main-header-display":"","ast-hfb-above-header-display":"","ast-hfb-below-header-display":"","ast-hfb-mobile-header-display":"","site-post-title":"","ast-breadcrumbs-content":"","ast-featured-img":"","footer-sml-layout":"","theme-transparent-header-meta":"","adv-header-id-meta":"","stick-header-meta":"","header-above-stick-meta":"","header-main-stick-meta":"","header-below-stick-meta":"","astra-migrate-meta-layouts":"default","ast-page-background-enabled":"default","ast-page-background-meta":{"desktop":{"background-color":"var(--ast-global-color-5)","background-image":"","background-repeat":"repeat","background-position":"center center","background-size":"auto","background-attachment":"scroll","background-type":"","background-media":"","overlay-type":"","overlay-color":"","overlay-opacity":"","overlay-gradient":""},"tablet":{"background-color":"","background-image":"","background-repeat":"repeat","background-position":"center center","background-size":"auto","background-attachment":"scroll","background-type":"","background-media":"","overlay-type":"","overlay-color":"","overlay-opacity":"","overlay-gradient":""},"mobile":{"background-color":"","background-image":"","background-repeat":"repeat","background-position":"center center","background-size":"auto","background-attachment":"scroll","background-type":"","background-media":"","overlay-type":"","overlay-color":"","overlay-opacity":"","overlay-gradient":""}},"ast-content-background-meta":{"desktop":{"background-color":"var(--ast-global-color-4)","background-image":"","background-repeat":"repeat","background-position":"center center","background-size":"auto","background-attachment":"scroll","background-type":"","background-media":"","overlay-type":"","overlay-color":"","overlay-opacity":"","overlay-gradient":""},"tablet":{"background-color":"var(--ast-global-color-4)","background-image":"","background-repeat":"repeat","background-position":"center center","background-size":"auto","background-attachment":"scroll","background-type":"","background-media":"","overlay-type":"","overlay-color":"","overlay-opacity":"","overlay-gradient":""},"mobile":{"background-color":"var(--ast-global-color-4)","background-image":"","background-repeat":"repeat","background-position":"center center","background-size":"auto","background-attachment":"scroll","background-type":"","background-media":"","overlay-type":"","overlay-color":"","overlay-opacity":"","overlay-gradient":""}}},"product_brand":[383],"product_cat":[384,436,473],"product_tag":[],"class_list":{"0":"post-4395","1":"product","2":"type-product","3":"status-publish","4":"has-post-thumbnail","6":"product_brand-cp-plus","7":"product_cat-kamery-4v1","8":"product_cat-5-0-mpix-kamery-4v1","9":"product_cat-cp-plus2","10":"desktop-align-left","11":"tablet-align-left","12":"mobile-align-left","14":"first","15":"instock","16":"taxable","17":"shipping-taxable","18":"purchasable","19":"product-type-simple"},"translation":{"provider":"WPGlobus","version":"3.0.1","language":"ru","enabled_languages":["en","es","de","fr","ru"],"languages":{"en":{"title":true,"content":true,"excerpt":false},"es":{"title":false,"content":false,"excerpt":false},"de":{"title":false,"content":false,"excerpt":false},"fr":{"title":false,"content":false,"excerpt":false},"ru":{"title":false,"content":false,"excerpt":false}}},"_links":{"self":[{"href":"https:\/\/www.cpplus.si\/ru\/wp-json\/wp\/v2\/product\/4395","targetHints":{"allow":["GET"]}}],"collection":[{"href":"https:\/\/www.cpplus.si\/ru\/wp-json\/wp\/v2\/product"}],"about":[{"href":"https:\/\/www.cpplus.si\/ru\/wp-json\/wp\/v2\/types\/product"}],"wp:featuredmedia":[{"embeddable":true,"href":"https:\/\/www.cpplus.si\/ru\/wp-json\/wp\/v2\/media\/4396"}],"wp:attachment":[{"href":"https:\/\/www.cpplus.si\/ru\/wp-json\/wp\/v2\/media?parent=4395"}],"wp:term":[{"taxonomy":"product_brand","embeddable":true,"href":"https:\/\/www.cpplus.si\/ru\/wp-json\/wp\/v2\/product_brand?post=4395"},{"taxonomy":"product_cat","embeddable":true,"href":"https:\/\/www.cpplus.si\/ru\/wp-json\/wp\/v2\/product_cat?post=4395"},{"taxonomy":"product_tag","embeddable":true,"href":"https:\/\/www.cpplus.si\/ru\/wp-json\/wp\/v2\/product_tag?post=4395"}],"curies":[{"name":"wp","href":"https:\/\/api.w.org\/{rel}","templated":true}]}}