{"id":4957,"date":"2025-11-15T21:00:03","date_gmt":"2025-11-15T20:00:03","guid":{"rendered":"https:\/\/www.cpplus.si\/izdelek\/cp-plus-cp-unc-tc41zl6c-vmd-lq4-0-mpix-venkovni-ip-kamera-s-dualnim-prisvitem-wdr-starlight-a-mikrofonem\/"},"modified":"2026-04-22T12:13:29","modified_gmt":"2026-04-22T10:13:29","slug":"cp-plus-cp-unc-tc41zl6c-vmd-lq-4-0-mpix-venkovni-ip-kamera-s-dualnim-prisvitem-wdr-starlight-a-mikrofonem","status":"publish","type":"product","link":"https:\/\/www.cpplus.si\/ru\/izdelek\/cp-plus-cp-unc-tc41zl6c-vmd-lq-4-0-mpix-venkovni-ip-kamera-s-dualnim-prisvitem-wdr-starlight-a-mikrofonem\/","title":{"rendered":"CP PLUS CP-UNC-TC41ZL6C-VMD-LQ 4,0 Mpix zunanja kamera IP z dvojno osvetlitvijo, WDR, Starlight in mikrofonom"},"content":{"rendered":"<p>4.0 Mpix zunanja kompaktna IP-kamera z dvojno osvetlitvijo, Starlight, stiskanje H.265, WDR in mikrofonom * 1\/2,7-pal\u010dni senzorski \u010dip PS CMOS s 4,0 Mpix * IR-osvetlitev do 60 m + opcijska bela osvetlitev LED do 60 m * filter ICR (dan in no\u010d), WDR (120 dB), 3DNR, ROI, AWB, AGC, BLC, HLC * podpora Micro SD do 512 GB * napajanje PoE\/DC 12V * ONVIF S\/G\/T * stiskanje videa H.265 \/ H.264+ \/ H.264 \/ MJPEG * lo\u010dljivost 4,0 Mpix (2688&#215;1520) pri 25 sli\u010dicah na sekundo. * Podpira \u0161tirikratno pretakanje * Motoriziran varifokalni objektiv 2,7-13,5 mm * Kot H:* Vgrajen spletni stre\u017enik * CMS sw KVMS Pro lite * Napredno zaznavanje dogodkov (prehod linije, vdor na obmo\u010dje, zaznavanje oseb ali vozil, zaznavanje zvoka) * Mobilna aplikacija CMOB * Stopnja za\u0161\u010dite IP67 * 1 x zvo\u010dni vhod, 1 x zvo\u010dni izhod in 1 x vgrajeni mikrofon * 1 x alarmni vhod in 1 x alarmni izhod * Dimenzije 239 x 91 x 91 mm * Te\u017ea 740 g * Barva belo-\u010drna * Material kovina * Podpora za brskalnike IE, Edge, Chrome, Firefox * Poraba energije najve\u010d 12,7 W *<\/p>\n<table class=\"product-specs\" style=\"border-collapse: collapse; width: 100%; margin-top: 10px;\">\n<tbody>\n<tr>\n<th style=\"text-align: left; padding: 6px; border: 1px solid #ddd;\">Odkaz<\/th>\n<td style=\"padding: 6px; border: 1px solid #ddd;\">RJ-45 (10\/100 Mbps ethernet)<\/td>\n<\/tr>\n<tr>\n<th style=\"text-align: left; padding: 6px; border: 1px solid #ddd;\">Power<\/th>\n<td style=\"padding: 6px; border: 1px solid #ddd;\">DC 12 V \/ PoE (802.3af)<\/td>\n<\/tr>\n<tr>\n<th style=\"text-align: left; padding: 6px; border: 1px solid #ddd;\">Temperatura delovanja<\/th>\n<td style=\"padding: 6px; border: 1px solid #ddd;\">-30 \u00b0C do 60 \u00b0C<\/td>\n<\/tr>\n<tr>\n<th style=\"text-align: left; padding: 6px; border: 1px solid #ddd;\">Neto te\u017ea EXPORT KG<\/th>\n<td style=\"padding: 6px; border: 1px solid #ddd;\">0,740<\/td>\n<\/tr>\n<tr>\n<th style=\"text-align: left; padding: 6px; border: 1px solid #ddd;\">Producent<\/th>\n<td style=\"padding: 6px; border: 1px solid #ddd;\">CP PLUS<\/td>\n<\/tr>\n<tr>\n<th style=\"text-align: left; padding: 6px; border: 1px solid #ddd;\">Razpoznavanje oseb in vozil (SMD)<\/th>\n<td style=\"padding: 6px; border: 1px solid #ddd;\">Asi<\/td>\n<\/tr>\n<tr>\n<th style=\"text-align: left; padding: 6px; border: 1px solid #ddd;\">AGC<\/th>\n<td style=\"padding: 6px; border: 1px solid #ddd;\">avtomatski\/ro\u010dni<\/td>\n<\/tr>\n<tr>\n<th style=\"text-align: left; padding: 6px; border: 1px solid #ddd;\">Alarm<\/th>\n<td style=\"padding: 6px; border: 1px solid #ddd;\">1x alarmni vhod, 1x alarmni izhod<\/td>\n<\/tr>\n<tr>\n<th style=\"text-align: left; padding: 6px; border: 1px solid #ddd;\">Audio<\/th>\n<td style=\"padding: 6px; border: 1px solid #ddd;\">1x zvo\u010dni vhod, 1x zvo\u010dni izhod, 1x vgrajeni mikrofon<\/td>\n<\/tr>\n<tr>\n<th style=\"text-align: left; padding: 6px; border: 1px solid #ddd;\">Elektronski zaklop<\/th>\n<td style=\"padding: 6px; border: 1px solid #ddd;\">Automatski\/ro\u010dni, 1\/3 s &#8211; 1\/100000 s.<\/td>\n<\/tr>\n<tr>\n<th style=\"text-align: left; padding: 6px; border: 1px solid #ddd;\">ICR (dnevni\/no\u010dni filter)<\/th>\n<td style=\"padding: 6px; border: 1px solid #ddd;\">Samodejni ICR, barvni, \u010drno-beli<\/td>\n<\/tr>\n<tr>\n<th style=\"text-align: left; padding: 6px; border: 1px solid #ddd;\">osvetlitev IR<\/th>\n<td style=\"padding: 6px; border: 1px solid #ddd;\">Doseg do 60 metrov, dodatna bela lu\u010d LED z dosegom do 60 metrov, tehnologija Starlight (svetlej\u0161i no\u010dni posnetki)<\/td>\n<\/tr>\n<tr>\n<th style=\"text-align: left; padding: 6px; border: 1px solid #ddd;\">Kompenzacija svetlobe<\/th>\n<td style=\"padding: 6px; border: 1px solid #ddd;\">BLC\/HLC\/WDR (120 dB)<\/td>\n<\/tr>\n<tr>\n<th style=\"text-align: left; padding: 6px; border: 1px solid #ddd;\">Vrednost minimalne osvetlitve<\/th>\n<td style=\"padding: 6px; border: 1px solid #ddd;\">Color: 0,001 lux @ F 1,4, B&#038;W: 0 lux @ F 1,4 (IR on)<\/td>\n<\/tr>\n<tr>\n<th style=\"text-align: left; padding: 6px; border: 1px solid #ddd;\">Objektiv<\/th>\n<td style=\"padding: 6px; border: 1px solid #ddd;\">Motorizirana spremenljiva gori\u0161\u010dna razdalja 2,7-13,5 mm, zorni kot H: 97-28\u00b0<\/td>\n<\/tr>\n<tr>\n<th style=\"text-align: left; padding: 6px; border: 1px solid #ddd;\">Piksli<\/th>\n<td style=\"padding: 6px; border: 1px solid #ddd;\">2688&#215;1520, ROI 4 lokacije ve\u010djega interesa (dodatna kakovost)<\/td>\n<\/tr>\n<tr>\n<th style=\"text-align: left; padding: 6px; border: 1px solid #ddd;\">napredno zaznavanje dogodkov<\/th>\n<td style=\"padding: 6px; border: 1px solid #ddd;\">zaznavanje oseb ali vozil, sprememba prizori\u0161\u010da, zaznavanje zvoka, zaznavanje alarma, pre\u010dkanje \u010drte, vdor<\/td>\n<\/tr>\n<tr>\n<th style=\"text-align: left; padding: 6px; border: 1px solid #ddd;\">Resolucija<\/th>\n<td style=\"padding: 6px; border: 1px solid #ddd;\">4,0 Mpix (2688 \u00d7 1520), WQHD (2560 \u00d7 1440), 3,0 Mpix (2048 \u00d7 1536, 2304 \u00d7 1296), 1080p (1920 \u00d7 1080), 1,3 Mpix (1280 \u00d7 960), 720p (1280 \u00d7 720), D1 (704 \u00d7 576), VGA (640 \u00d7 480), CIF (352 \u00d7 288)<\/td>\n<\/tr>\n<tr>\n<th style=\"text-align: left; padding: 6px; border: 1px solid #ddd;\">Privatni prostori<\/th>\n<td style=\"padding: 6px; border: 1px solid #ddd;\">Do 4 obmo\u010dij<\/td>\n<\/tr>\n<tr>\n<th style=\"text-align: left; padding: 6px; border: 1px solid #ddd;\">Potro\u0161nja<\/th>\n<td style=\"padding: 6px; border: 1px solid #ddd;\">Maksimalno 12,7 W (IR vklopljen)<\/td>\n<\/tr>\n<tr>\n<th style=\"text-align: left; padding: 6px; border: 1px solid #ddd;\">Na\u010din delovanja<\/th>\n<td style=\"padding: 6px; border: 1px solid #ddd;\">IP 67<\/td>\n<\/tr>\n<\/tbody>\n<\/table>\n","protected":false},"excerpt":{"rendered":"<p>4.0 Mpix zunanja kompaktna IP-kamera z dvojno osvetlitvijo, Starlight, stiskanje H.265, WDR in mikrofonom * 1\/2,7-pal\u010dni senzorski \u010dip PS CMOS [&hellip;]<\/p>\n","protected":false},"featured_media":5435,"template":"","meta":{"site-sidebar-layout":"default","site-content-layout":"","ast-site-content-layout":"","site-content-style":"default","site-sidebar-style":"default","ast-global-header-display":"","ast-banner-title-visibility":"","ast-main-header-display":"","ast-hfb-above-header-display":"","ast-hfb-below-header-display":"","ast-hfb-mobile-header-display":"","site-post-title":"","ast-breadcrumbs-content":"","ast-featured-img":"","footer-sml-layout":"","theme-transparent-header-meta":"","adv-header-id-meta":"","stick-header-meta":"","header-above-stick-meta":"","header-main-stick-meta":"","header-below-stick-meta":"","astra-migrate-meta-layouts":"default","ast-page-background-enabled":"default","ast-page-background-meta":{"desktop":{"background-color":"var(--ast-global-color-5)","background-image":"","background-repeat":"repeat","background-position":"center center","background-size":"auto","background-attachment":"scroll","background-type":"","background-media":"","overlay-type":"","overlay-color":"","overlay-opacity":"","overlay-gradient":""},"tablet":{"background-color":"","background-image":"","background-repeat":"repeat","background-position":"center center","background-size":"auto","background-attachment":"scroll","background-type":"","background-media":"","overlay-type":"","overlay-color":"","overlay-opacity":"","overlay-gradient":""},"mobile":{"background-color":"","background-image":"","background-repeat":"repeat","background-position":"center center","background-size":"auto","background-attachment":"scroll","background-type":"","background-media":"","overlay-type":"","overlay-color":"","overlay-opacity":"","overlay-gradient":""}},"ast-content-background-meta":{"desktop":{"background-color":"var(--ast-global-color-4)","background-image":"","background-repeat":"repeat","background-position":"center center","background-size":"auto","background-attachment":"scroll","background-type":"","background-media":"","overlay-type":"","overlay-color":"","overlay-opacity":"","overlay-gradient":""},"tablet":{"background-color":"var(--ast-global-color-4)","background-image":"","background-repeat":"repeat","background-position":"center center","background-size":"auto","background-attachment":"scroll","background-type":"","background-media":"","overlay-type":"","overlay-color":"","overlay-opacity":"","overlay-gradient":""},"mobile":{"background-color":"var(--ast-global-color-4)","background-image":"","background-repeat":"repeat","background-position":"center center","background-size":"auto","background-attachment":"scroll","background-type":"","background-media":"","overlay-type":"","overlay-color":"","overlay-opacity":"","overlay-gradient":""}}},"product_brand":[383],"product_cat":[388,427],"product_tag":[],"class_list":{"0":"post-4957","1":"product","2":"type-product","3":"status-publish","4":"has-post-thumbnail","6":"product_brand-cp-plus","7":"product_cat-ip-sitove-kamery","8":"product_cat-4-0-mpix-ip-sitove-kamery","9":"desktop-align-left","10":"tablet-align-left","11":"mobile-align-left","13":"first","14":"instock","15":"taxable","16":"shipping-taxable","17":"purchasable","18":"product-type-simple"},"translation":{"provider":"WPGlobus","version":"3.0.1","language":"ru","enabled_languages":["en","es","de","fr","ru"],"languages":{"en":{"title":true,"content":true,"excerpt":false},"es":{"title":false,"content":false,"excerpt":false},"de":{"title":false,"content":false,"excerpt":false},"fr":{"title":false,"content":false,"excerpt":false},"ru":{"title":false,"content":false,"excerpt":false}}},"_links":{"self":[{"href":"https:\/\/www.cpplus.si\/ru\/wp-json\/wp\/v2\/product\/4957","targetHints":{"allow":["GET"]}}],"collection":[{"href":"https:\/\/www.cpplus.si\/ru\/wp-json\/wp\/v2\/product"}],"about":[{"href":"https:\/\/www.cpplus.si\/ru\/wp-json\/wp\/v2\/types\/product"}],"wp:featuredmedia":[{"embeddable":true,"href":"https:\/\/www.cpplus.si\/ru\/wp-json\/wp\/v2\/media\/5435"}],"wp:attachment":[{"href":"https:\/\/www.cpplus.si\/ru\/wp-json\/wp\/v2\/media?parent=4957"}],"wp:term":[{"taxonomy":"product_brand","embeddable":true,"href":"https:\/\/www.cpplus.si\/ru\/wp-json\/wp\/v2\/product_brand?post=4957"},{"taxonomy":"product_cat","embeddable":true,"href":"https:\/\/www.cpplus.si\/ru\/wp-json\/wp\/v2\/product_cat?post=4957"},{"taxonomy":"product_tag","embeddable":true,"href":"https:\/\/www.cpplus.si\/ru\/wp-json\/wp\/v2\/product_tag?post=4957"}],"curies":[{"name":"wp","href":"https:\/\/api.w.org\/{rel}","templated":true}]}}